{"id":1105,"date":"2017-02-09T01:13:23","date_gmt":"2017-02-09T01:13:23","guid":{"rendered":"http:\/\/cultura.guanajuato.gob.mx\/?page_id=1105"},"modified":"2019-01-24T17:38:44","modified_gmt":"2019-01-24T17:38:44","slug":"teatro-juarez","status":"publish","type":"page","link":"https:\/\/cultura.guanajuato.gob.mx\/index.php\/teatro-juarez\/","title":{"rendered":"Teatro Ju\u00e1rez"},"content":{"rendered":"<div class=\"wpb-content-wrapper\"><p>[vc_row][vc_column width=\u00bb2\/3&#8243;][vc_single_image image=\u00bb1193&#8243; img_size=\u00bbfull\u00bb add_caption=\u00bbyes\u00bb][\/vc_column][vc_column width=\u00bb1\/3&#8243;][vc_column_text]<\/p>\n<p style=\"text-align: justify;\">UBICACI\u00d3N<\/p>\n<p style=\"text-align: justify;\">El Teatro Ju\u00e1rez es uno de los recintos de su g\u00e9nero m\u00e1s bellos del pa\u00eds. Su edificaci\u00f3n inici\u00f3 en el a\u00f1o de 1873 bajo el auspicio del General Florencio Antill\u00f3n en los terrenos ocupados originalmente por el antiguo convento de San Diego de Alcal\u00e1, demolido en el a\u00f1o de 1861 como consecuencia de las Leyes de Reforma que entre otras cosas promovieron la desamortizaci\u00f3n de los bienes eclesi\u00e1sticos.<\/p>\n<p style=\"text-align: justify;\">La terrible agresi\u00f3n que sufri\u00f3 la ciudad con la p\u00e9rdida del primitivo convento dieguino fue agravada con la desafortunada fundaci\u00f3n del hotel Emporio, y a\u00f1os m\u00e1s tarde, parcialmente redimida cuando se decidi\u00f3 que en el arrasado lugar fuera construido un nuevo teatro, que a la postre se convertir\u00eda en el orgullo de los todos los guanajuatenses.<\/p>\n<p style=\"text-align: justify;\">No obstante que el teatro se levant\u00f3 como una significativa intrusi\u00f3n arquitect\u00f3nica en el entramado urbano de la poblaci\u00f3n, el acierto de su dise\u00f1o permiti\u00f3 resolver con escrupulosidad la relaci\u00f3n de su escala y proporci\u00f3n con el resto de los edificios colindantes, integrando un armonioso contexto arquitect\u00f3nico, no obstante la diferencia de lenguaje entre las extravagancias barrocas del templo de San Diego de Alcal\u00e1 en aparente antagonismo con la serena monumentalidad clasicista de que hace alarde el Teatro Ju\u00e1rez en su espl\u00e9ndido p\u00f3rtico, as\u00ed como en las ecl\u00e9cticas soluciones de sus espacios complementarios.<\/p>\n<p>[\/vc_column_text][\/vc_column][\/vc_row][vc_row][vc_column][vc_column_text]<\/p>\n<h4 style=\"text-align: justify;\"><span style=\"color: #00a4dc;\">PARA SABER M\u00c1S<\/span><\/h4>\n<p style=\"text-align: justify;\">(LA ORDEN DE LOS FRANCISCANOS DESCALZOS)<\/p>\n<p style=\"text-align: justify;\">Los Franciscanos Descalzos o Dieguinos, a quienes corresponde la fundaci\u00f3n del convento en el a\u00f1o de 1633, es una rama surgida por la reforma franciscana definida en 1517 con la <strong>Bula <em>Ite vos<\/em> <\/strong><strong>en la que<\/strong> Le\u00f3n X divide la Orden en dos grandes familias independientes: Hermanos menores observantes y hermanos menores conventuales o descalzos, cuya regla se caracteriz\u00f3 por el esp\u00edritu de pobreza, penitencia, minoridad y austeridad, circunstancia que se hace evidente en la severidad de los restos de la primitiva casa conventual expuestos en el peque\u00f1o claustro ubicado a un costado del teatro, as\u00ed como en las a\u00f1ejas y recias estructuras existentes en los niveles inferiores del mismo.<\/p>\n<p style=\"text-align: justify;\">EL EDIFICIO Y SU TIEMPO<\/p>\n<p style=\"text-align: justify;\">A lo largo de casi 31 a\u00f1os que dur\u00f3 su construcci\u00f3n, y en una sociedad donde el pensamiento era que ninguna poblaci\u00f3n que quisiera ser considerada importante podr\u00eda serlo sin contar con un buen teatro se materializa esta obra que resume en su estructura los preceptos arquitect\u00f3nicos propios de la \u00e9poca donde a la par del historicismo, se exploraba tambi\u00e9n la aplicaci\u00f3n de nuevas tecnolog\u00edas en las soluciones estructurales, as\u00ed como la presencia de un eclecticismo que a manera de transici\u00f3n, de alguna manera reflej\u00f3 en su momento la b\u00fasqueda de nuevos lenguajes para la arquitectura.<\/p>\n<p style=\"text-align: justify;\">En la construcci\u00f3n de este espl\u00e9ndido edificio sobresalen los nombres del ingeniero Alberto Malo y de Antonio Rivas Mercado, notable arquitecto con estudios en la Sorbona y en la Escuela de Bellas Artes de Paris, a cuya autor\u00eda se deben importantes construcciones realizadas durante el porfiriato destacando, entre otras, la c\u00e9lebre Columna de la Independencia en la Ciudad de M\u00e9xico.<\/p>\n<p style=\"text-align: justify;\">El eclecticismo del este edificio puede entenderse a trav\u00e9s de una muy afortunada yuxtaposici\u00f3n de estilos que van desde el depurado neocl\u00e1sico de su fachada hasta la fant\u00e1stica recreaci\u00f3n moz\u00e1rabe de su sala, sin dejar de lado la influencia francesa evidente en su elegante foyer que ostenta una amplia cubierta piramidal de acero y vidrier\u00eda a manera de mansarda (\u201cla ventana que se levanta por encima del tejado\u201d).<\/p>\n<p style=\"text-align: justify;\">Por tal raz\u00f3n, y despu\u00e9s de haber transcurrido m\u00e1s cien a\u00f1os desde su fundaci\u00f3n el Teatro Ju\u00e1rez todav\u00eda hoy sorprende con su ins\u00f3lita combinaci\u00f3n de materiales donde, a la par que el edificio tiende a la modernidad, de igual manera conserva su dignidad acad\u00e9mica al no querer despojarse de las influencias formales de estilos precedentes mimetiz\u00e1ndose en un muy afortunado di\u00e1logo con aquellas aportaciones que rompiendo esquemas, en su momento fueron vanguardia.<\/p>\n<h4 style=\"text-align: justify;\"><span style=\"color: #00a4dc;\">PARA SABER M\u00c1S<\/span><\/h4>\n<p style=\"text-align: justify;\">EL ECLECTISISMO<\/p>\n<p style=\"text-align: justify;\">La corriente art\u00edstica conocida como eclecticismo, fue una etapa de transici\u00f3n en la que los artistas se lanzaron a la b\u00fasqueda de nuevas propuestas a trav\u00e9s del uso de elementos de corrientes estil\u00edsticas del pasado, siendo la originalidad de su uso e interpretaci\u00f3n una de sus caracter\u00edsticas principales.<\/p>\n<p style=\"text-align: justify;\">Sin ser muy estrictos, este corriente estil\u00edstica abarca un periodo que va desde 1860 a 1920 distingui\u00e9ndose por el uso de varios lenguajes arquitect\u00f3nicos procedentes de estilos pasados y yuxtapuestos para dar cuerpo a una nueva forma de arquitectura, muchas veces coincidiendo con los movimientos de car\u00e1cter nacionalista o regionalista con que se identificaban algunos pa\u00edses.<\/p>\n<p style=\"text-align: justify;\">A diferencia del historicismo que se caracteriz\u00f3 por un apego estricto a las formas del pasado, el eclecticismo recurre a estas mismas formas pero combin\u00e1ndolas entre s\u00ed y en consecuencia, generando estructuras y composiciones de un novedoso discurso arquitect\u00f3nico.<\/p>\n<p style=\"text-align: justify;\">EL P\u00d3RTICO DE ACCESO<\/p>\n<p style=\"text-align: justify;\">En su proyecto original, el arquitecto Jos\u00e9 Mar\u00eda Noriega concibi\u00f3 el edificio trazando un espl\u00e9ndido p\u00f3rtico de estilo clasicista que metaf\u00f3ricamente ser\u00eda el reflejo de la opulencia guanajuatense del porfiriato. A\u00f1os m\u00e1s tarde el proyecto fue modificado por el arquitecto Antonio Rivas Mercado quien conservando la misma l\u00ednea estil\u00edstica resuelve el acceso a trav\u00e9s de un p\u00f3rtico compuesto por 12 columnas d\u00f3ricas de fuste estriado y capitel en bronce decorado con liras y grutescos. Se accede a \u00e9l por una escalinata flanqueada por balaustradas, y grandes faroles as\u00ed como por esculturas en bronce representando a dos leones sedentes, obras del afamado escultor porfiriano Jes\u00fas Contreras.<\/p>\n<p style=\"text-align: justify;\">Destaca en la composici\u00f3n arquitect\u00f3nica un generoso entablamento cuyo friso decorado con guirnaldas y mascarones de bronce, ostenta en su parte central la leyenda \u201cTeatro Ju\u00e1rez\u201d.<\/p>\n<p style=\"text-align: justify;\">Rematando el edificio se yergue una espl\u00e9ndida balaustrada en bronce que arm\u00f3nicamente alterna sendos pedestales labrados en canter\u00eda sobre los que se yerguen bell\u00edsimas esculturas de bronce con la representaci\u00f3n de ocho de las nueve musas griegas.<\/p>\n<h4 style=\"text-align: justify;\"><span style=\"color: #00a4dc;\">PARA SABER M\u00c1S<\/span><\/h4>\n<p style=\"text-align: justify;\">(LAS MUSAS GRIEGAS)<\/p>\n<p style=\"text-align: justify;\">Seg\u00fan la acepci\u00f3n m\u00e1s com\u00fan en la mitolog\u00eda griega, las Musas son las nueve hijas de Zeus y de Mnem\u00f3sine siendo adem\u00e1s divinidades inspiradoras que presid\u00edan los diferentes tipos de poes\u00eda, las artes y las ciencias.<br \/>\nLas nueve musas can\u00f3nicas son:<\/p>\n<ul style=\"text-align: justify;\">\n<li><a href=\"http:\/\/es.wikipedia.org\/wiki\/Cal%C3%ADope\"><strong>Cal\u00edope<\/strong><\/a>\u00a0, musa de la elocuencia, belleza y poes\u00eda \u00e9pica<\/li>\n<li><a href=\"http:\/\/es.wikipedia.org\/wiki\/Cl%C3%ADo\"><strong>Cl\u00edo<\/strong><\/a>, musa de la Historia<\/li>\n<li><strong><a href=\"http:\/\/es.wikipedia.org\/wiki\/Erato\">Erato<\/a>,\u00a0<\/strong>musa de la poes\u00eda l\u00edrica-amorosa<\/li>\n<li><strong><a href=\"http:\/\/es.wikipedia.org\/wiki\/Euterpe\">Euterpe<\/a>,\u00a0<\/strong>musa de la m\u00fasica, especialmente del arte de tocar la flauta.<\/li>\n<li><strong><a href=\"http:\/\/es.wikipedia.org\/wiki\/Melp%C3%B3mene\">Melp\u00f3mene<\/a>,\u00a0<\/strong>musa de la tragedia.<\/li>\n<li><strong><a href=\"http:\/\/es.wikipedia.org\/wiki\/Polimnia\">Polimnia<\/a>,\u00a0<\/strong>musa de los cantos sagrados y la poes\u00eda sacra<\/li>\n<li><strong><a href=\"http:\/\/es.wikipedia.org\/wiki\/Tal%C3%ADa\">Tal\u00eda<\/a>,\u00a0<\/strong>musa de la comedia y de la poes\u00eda buc\u00f3lica.<\/li>\n<li><strong><a href=\"http:\/\/es.wikipedia.org\/wiki\/Terps%C3%ADcore\">Terps\u00edcore<\/a>,\u00a0<\/strong>musa de la danza y poes\u00eda coral.<\/li>\n<li><strong><a href=\"http:\/\/es.wikipedia.org\/wiki\/Urania\">Urania<\/a>,\u00a0<\/strong>musa de la astronom\u00eda, poes\u00eda did\u00e1ctica y las ciencias exactas.<\/li>\n<\/ul>\n<p style=\"text-align: justify;\">Para su representaci\u00f3n escult\u00f3rica y pict\u00f3rica, el arte <a href=\"http:\/\/es.wikipedia.org\/wiki\/Imperio_romano\">romano<\/a>, <a href=\"http:\/\/es.wikipedia.org\/wiki\/Renacimiento\">renacentista<\/a> y <a href=\"http:\/\/es.wikipedia.org\/wiki\/Neoclasicismo\">neocl\u00e1sico<\/a> otorg\u00f3 diferentes atributos y actitudes a cada una de las nueve Musas en funci\u00f3n de la disciplina art\u00edstica o cient\u00edfica con la que eran asociadas.<\/p>\n<h4 style=\"text-align: justify;\"><span style=\"color: #00a4dc;\">PARA SABER M\u00c1S<\/span><\/h4>\n<p style=\"text-align: justify;\">(\u00bfQuien fue Jes\u00fas Contreras?)<\/p>\n<p style=\"text-align: justify;\">Destacado escultor mexicano nacido el 20 de enero de 1866 en la ciudad de Aguascalientes que desde edad muy temprana destac\u00f3 por sus habilidades art\u00edsticas lo que hizo posible que a los 17 a\u00f1os fuera becado para estudiar escultura en Paris. A los 22 a\u00f1os regresa a M\u00e9xico contando con un gran apoyo de parte del gobierno de Porfirio D\u00edas quien le encarga la realizaci\u00f3n de importantes proyectos como la escultura de Cuauht\u00e9moc ubicada en el Paseo de la Reforma en la Ciudad de M\u00e9xico, la escultura de Benito Ju\u00e1rez en Chihuahua, escultura de Ignacio Zaragoza en Puebla, la estatua del general Jes\u00fas Gonz\u00e1lez Ortega en Zacatecas y el monumento a la Paz en la ciudad de Guanajuato.<\/p>\n<p style=\"text-align: justify;\">Muy probablemente su obra m\u00e1s c\u00e9lebre sea la escultura conocida como \u201cMalgr\u00e9 Tout\u201d que significa \u201cA pesar de todo\u201d creada en el a\u00f1o de 1880. Jes\u00fas Contreras muere el 13 de julio de 1902 contando apenas con 36 a\u00f1os.<\/p>\n<p style=\"text-align: justify;\">EL VEST\u00cdBULO<\/p>\n<p style=\"text-align: justify;\">Es un bell\u00edsimo espacio conformado por de 12 columnas libres con fuste liso, dispuestas en cuatro grupos sosteniendo una cubierta resuelta por una interesant\u00edsima estructura de acero y cristal que sin duda constituy\u00f3 una proeza constructiva para su tiempo. La variedad y calidad de los elementos arquitect\u00f3nicos dispuestos en esta \u00e1rea vestibular, aunado al paso de luz proveniente del domo del segundo nivel confieren a este espacio una personalidad \u00fanica ya que asocia con sorprendente virtud las influencias estil\u00edsticas asociadas al academismo, sin renuncia de los preceptos y posibilidades constructivas ofertadas por la \u201cmodernidad\u201d.<\/p>\n<p style=\"text-align: justify;\">Destacan tambi\u00e9n por su dise\u00f1o y excelente factura, los estupendos canceles de carpinter\u00eda y enrejados de hierro, as\u00ed como los dos grandes nichos dispuestos entre las puertas de acceso en las que se aprecian sendas esculturas de bronce representando j\u00f3venes mancebos.<\/p>\n<p style=\"text-align: justify;\">LA CANTINA<\/p>\n<p style=\"text-align: justify;\">Constituyendo un espacio que merece ser apreciado por la belleza y calidad de su dise\u00f1o, la cantina es sin duda, una de las obras de ebanister\u00eda mejor logradas con que cuenta el inmueble. Su espl\u00e9ndido mobiliario de madera labrada incluye barra, contra-barra, estanter\u00eda y alacenas articuladas por espejos y cristaler\u00eda como parte de su elaborado dise\u00f1o y composici\u00f3n.<\/p>\n<p style=\"text-align: justify;\">Se accede a ella a trav\u00e9s de un vano resuelto por canceles de madera y cristal franc\u00e9s que cubren los intercolumnios generados por un par de sobrias columnas de orden toscano labradas en cantera verde.<\/p>\n<p style=\"text-align: justify;\">En su origen el espacio de la cantina estuvo reservado de manera exclusiva para los asistentes del sexo masculino que prefer\u00edan un sitio menos concurrido que el foyer para establecer o reforzar los lazos de relaci\u00f3n social.<\/p>\n<p style=\"text-align: justify;\">LA ESCALERA DE HONOR<\/p>\n<p style=\"text-align: justify;\">Con una estructura totalmente realizada en acero, la escalera de honor se compone de cinco rampas y tres descansos; la rampa central o de arranque contiene diecis\u00e9is escalones flanqueados por balaustradas met\u00e1licas; desde ella se accede al primer descanso donde la rampa se divide para, a trav\u00e9s de las cuatro rampas restantes, acceder al sal\u00f3n foyer y a sus espacios complementarios.<\/p>\n<p style=\"text-align: justify;\">Destaca en el \u00e1rea de los descansos la disposici\u00f3n de dos espl\u00e9ndidas esculturas de m\u00e1rmol que representan alegor\u00edas de la danza y la m\u00fasica. Presidiendo el cubo de escalera, se encuentra la monumental pintura de caballete cuyo tema es el escudo de armas otorgado a la poblaci\u00f3n de Guanajuato por Felipe V con motivo de la cesi\u00f3n del rango de Muy Noble y Leal Ciudad, en cuyo campo se dispuso de la representaci\u00f3n aleg\u00f3rica de la Santa Fe en alusi\u00f3n al nombre del Real de Minas.<\/p>\n<h4 style=\"text-align: justify;\"><span style=\"color: #00a4dc;\">PARA SABER M\u00c1S<\/span><\/h4>\n<p style=\"text-align: justify;\">Escudo de armas de Guanajuato<\/p>\n<p style=\"text-align: justify;\">Otorgado por Felipe V en ocasi\u00f3n de la cesi\u00f3n del rango de Muy Noble y Leal Ciudad al antiguo Real de Minas de Santa Fe; El escudo de armas destaca por contener una representaci\u00f3n aleg\u00f3rica de la Santa Fe, representada por una mujer que sostiene en sus manos un c\u00e1liz y una cruz, con los ojos vendados en alusi\u00f3n a que no es menester ver para creer siendo esta una de las tres virtudes teologales: fe, esperanza y caridad.<\/p>\n<p style=\"text-align: justify;\">La figura est\u00e1 inscrita en un campo de oro simbolizando nobleza, magnanimidad y pureza de sentimientos adem\u00e1s de la riqueza y abundancia de metales preciosos de la regi\u00f3n. Destaca la integraci\u00f3n de la corona Real de Castilla como remate del escudo cuyo significado es la grandeza. La composici\u00f3n se sostiene sobre una peana de la que surgen hojas de laureles que simbolizan la victoria y en la parte superior, hojas de acanto sosteniendo la corona y aludiendo a la fidelidad.<\/p>\n<p style=\"text-align: justify;\">LA SALA DE ESPECT\u00c1CULOS<\/p>\n<p style=\"text-align: justify;\">Esta bell\u00edsima sala responde en su decoraci\u00f3n a uno de los estilos historicistas denominado Neo mud\u00e9jar, mismo que en el momento de construcci\u00f3n del teatro fue ampliamente empleado en M\u00e9xico con el nombre de \u201carte \u00e1rabe\u201d.<\/p>\n<p style=\"text-align: justify;\">La masiva utilizaci\u00f3n de este estilo es evidente en cada uno de los elementos de la sala, destacando en las luminarias, la decoraci\u00f3n de los plafones y por supuesto, en el monumental arco morisco o de herradura que abraza con singular belleza al espacio del proscenio. Menci\u00f3n especial merece el plaf\u00f3n que cubre la superficie de la sala que a manera de artesonado ostenta una profusa decoraci\u00f3n geom\u00e9trica con dise\u00f1o de arabescos del que pende un enorme candil de dise\u00f1o extraordinario resuelto en una estrella de seis picos, s\u00edmbolo caracter\u00edstico del pueblo jud\u00edo que confirma el car\u00e1cter ecl\u00e9ctico de este recinto.<\/p>\n<p style=\"text-align: justify;\">La planta de la sala responde a la tipolog\u00eda conocida como \u201cherradura\u201d, cuyo lado recto es ocupado por el proscenio proyectando hacia atr\u00e1s la superficie del escenario. La sala se estructura en varios niveles delimitados con art\u00edsticos barandales de hierro, dispuestos para cada una de las clases sociales: lunetas, tertulias y plateas ocupando la superficie de la planta baja; los palcos est\u00e1n organizados en tres niveles: primeros, segundos y terceros y finalmente la galer\u00eda.<\/p>\n<h4 style=\"text-align: justify;\"><span style=\"color: #00a4dc;\">PARA SABER M\u00c1S<\/span><\/h4>\n<p style=\"text-align: justify;\">(EL ESTILO NEOMUD\u00c9JAR)<\/p>\n<p style=\"text-align: justify;\">El neomud\u00e9jar es un estilo art\u00edstico y arquitect\u00f3nico que se desarroll\u00f3 principalmente en la Pen\u00ednsula Ib\u00e9rica a finales del siglo XIX y principios del XX enmarcado en la corriente historicista que a nivel internacional revivi\u00f3 estilos del pasado dando lugar al neorom\u00e1nico, neog\u00f3tico, el neobrarroco, y en M\u00e9xico, incluso el neoindigenista, cuya lectura es evidente en varios motivos decorativos en el Palacio de Bellas Artes.<\/p>\n<p style=\"text-align: justify;\">El estilo neomud\u00e9jar se asoci\u00f3 especialmente a construcciones de car\u00e1cter festivo y de ocio teniendo como caracter\u00edsticas m\u00e1s destacadas la utilizaci\u00f3n del <a href=\"http:\/\/enciclopedia.us.es\/index.php\/Ladrillo\">ladrillo<\/a> como elemento principal constructivo as\u00ed como el uso decorativo de motivos isl\u00e1micos como los distintivos arcos de herradura y los elaborados arabescos de lazos, rombos, y otras composiciones geom\u00e9tricas incorporados como elementos de estilo hispano- musulm\u00e1n en clara referencia al estilo mud\u00e9jar desarrollado en los reinos cristianos de la Pen\u00ednsula Ib\u00e9rica durante los siglos XII al XVI como una yuxtaposici\u00f3n de las corrientes art\u00edsticas cristianas como el rom\u00e1nico, el g\u00f3tico y renacentista con las corrientes art\u00edsticas musulmanas presentes en ese lugar y \u00e9poca.<\/p>\n<p style=\"text-align: justify;\">EL EDIFICIO COMO HITO URBANO<\/p>\n<p style=\"text-align: justify;\">Desde su inauguraci\u00f3n el 27 de octubre de 1903, el Teatro Ju\u00e1rez se ha constituido como una referencia urbana que en sus primeros a\u00f1os respondi\u00f3 tambi\u00e9n a la necesidad de la burgues\u00eda porfiriana de verse y ser vista en un auto convencimiento de prosperidad y paz social.<\/p>\n<p style=\"text-align: justify;\">El edificio contiene entre sus valores el ser un fehaciente testimonio de las etapas hist\u00f3ricas durante las que fue construido donde, a la par que testimonia la b\u00fasqueda de los nuevos derroteros arquitect\u00f3nicos y el uso de materiales \u201cmodernos\u201d, el teatro atendi\u00f3 como hasta ahora, la muy noble vocaci\u00f3n de ser escenario de las m\u00e1s elevadas manifestaciones art\u00edsticas y culturales ocupando un lugar preponderante entre los edificios de su g\u00e9nero, no solo en nuestro pa\u00eds, sino en Am\u00e9rica Latina.<\/p>\n<p>[\/vc_column_text][\/vc_column][\/vc_row][vc_row][vc_column width=\u00bb1\/4&#8243;][vc_wp_custommenu title=\u00bbM\u00e1s Cultura\u2026\u00bb nav_menu=\u00bb4&#8243;][\/vc_column][vc_column width=\u00bb1\/4&#8243;][\/vc_column][\/vc_row]<\/p>\n<\/div>","protected":false},"excerpt":{"rendered":"<p>[vc_row][vc_column width=\u00bb2\/3&#8243;][vc_single_image image=\u00bb1193&#8243; img_size=\u00bbfull\u00bb add_caption=\u00bbyes\u00bb][\/vc_column][vc_column width=\u00bb1\/3&#8243;][vc_column_text] UBICACI\u00d3N El Teatro Ju\u00e1rez es uno de los recintos de su g\u00e9nero m\u00e1s bellos del pa\u00eds. Su edificaci\u00f3n inici\u00f3 en el a\u00f1o de 1873 [&hellip;]<\/p>\n","protected":false},"author":4,"featured_media":0,"parent":0,"menu_order":0,"comment_status":"closed","ping_status":"closed","template":"","meta":{"footnotes":""},"class_list":["post-1105","page","type-page","status-publish","hentry"],"_links":{"self":[{"href":"https:\/\/cultura.guanajuato.gob.mx\/index.php\/wp-json\/wp\/v2\/pages\/1105","targetHints":{"allow":["GET"]}}],"collection":[{"href":"https:\/\/cultura.guanajuato.gob.mx\/index.php\/wp-json\/wp\/v2\/pages"}],"about":[{"href":"https:\/\/cultura.guanajuato.gob.mx\/index.php\/wp-json\/wp\/v2\/types\/page"}],"author":[{"embeddable":true,"href":"https:\/\/cultura.guanajuato.gob.mx\/index.php\/wp-json\/wp\/v2\/users\/4"}],"replies":[{"embeddable":true,"href":"https:\/\/cultura.guanajuato.gob.mx\/index.php\/wp-json\/wp\/v2\/comments?post=1105"}],"version-history":[{"count":16,"href":"https:\/\/cultura.guanajuato.gob.mx\/index.php\/wp-json\/wp\/v2\/pages\/1105\/revisions"}],"predecessor-version":[{"id":3091,"href":"https:\/\/cultura.guanajuato.gob.mx\/index.php\/wp-json\/wp\/v2\/pages\/1105\/revisions\/3091"}],"wp:attachment":[{"href":"https:\/\/cultura.guanajuato.gob.mx\/index.php\/wp-json\/wp\/v2\/media?parent=1105"}],"curies":[{"name":"wp","href":"https:\/\/api.w.org\/{rel}","templated":true}]}}