{"id":1113,"date":"2017-02-09T01:22:11","date_gmt":"2017-02-09T01:22:11","guid":{"rendered":"http:\/\/cultura.guanajuato.gob.mx\/?page_id=1113"},"modified":"2017-02-09T16:48:57","modified_gmt":"2017-02-09T16:48:57","slug":"leer-provoca","status":"publish","type":"page","link":"https:\/\/cultura.guanajuato.gob.mx\/index.php\/leer-provoca\/","title":{"rendered":"Leer Provoca"},"content":{"rendered":"<div class=\"wpb-content-wrapper\"><p>[vc_row][vc_column width=\u00bb1\/4&#8243;][vc_single_image image=\u00bb1215&#8243; img_size=\u00bbmedium\u00bb add_caption=\u00bbyes\u00bb][\/vc_column][vc_column width=\u00bb1\/2&#8243;][vc_column_text]<b>Leer Provoca<\/b> es una campa\u00f1a de fomento a la lectura que da apoyo a las acciones de formaci\u00f3n, investigaci\u00f3n, promoci\u00f3n, difusi\u00f3n e infraestructura que comprenden la Cruzada Estatal por la Lectura. El objetivo principal de Leer Provoca es favorecer encuentros significativos entre los guanajuatenses y el \u00e1mbito literario como medio para promover y difundir el gusto y aprecio por la lectura.<\/p>\n<p>Adem\u00e1s, <b>Leer Provoca<\/b> busca impulsar la labor de los bibliotecarios del estado como promotores de la lectura, fortalecer la cobertura de las actividades en ese \u00e1mbito, mejorar los medios de distribuci\u00f3n de los libros de Ediciones La Rana para ponerlos al alcance de los lectores, y fortalecer la infraestructura bibliotecaria.<\/p>\n<p>Por otro lado, la Cruzada Estatal por la Lectura pretende transformar el concepto de biblioteca como espacio exclusivo de consulta para dar paso a centros de desarrollo de nuevas habilidades informativas de educaci\u00f3n y cultura.<\/p>\n<p>En esta cruzada, el IEC y la Universidad de Guanajuato unen esfuerzos y actividades para buscar abatir en nuestra entidad el rezago en esta materia.<\/p>\n<p><b>Leer provoca<\/b> involucra a todas las casas de la cultura del estado, al igual que a todas las bibliotecas y un ej\u00e9rcito de narradores orales en lo referente a las actividades de difusi\u00f3n y promoci\u00f3n, que incluyen actividades de animaci\u00f3n, jornadas estatales de lectura, distribuci\u00f3n de Ediciones La Rana para facilitar el acceso a la oferta editorial, una campa\u00f1a permanente a favor de los h\u00e1bitos de la lectura y la difusi\u00f3n de la Colecci\u00f3n infantil de Editorial La Rana, iniciando con la difusi\u00f3n en todo el estado del libro \u201cLa nueva orden del Padzahr\u201d, de la escritora guanajuatense Sherezade Abigdal\u00ed. A estas actividades de fomento, capacitaci\u00f3n, y difusi\u00f3n se destinaron para 2008 cerca de un mill\u00f3n de pesos.<\/p>\n<div class=\"txt-leer\">\n<div class=\"tit-leer\">Narradores orales<\/div>\n<p>Como parte de las actividades de la campa\u00f1a de fomento de la lectura Leer provoca, el Instituto Estatal de la Cultura ha realizado 250 funciones de narradores orales en 50 bibliotecas del estado y otras 154 funciones en igual n\u00famero de escuelas del nivel b\u00e1sico.<\/p>\n<p>Adem\u00e1s se han realizado talleres de narraci\u00f3n oral para bibliotecarios en cuatro municipios, y a narradores de casas de cultura en cinco municipios, con lo que se ha capacitado a 82 personas, de las que 20 ya est\u00e1n realizando narraciones orales en bibliotecas p\u00fablicas del estado.<\/p>\n<p>Por otra parte, en el Encuentro Internacional de Narradores Orales de la Feria Nacional del Libo de Le\u00f3n 2008 (FeNal), se realizaron sesiones de narraci\u00f3n en las instalaciones del Polif\u00f3rum y la biblioteca Central Estatal, adem\u00e1s de talleres de capacitaci\u00f3n dirigidos a narradores y bibliotecarios del estado.<\/p>\n<p>Asimismo, durante el Primer Festival Internacional de la Oralidad, con sede en Celaya, acudieron 2 mil 560 universitarios de cuatro municipios y 16 mil 444 alumnos de educaci\u00f3n b\u00e1sica de 26 escuelas. En 2009 se pretende duplicar estas cifras.<\/p>\n<p>A ra\u00edz de estas labores, el IEC y sus narradores orales han abierto espacios en diversos municipios, como en Celaya, donde cada 15 d\u00eda se lleva a cabo \u201cAbra palabra, la magia de los cuentos\u201d, o en Salamanca, con \u201cQu\u00e9 te cuento\u201d y \u201cLos cuentos de Santa Clara\u201d, que se realizan cada 15 d\u00edas y cada mes, respectivamente.<\/p>\n<\/div>\n<div class=\"txt-leer\">\n<div class=\"tit-leer2\">Ediciones La Rana<\/div>\n<p>A trav\u00e9s de Ediciones La Rana se est\u00e1 incrementando el acervo de las bibliotecas estatales. En cada biblioteca va a haber un Rinc\u00f3n de La Rana. En promedio, cada paquete de libros de los Rincones de La Rana tiene un costo de 19 mil pesos. Al final del a\u00f1o se espera haber abierto 50 Rincones de La Rana en igual n\u00famero de bibliotecas, con un monto econ\u00f3mico total de 950 mil pesos.<\/p>\n<\/div>\n<div class=\"txt-leer\">\n<div class=\"tit-leer\">Infraestructura<\/div>\n<p>En el terreno del fortalecimiento de infraestructura el IEC ha destinado para 2008 un total de 14 millones 400 mil pesos para la construcci\u00f3n de 12 nuevas bibliotecas, cada una de las cuales presupuestada en un mill\u00f3n 200 mil pesos.<\/p>\n<p>Durante 2007, el IEC destin\u00f3 4 millones 800 mil pesos para la construcci\u00f3n de seis bibliotecas. En 2008 se duplic\u00f3 el n\u00famero de espacios para construcci\u00f3n y se increment\u00f3 en 50% el presupuesto destinado para cada uno de ellos.<\/p>\n<p>Guanajuato tiene actualmente 154 bibliotecas en todo el estado. Para abatir este rezago, el IEC se ha trazado por meta que al final de esta administraci\u00f3n se hayan construido 60 nuevas bibliotecas, que sumar\u00edan la meta final de 207 bibliotecas en todo el estado a finales de 2012.<\/p>\n<\/div>\n<p>[\/vc_column_text][\/vc_column][vc_column width=\u00bb1\/4&#8243;][vc_wp_custommenu nav_menu=\u00bb2&#8243;][\/vc_column][\/vc_row][vc_row][vc_column width=\u00bb1\/4&#8243;][vc_wp_custommenu title=\u00bbOtros espacios de cultura\u00bb nav_menu=\u00bb4&#8243;][\/vc_column][vc_column width=\u00bb1\/4&#8243;][vc_wp_custommenu title=\u00bbLugares de inter\u00e9s\u00bb nav_menu=\u00bb5&#8243;][\/vc_column][vc_column width=\u00bb1\/4&#8243;][\/vc_column][vc_column width=\u00bb1\/4&#8243;][\/vc_column][\/vc_row]<\/p>\n<\/div>","protected":false},"excerpt":{"rendered":"<p>[vc_row][vc_column width=\u00bb1\/4&#8243;][vc_single_image image=\u00bb1215&#8243; img_size=\u00bbmedium\u00bb add_caption=\u00bbyes\u00bb][\/vc_column][vc_column width=\u00bb1\/2&#8243;][vc_column_text]Leer Provoca es una campa\u00f1a de fomento a la lectura que da apoyo a las acciones de formaci\u00f3n, investigaci\u00f3n, promoci\u00f3n, difusi\u00f3n e infraestructura que comprenden [&hellip;]<\/p>\n","protected":false},"author":4,"featured_media":0,"parent":0,"menu_order":0,"comment_status":"closed","ping_status":"closed","template":"","meta":{"footnotes":""},"class_list":["post-1113","page","type-page","status-publish","hentry"],"_links":{"self":[{"href":"https:\/\/cultura.guanajuato.gob.mx\/index.php\/wp-json\/wp\/v2\/pages\/1113","targetHints":{"allow":["GET"]}}],"collection":[{"href":"https:\/\/cultura.guanajuato.gob.mx\/index.php\/wp-json\/wp\/v2\/pages"}],"about":[{"href":"https:\/\/cultura.guanajuato.gob.mx\/index.php\/wp-json\/wp\/v2\/types\/page"}],"author":[{"embeddable":true,"href":"https:\/\/cultura.guanajuato.gob.mx\/index.php\/wp-json\/wp\/v2\/users\/4"}],"replies":[{"embeddable":true,"href":"https:\/\/cultura.guanajuato.gob.mx\/index.php\/wp-json\/wp\/v2\/comments?post=1113"}],"version-history":[{"count":3,"href":"https:\/\/cultura.guanajuato.gob.mx\/index.php\/wp-json\/wp\/v2\/pages\/1113\/revisions"}],"predecessor-version":[{"id":1216,"href":"https:\/\/cultura.guanajuato.gob.mx\/index.php\/wp-json\/wp\/v2\/pages\/1113\/revisions\/1216"}],"wp:attachment":[{"href":"https:\/\/cultura.guanajuato.gob.mx\/index.php\/wp-json\/wp\/v2\/media?parent=1113"}],"curies":[{"name":"wp","href":"https:\/\/api.w.org\/{rel}","templated":true}]}}