{"id":1150,"date":"2017-02-09T02:02:53","date_gmt":"2017-02-09T02:02:53","guid":{"rendered":"http:\/\/cultura.guanajuato.gob.mx\/?page_id=1150"},"modified":"2018-10-22T17:59:43","modified_gmt":"2018-10-22T17:59:43","slug":"plazuelas","status":"publish","type":"page","link":"https:\/\/cultura.guanajuato.gob.mx\/index.php\/plazuelas\/","title":{"rendered":"Plazuelas"},"content":{"rendered":"<div class=\"wpb-content-wrapper\"><p>[vc_row][vc_column width=\u00bb2\/3&#8243;][vc_single_image image=\u00bb1145&#8243; img_size=\u00bbfull\u00bb][\/vc_column][vc_column width=\u00bb1\/3&#8243;][vc_column_text]<\/p>\n<p style=\"text-align: justify;\">En las estribaciones sure\u00f1as de la sierra de P\u00e9njamo, al suroeste de la sierra de Guanajuato, se hallan los vestigios de una de las ciudades m\u00e1s complejas de esta regi\u00f3n. Concebida como un espacio abierto y en relaci\u00f3n directa con los cerros, Plazuelas sobresale por su integraci\u00f3n al paisaje, edific\u00e1ndose cuidadosamente para no romper el orden de su entorno. La ocupaci\u00f3n de este sitio se dio entre 450 y 900 d.C., periodo en el que el territorio del actual estado de Guanajuato alcanz\u00f3 su mayor densidad de poblaci\u00f3n.<\/p>\n<h3 style=\"text-align: justify;\">C\u00f3mo llegar a Plazuelas<\/h3>\n<p style=\"text-align: justify;\">Tome la carretera federal 90, tramo Irapuato-La Piedad. Aproximadamente a 12 kil\u00f3metros de P\u00e9njamo, se encuentra la desviaci\u00f3n a San Juan el Alto Plazuelas.<\/p>\n<p style=\"text-align: justify;\">En su viaje puede tambi\u00e9n disfrutar del centro hist\u00f3rico de P\u00e9njamo, la hacienda Corralejo, la Tequilera Corralejo, el Fuerte de Los Remedios en la bella sierra de P\u00e9njamo, as\u00ed como del balneario de Ojo de Agua Churipitzeo.<\/p>\n<p style=\"text-align: justify;\">Plazuelas sobresale por su integraci\u00f3n al paisaje, edific\u00e1ndose cuidadosamente para no romper el orden de su entorno.<\/p>\n<p class=\"p1\"><span class=\"s1\"><strong>Horarios de visita:\u00a0<\/strong><\/span><span class=\"s1\">Martes a Domingo:\u00a010:00\u00a0a 18:00 hrs.\u00a0<\/span>(ultimo recorrido a las 17:00 horas, ya que el recorrido dura aproximadamente una\u00a0hora).<\/p>\n<p class=\"p1\"><strong>Cuotas de recuperaci\u00f3n: $<\/strong>39 para mayores de 12 a\u00f1os. $12 para mayores de 5 y menores de 12 a\u00f1os.<\/p>\n<h2 class=\"p1\">\u00a1Visitanos!<\/h2>\n<p>[\/vc_column_text][vc_column_text]<\/p>\n<h3><a href=\"https:\/\/cultura.guanajuato.gob.mx\/index.php\/zonas-arqueologicas\/\">Regresa a Zonas Arqueol\u00f3gicas &gt;<\/a><\/h3>\n<p>[\/vc_column_text][\/vc_column][\/vc_row][vc_row][vc_column][vc_gmaps link=\u00bb#E-8_JTNDaWZyYW1lJTIwc3JjJTNEJTIyaHR0cHMlM0ElMkYlMkZ3d3cuZ29vZ2xlLmNvbSUyRm1hcHMlMkZlbWJlZCUzRnBiJTNEJTIxMW0xOCUyMTFtMTIlMjExbTMlMjExZDM3MzkuNDc2MTkzNjUwMDM2JTIxMmQtMTAxLjgyOTAwMTA4NDU2MDI5JTIxM2QyMC40MDQ0NzYwODYzMzk4OCUyMTJtMyUyMTFmMCUyMTJmMCUyMTNmMCUyMTNtMiUyMTFpMTAyNCUyMTJpNzY4JTIxNGYxMy4xJTIxM20zJTIxMW0yJTIxMXMweDg0MmMxMTMzNWU1OTVjMGIlMjUzQTB4ZDM1YThhOTc2ZGYxZWJmOCUyMTJzWm9uYSUyQkFycXVlb2wlMjVDMyUyNUIzZ2ljYSUyQlBsYXp1ZWxhcyUyMTVlMCUyMTNtMiUyMTFzZXMtNDE5JTIxMnNteCUyMTR2MTQ4NjYwNzQzMDMxNiUyMiUyMHdpZHRoJTNEJTIyNjAwJTIyJTIwaGVpZ2h0JTNEJTIyNDUwJTIyJTIwZnJhbWVib3JkZXIlM0QlMjIwJTIyJTIwc3R5bGUlM0QlMjJib3JkZXIlM0EwJTIyJTIwYWxsb3dmdWxsc2NyZWVuJTNFJTNDJTJGaWZyYW1lJTNF\u00bb][\/vc_column][\/vc_row][vc_row][vc_column width=\u00bb1\/4&#8243;][vc_wp_custommenu title=\u00bbM\u00e1s Cultura\u2026\u00bb nav_menu=\u00bb4&#8243;][\/vc_column][vc_column width=\u00bb1\/4&#8243;][vc_wp_custommenu title=\u00bbLugares de inter\u00e9s\u00bb nav_menu=\u00bb5&#8243;][\/vc_column][vc_column width=\u00bb1\/4&#8243;][\/vc_column][vc_column width=\u00bb1\/4&#8243;][vc_wp_custommenu nav_menu=\u00bb2&#8243;][\/vc_column][\/vc_row]<\/p>\n<\/div>","protected":false},"excerpt":{"rendered":"<p>[vc_row][vc_column width=\u00bb2\/3&#8243;][vc_single_image image=\u00bb1145&#8243; img_size=\u00bbfull\u00bb][\/vc_column][vc_column width=\u00bb1\/3&#8243;][vc_column_text] En las estribaciones sure\u00f1as de la sierra de P\u00e9njamo, al suroeste de la sierra de Guanajuato, se hallan los vestigios de una de las ciudades [&hellip;]<\/p>\n","protected":false},"author":4,"featured_media":1145,"parent":0,"menu_order":0,"comment_status":"closed","ping_status":"closed","template":"","meta":{"footnotes":""},"class_list":["post-1150","page","type-page","status-publish","hentry"],"_links":{"self":[{"href":"https:\/\/cultura.guanajuato.gob.mx\/index.php\/wp-json\/wp\/v2\/pages\/1150","targetHints":{"allow":["GET"]}}],"collection":[{"href":"https:\/\/cultura.guanajuato.gob.mx\/index.php\/wp-json\/wp\/v2\/pages"}],"about":[{"href":"https:\/\/cultura.guanajuato.gob.mx\/index.php\/wp-json\/wp\/v2\/types\/page"}],"author":[{"embeddable":true,"href":"https:\/\/cultura.guanajuato.gob.mx\/index.php\/wp-json\/wp\/v2\/users\/4"}],"replies":[{"embeddable":true,"href":"https:\/\/cultura.guanajuato.gob.mx\/index.php\/wp-json\/wp\/v2\/comments?post=1150"}],"version-history":[{"count":19,"href":"https:\/\/cultura.guanajuato.gob.mx\/index.php\/wp-json\/wp\/v2\/pages\/1150\/revisions"}],"predecessor-version":[{"id":2890,"href":"https:\/\/cultura.guanajuato.gob.mx\/index.php\/wp-json\/wp\/v2\/pages\/1150\/revisions\/2890"}],"wp:featuredmedia":[{"embeddable":true,"href":"https:\/\/cultura.guanajuato.gob.mx\/index.php\/wp-json\/wp\/v2\/media\/1145"}],"wp:attachment":[{"href":"https:\/\/cultura.guanajuato.gob.mx\/index.php\/wp-json\/wp\/v2\/media?parent=1150"}],"curies":[{"name":"wp","href":"https:\/\/api.w.org\/{rel}","templated":true}]}}