{"id":1164,"date":"2017-02-09T02:23:20","date_gmt":"2017-02-09T02:23:20","guid":{"rendered":"http:\/\/cultura.guanajuato.gob.mx\/?page_id=1164"},"modified":"2018-10-22T17:58:09","modified_gmt":"2018-10-22T17:58:09","slug":"coporo","status":"publish","type":"page","link":"https:\/\/cultura.guanajuato.gob.mx\/index.php\/coporo\/","title":{"rendered":"C\u00f3poro"},"content":{"rendered":"<div class=\"wpb-content-wrapper\"><p>[vc_row][vc_column width=\u00bb2\/3&#8243;][vc_single_image image=\u00bb1165&#8243; img_size=\u00bbfull\u00bb add_caption=\u00bbyes\u00bb][\/vc_column][vc_column width=\u00bb1\/3&#8243;][vc_column_text]<\/p>\n<p style=\"text-align: justify;\">Este importante asentamiento prehisp\u00e1nico, habitado entre 500 y 900 d.C., se encuentra sobre las estribaciones al poniente de la sierra de Santa B\u00e1rbara y pr\u00f3ximo a la comunidad de San Jos\u00e9 del Torre\u00f3n, en el actual municipio de Ocampo, al noreste del estado de Guanajuato, sobre la antigua frontera septentrional de Mesoam\u00e9rica. El asentamiento se compone de distintos espacios arquitect\u00f3nicos que sugieren, junto con los objetos de cer\u00e1mica y las herramientas en piedra, una afinidad con la regi\u00f3n del Tunal Grande en San Luis Potos\u00ed y fuertes v\u00ednculos con los asentamientos prehisp\u00e1nicos de Zacatecas, Jalisco y el baj\u00edo guanajuatense.<\/p>\n<h3 style=\"text-align: justify;\">C\u00f3mo llegar al C\u00f3poro<\/h3>\n<p style=\"text-align: justify;\">Desde Le\u00f3n, tome la carretera hacia San Felipe (carretera 87) hasta llegar al entronque San Felipe\/Ocampo. Contin\u00fae hacia Ocampo. Al llegar a Ibarra (a la altura de la caseta de polic\u00eda), gire a la derecha y tome la calle principal que atraviesa la comunidad. Contin\u00fae hasta llegar al entronque Cabras\/El Torre\u00f3n. Gire a la izquierda (direcci\u00f3n El Torre\u00f3n). El centro de atenci\u00f3n a visitantes de la zona arqueol\u00f3gica se encontrar\u00e1 a 4 kil\u00f3metros m\u00e1s adelante.<\/p>\n<p style=\"text-align: justify;\">Desde Ocampo, tome la carretera hacia Le\u00f3n. Aproximadamente a 13 kil\u00f3metros de la cabecera municipal se encuentra la desviaci\u00f3n hacia El Torre\u00f3n. Ah\u00ed gire a la izquierda y contin\u00fae hasta dar con el centro de atenci\u00f3n a visitantes de la zona arqueol\u00f3gica, el cual se encontrar\u00e1 a 6 kil\u00f3metros m\u00e1s adelante.<\/p>\n<p style=\"text-align: justify;\">El C\u00f3poro evoca las reminiscencias del paisaje que pudieron observar sus antiguos habitantes.<\/p>\n<p>[\/vc_column_text][vc_column_text]<\/p>\n<p class=\"p1\"><span class=\"s1\"><strong>Horarios de visita:\u00a0<\/strong><\/span><span class=\"s1\">Martes a Domingo:\u00a010:00\u00a0a 18:00 hrs.\u00a0<\/span>(ultimo recorrido a las 16:00 horas, ya que el recorrido dura aproximadamente m\u00e1s de dos horas).<\/p>\n<p class=\"p1\"><strong>Cuotas de recuperaci\u00f3n: $<\/strong>39 para mayores de 12 a\u00f1os. $12 para mayores de 5 y menores de 12 a\u00f1os.<\/p>\n<h2 class=\"p1\">\u00a1Visitanos!<\/h2>\n<p>[\/vc_column_text][vc_column_text]<\/p>\n<h3><a href=\"https:\/\/cultura.guanajuato.gob.mx\/index.php\/zonas-arqueologicas\/\">Regresa a Zonas Arqueol\u00f3gicas &gt;<\/a><\/h3>\n<p>[\/vc_column_text][\/vc_column][\/vc_row][vc_row][vc_column][vc_gmaps link=\u00bb#E-8_JTNDaWZyYW1lJTIwc3JjJTNEJTIyaHR0cHMlM0ElMkYlMkZ3d3cuZ29vZ2xlLmNvbSUyRm1hcHMlMkZlbWJlZCUzRnBiJTNEJTIxMW0xOCUyMTFtMTIlMjExbTMlMjExZDM3MTIuODI2NDAzNDc2NzkzJTIxMmQtMTAxLjQ1ODQwNzY4NDU0NiUyMTNkMjEuNDc1MzI3MDg1NzU4MTUlMjEybTMlMjExZjAlMjEyZjAlMjEzZjAlMjEzbTIlMjExaTEwMjQlMjEyaTc2OCUyMTRmMTMuMSUyMTNtMyUyMTFtMiUyMTFzMHg4NDJhNTM0Nzg1ZjEyN2E3JTI1M0EweDIwMmE1ZGRhMTUzODBlZmUlMjEyc0VsJTJCQyUyNUMzJTI1QjNwb3JvJTIxNWUwJTIxM20yJTIxMXNlcy00MTklMjEyc214JTIxNHYxNDg2NjA2ODEzMDM4JTIyJTIwd2lkdGglM0QlMjI2MDAlMjIlMjBoZWlnaHQlM0QlMjI0NTAlMjIlMjBmcmFtZWJvcmRlciUzRCUyMjAlMjIlMjBzdHlsZSUzRCUyMmJvcmRlciUzQTAlMjIlMjBhbGxvd2Z1bGxzY3JlZW4lM0UlM0MlMkZpZnJhbWUlM0U=\u00bb][\/vc_column][\/vc_row][vc_row][vc_column width=\u00bb1\/4&#8243;][vc_wp_custommenu title=\u00bbM\u00e1s Cultura\u2026\u00bb nav_menu=\u00bb4&#8243;][\/vc_column][vc_column width=\u00bb1\/4&#8243;][vc_wp_custommenu title=\u00bbLugares de inter\u00e9s\u00bb nav_menu=\u00bb5&#8243;][\/vc_column][vc_column width=\u00bb1\/4&#8243;][\/vc_column][vc_column width=\u00bb1\/4&#8243;][\/vc_column][\/vc_row]<\/p>\n<\/div>","protected":false},"excerpt":{"rendered":"<p>[vc_row][vc_column width=\u00bb2\/3&#8243;][vc_single_image image=\u00bb1165&#8243; img_size=\u00bbfull\u00bb add_caption=\u00bbyes\u00bb][\/vc_column][vc_column width=\u00bb1\/3&#8243;][vc_column_text] Este importante asentamiento prehisp\u00e1nico, habitado entre 500 y 900 d.C., se encuentra sobre las estribaciones al poniente de la sierra de Santa B\u00e1rbara y [&hellip;]<\/p>\n","protected":false},"author":4,"featured_media":0,"parent":0,"menu_order":0,"comment_status":"closed","ping_status":"closed","template":"","meta":{"footnotes":""},"class_list":["post-1164","page","type-page","status-publish","hentry"],"_links":{"self":[{"href":"https:\/\/cultura.guanajuato.gob.mx\/index.php\/wp-json\/wp\/v2\/pages\/1164","targetHints":{"allow":["GET"]}}],"collection":[{"href":"https:\/\/cultura.guanajuato.gob.mx\/index.php\/wp-json\/wp\/v2\/pages"}],"about":[{"href":"https:\/\/cultura.guanajuato.gob.mx\/index.php\/wp-json\/wp\/v2\/types\/page"}],"author":[{"embeddable":true,"href":"https:\/\/cultura.guanajuato.gob.mx\/index.php\/wp-json\/wp\/v2\/users\/4"}],"replies":[{"embeddable":true,"href":"https:\/\/cultura.guanajuato.gob.mx\/index.php\/wp-json\/wp\/v2\/comments?post=1164"}],"version-history":[{"count":6,"href":"https:\/\/cultura.guanajuato.gob.mx\/index.php\/wp-json\/wp\/v2\/pages\/1164\/revisions"}],"predecessor-version":[{"id":2889,"href":"https:\/\/cultura.guanajuato.gob.mx\/index.php\/wp-json\/wp\/v2\/pages\/1164\/revisions\/2889"}],"wp:attachment":[{"href":"https:\/\/cultura.guanajuato.gob.mx\/index.php\/wp-json\/wp\/v2\/media?parent=1164"}],"curies":[{"name":"wp","href":"https:\/\/api.w.org\/{rel}","templated":true}]}}