{"id":1167,"date":"2017-02-09T02:26:19","date_gmt":"2017-02-09T02:26:19","guid":{"rendered":"http:\/\/cultura.guanajuato.gob.mx\/?page_id=1167"},"modified":"2022-08-29T22:40:07","modified_gmt":"2022-08-29T22:40:07","slug":"canada-de-la-virgen","status":"publish","type":"page","link":"https:\/\/cultura.guanajuato.gob.mx\/index.php\/canada-de-la-virgen\/","title":{"rendered":"Ca\u00f1ada de la Virgen"},"content":{"rendered":"<div class=\"wpb-content-wrapper\"><p>[vc_row][vc_column width=\u00bb2\/3&#8243;][vc_single_image image=\u00bb1168&#8243; img_size=\u00bbfull\u00bb add_caption=\u00bbyes\u00bb][\/vc_column][vc_column width=\u00bb1\/3&#8243;][vc_column_text]<\/p>\n<p style=\"text-align: justify;\">La zona arqueol\u00f3gica Ca\u00f1ada de la Virgen, ubicada en el municipio de San Miguel de Allende, es un asentamiento prehisp\u00e1nico enclavado en la frontera septentrional de Mesoam\u00e9rica, cuyos principales monumentos se utilizaron para realizar observaciones del cielo. Su traza urbana refleja los ciclos c\u00f3smicos a los que se vinculaba la vida de grupos de agricultores que tambi\u00e9n practicaron la recolecci\u00f3n y la cacer\u00eda de las regiones semides\u00e9rticas aleda\u00f1as e intercambiaron con otras regiones mesoamericanas objetos utilizados en actividades rituales.<\/p>\n<p style=\"text-align: justify;\">Su posici\u00f3n defensiva, desde la que se domina visualmente la cuenca central del r\u00edo Laja, indica tambi\u00e9n la importancia ritual del lugar. El apogeo de este sitio tuvo lugar entre los a\u00f1os 600 y 900 d.C., situ\u00e1ndose en el Epicl\u00e1sico mesoamericano.<\/p>\n<h3 style=\"text-align: justify;\">C\u00f3mo llegar a Ca\u00f1ada de la Virgen<\/h3>\n<p style=\"text-align: justify;\">Desde San Miguel de Allende, tome la carretera que va a Celaya hasta el entronque con la carretera 51 para seguir en direcci\u00f3n de Guanajuato. Despu\u00e9s de pasar a un lado de la presa Ignacio Allende y m\u00e1s tarde por la comunidad de Agust\u00edn Gonz\u00e1lez, a pocos minutos encontrar\u00e1 indicado el acceso a la zona arqueol\u00f3gica (kil\u00f3metro 10+800 de la carretera 51).<\/p>\n<p style=\"text-align: justify;\">Desde Guanajuato, tome la carretera 110 hacia Juventino Rosas hasta el entronque con la carretera 51 (a la altura Don Sebasti\u00e1n) para seguir en direcci\u00f3n de San Miguel de Allende. Contin\u00fae por la 51 hasta llegar al kil\u00f3metro 10+800, donde se indica el acceso a la zona arqueol\u00f3gica.<\/p>\n<p style=\"text-align: justify;\">Su traza urbana refleja los ciclos c\u00f3smicos a los que se vinculaba la vida de grupos de agricultores que tambi\u00e9n practicaron la recolecci\u00f3n y la cacer\u00eda<\/p>\n<p>[\/vc_column_text][vc_column_text]<\/p>\n<p class=\"p1\"><span class=\"s1\"><strong>Horarios de visita:\u00a0<\/strong><\/span><span class=\"s1\">Martes a Domingo:\u00a010:00\u00a0a 18:00 hrs.\u00a0<\/span>(ultimo recorrido a las 16:00 horas, ya que el recorrido dura aproximadamente m\u00e1s de dos horas).<\/p>\n<p class=\"p1\"><strong>Cuotas de recuperaci\u00f3n: <\/strong>$70 para mayores de 12 a\u00f1os. $20 para mayores de 5 y menores de 12 a\u00f1os.<\/p>\n<h2 class=\"p1\">\u00a1Visitanos!<\/h2>\n<p>[\/vc_column_text][vc_column_text]<\/p>\n<h3><a href=\"https:\/\/cultura.guanajuato.gob.mx\/index.php\/zonas-arqueologicas\/\">Regresa a Zonas Arqueol\u00f3gicas &gt;<\/a><\/h3>\n<p>[\/vc_column_text][\/vc_column][\/vc_row][vc_row][vc_column][vc_gmaps link=\u00bb#E-8_JTNDaWZyYW1lJTIwc3JjJTNEJTIyaHR0cHMlM0ElMkYlMkZ3d3cuZ29vZ2xlLmNvbSUyRm1hcHMlMkZlbWJlZCUzRnBiJTNEJTIxMW0xOCUyMTFtMTIlMjExbTMlMjExZDM3MjguMzQxMzM1MTExNzk4MyUyMTJkLTEwMC45MzA0OTI1ODQ1NTQzMiUyMTNkMjAuODU4Mjg3ODg2MDkwOTk1JTIxMm0zJTIxMWYwJTIxMmYwJTIxM2YwJTIxM20yJTIxMWkxMDI0JTIxMmk3NjglMjE0ZjEzLjElMjEzbTMlMjExbTIlMjExczB4ODQyYjVjMzZmMjk3MjI4NyUyNTNBMHhhMmIxOWJlYzNjMzY1YzQlMjEyc0NhJTI1QzMlMjVCMWFkYSUyQmRlJTJCbGElMkJWaXJnZW4lMjE1ZTAlMjEzbTIlMjExc2VzLTQxOSUyMTJzbXglMjE0djE0ODY2MDcxMTk0NzklMjIlMjB3aWR0aCUzRCUyMjYwMCUyMiUyMGhlaWdodCUzRCUyMjQ1MCUyMiUyMGZyYW1lYm9yZGVyJTNEJTIyMCUyMiUyMHN0eWxlJTNEJTIyYm9yZGVyJTNBMCUyMiUyMGFsbG93ZnVsbHNjcmVlbiUzRSUzQyUyRmlmcmFtZSUzRQ==\u00bb][\/vc_column][\/vc_row][vc_row][vc_column width=\u00bb1\/4&#8243;][vc_wp_custommenu title=\u00bbM\u00e1s Cultura\u2026\u00bb nav_menu=\u00bb4&#8243;][\/vc_column][vc_column width=\u00bb1\/4&#8243;][vc_wp_custommenu title=\u00bbLugares de inter\u00e9s\u00bb nav_menu=\u00bb5&#8243;][\/vc_column][vc_column width=\u00bb1\/4&#8243;][\/vc_column][vc_column width=\u00bb1\/4&#8243;][\/vc_column][\/vc_row]<\/p>\n<\/div>","protected":false},"excerpt":{"rendered":"<p>[vc_row][vc_column width=\u00bb2\/3&#8243;][vc_single_image image=\u00bb1168&#8243; img_size=\u00bbfull\u00bb add_caption=\u00bbyes\u00bb][\/vc_column][vc_column width=\u00bb1\/3&#8243;][vc_column_text] La zona arqueol\u00f3gica Ca\u00f1ada de la Virgen, ubicada en el municipio de San Miguel de Allende, es un asentamiento prehisp\u00e1nico enclavado en la frontera [&hellip;]<\/p>\n","protected":false},"author":4,"featured_media":0,"parent":0,"menu_order":0,"comment_status":"closed","ping_status":"closed","template":"","meta":{"footnotes":""},"class_list":["post-1167","page","type-page","status-publish","hentry"],"_links":{"self":[{"href":"https:\/\/cultura.guanajuato.gob.mx\/index.php\/wp-json\/wp\/v2\/pages\/1167","targetHints":{"allow":["GET"]}}],"collection":[{"href":"https:\/\/cultura.guanajuato.gob.mx\/index.php\/wp-json\/wp\/v2\/pages"}],"about":[{"href":"https:\/\/cultura.guanajuato.gob.mx\/index.php\/wp-json\/wp\/v2\/types\/page"}],"author":[{"embeddable":true,"href":"https:\/\/cultura.guanajuato.gob.mx\/index.php\/wp-json\/wp\/v2\/users\/4"}],"replies":[{"embeddable":true,"href":"https:\/\/cultura.guanajuato.gob.mx\/index.php\/wp-json\/wp\/v2\/comments?post=1167"}],"version-history":[{"count":10,"href":"https:\/\/cultura.guanajuato.gob.mx\/index.php\/wp-json\/wp\/v2\/pages\/1167\/revisions"}],"predecessor-version":[{"id":7647,"href":"https:\/\/cultura.guanajuato.gob.mx\/index.php\/wp-json\/wp\/v2\/pages\/1167\/revisions\/7647"}],"wp:attachment":[{"href":"https:\/\/cultura.guanajuato.gob.mx\/index.php\/wp-json\/wp\/v2\/media?parent=1167"}],"curies":[{"name":"wp","href":"https:\/\/api.w.org\/{rel}","templated":true}]}}