{"id":3161,"date":"2019-03-11T16:42:34","date_gmt":"2019-03-11T16:42:34","guid":{"rendered":"http:\/\/cultura.guanajuato.gob.mx\/?page_id=3161"},"modified":"2025-07-14T22:51:14","modified_gmt":"2025-07-14T22:51:14","slug":"conocenos","status":"publish","type":"page","link":"https:\/\/cultura.guanajuato.gob.mx\/index.php\/conocenos\/","title":{"rendered":"Con\u00f3cenos"},"content":{"rendered":"<div class=\"wpb-content-wrapper\"><p>[vc_row][vc_column][vc_images_carousel images=\u00bb3163&#8243; img_size=\u00bbfull\u00bb onclick=\u00bbcustom_link\u00bb autoplay=\u00bbyes\u00bb wrap=\u00bbyes\u00bb][\/vc_column][\/vc_row][vc_row][vc_column width=\u00bb1\/3&#8243;][vc_raw_html css=\u00bb\u00bb]JTNDZGl2JTIwY2xhc3MlM0QlMjJoZWRkJTIyJTNFU0VDUkVUQVIlQzMlOERBJTIwREUlMjBDVUxUVVJBJTNDJTJGZGl2JTNFJTBBJTBBJTNDZGl2JTIwY2xhc3MlM0QlMjJjLW1lbnUtbCUyMGktdW5vJTIyJTNFJTNDZGl2JTNFJTNDJTJGZGl2JTNFUmVnbGFtZW50byUyMEludGVyaW9yJTIwZGUlMjBsYSUyMFNlY3JldGFyJUMzJUFEYSUyMGRlJTIwQ3VsdHVyYSUzQyUyRmRpdiUzRSUwQQ==[\/vc_raw_html][\/vc_column][vc_column width=\u00bb2\/3&#8243;][vc_column_text css=\u00bb\u00bb el_class=\u00bbbtn1&#8243;]<\/p>\n<h3>Misi\u00f3n:<\/h3>\n<p>La Secretar\u00eda de Cultura del Estado de Guanajuato tiene como misi\u00f3n impulsar una cultura viva, diversa, colaborativa y participativa, fortaleciendo los procesos art\u00edsticos, patrimoniales y comunitarios en todo el territorio.<\/p>\n<p>Trabajamos desde un enfoque de corresponsabilidad, equidad y derechos culturales, reconociendo los saberes, pr\u00e1cticas y expresiones que construyen identidad, cohesi\u00f3n social y sentido colectivo en las distintas regiones del estado.<\/p>\n<h3>Visi\u00f3n:<\/h3>\n<p>Ser una instituci\u00f3n cercana, incluyente y articuladora que, al a\u00f1o 2030, consolide una pol\u00edtica cultural corresponsable, reconocida por su impulso a la diversidad, la participaci\u00f3n comunitaria, la justicia territorial y la sostenibilidad de las pr\u00e1cticas art\u00edsticas y patrimoniales en Guanajuato.<\/p>\n<p>Aspiramos a que la cultura sea un motor de transformaci\u00f3n social, construcci\u00f3n de sentido colectivo y garant\u00eda de derechos para todas las personas, sin importar su origen, edad, g\u00e9nero o condici\u00f3n.<\/p>\n<h3>Valores:<\/h3>\n<p><strong>Inclusi\u00f3n<\/strong><\/p>\n<p>Cultura para todos, sin distinci\u00f3n \u2013 g\u00e9nero, edad, origen o condici\u00f3n.<\/p>\n<p><strong>Participaci\u00f3n<\/strong><\/p>\n<p>Co-creaci\u00f3n y di\u00e1logo real con artistas, municipios y ciudadan\u00eda.<\/p>\n<p><strong>Innovaci\u00f3n<\/strong><\/p>\n<p>Uso de nuevas tecnolog\u00edas, formatos y metodolog\u00edas.<\/p>\n<p><strong>Colaboraci\u00f3n<\/strong><\/p>\n<p>Alianzas p\u00fablicas, privadas y acad\u00e9micas, con enfoque transversal.<\/p>\n<p><strong>Preservaci\u00f3n<\/strong><\/p>\n<p>Defensa activa del patrimonio tangible e intangible.<\/p>\n<p><strong>Excelencia<\/strong><\/p>\n<p>Profesionalizaci\u00f3n continua y calidad en gesti\u00f3n cultural.<\/p>\n<p><strong>Derechos culturales<\/strong><\/p>\n<p>Cultura como derecho, no privilegio: acceso universal, equidad y respeto.<\/p>\n<p><strong>Equidad y perspectiva de g\u00e9nero<\/strong><\/p>\n<p>Transparencia, paridad y pol\u00edticas sensibles al g\u00e9nero.<\/p>\n<h3><strong><span style=\"color: #20399c;\"><a href=\"https:\/\/cultura.guanajuato.gob.mx\/wp-content\/uploads\/2025\/06\/Reglamento-interno-de-la-SC.pdf\">Reglamento Interior de la Secretar\u00eda de Cultura<\/a><\/span><\/strong><\/h3>\n<p>[\/vc_column_text][vc_column_text el_class=\u00bbbtn2&#8243;]<\/p>\n<h2><span style=\"color: #20399c;\"><strong>\u00bfHacia d\u00f3nde vamos?<\/strong><\/span><\/h2>\n<p><strong>Trabajaremos por:<\/strong><\/p>\n<ul>\n<li><span style=\"font-weight: 400;\">Promover la generaci\u00f3n de procesos participativos e incluyentes que faciliten la formaci\u00f3n, la creaci\u00f3n, la producci\u00f3n y la difusi\u00f3n art\u00edstica.<\/span><\/li>\n<li><span style=\"font-weight: 400;\">Fomentar el conocimiento, aprecio y conservaci\u00f3n del patrimonio, v\u00eda el reconocimiento y fortalecimiento de las identidades.<\/span><\/li>\n<li>Fomentar h\u00e1bitos de lectura y el desarrollo de capacidades reflexivas, desde el espectro de las manifestaciones art\u00edsticas locales, hasta las universales y las m\u00faltiples tendencias actuales.<\/li>\n<\/ul>\n<p>[\/vc_column_text][vc_column_text el_class=\u00bbbtn3&#8243;]<\/p>\n<h2><span style=\"color: #20399c;\"><strong>Referentes<\/strong><\/span><\/h2>\n<ul>\n<li><span style=\"font-weight: 400;\">Participaci\u00f3n amplia y activa de la sociedad en el \u00e1mbito cultural<\/span><\/li>\n<li><span style=\"font-weight: 400;\">Desarrollo de las manifestaciones art\u00edsticas y culturales en comunidad<\/span><\/li>\n<li><span style=\"font-weight: 400;\">Innovaci\u00f3n<\/span><\/li>\n<li><span style=\"font-weight: 400;\">Trabajo transversal<\/span><\/li>\n<li><span style=\"font-weight: 400;\">Cultura de paz<\/span><\/li>\n<li>Perspectiva de g\u00e9nero, cuidado y respeto de los Derechos Humanos<\/li>\n<\/ul>\n<p>[\/vc_column_text][vc_column_text el_class=\u00bbbtn4&#8243;]<\/p>\n<h2><span style=\"color: #20399c;\"><strong>Ejes estrat\u00e9gicos<\/strong><\/span><\/h2>\n<ol>\n<li value=\"1\"><b>Creaci\u00f3n, producci\u00f3n y difusi\u00f3n de la cultura<\/b><\/li>\n<\/ol>\n<p>&nbsp;<\/p>\n<p><i><span style=\"font-weight: 400;\">Impulsar la creaci\u00f3n guanajuatense para todos<\/span><\/i><\/p>\n<ul>\n<li style=\"font-weight: 400;\"><span style=\"font-weight: 400;\">Objetivo: Atender las inquietudes y requerimientos de los diversos sectores art\u00edsticos, de manera oportuna, equitativa y participativa, con un enfoque transversal. As\u00ed como, estimular la movilidad de los creadores y sus manifestaciones.\u00a0<\/span><\/li>\n<li style=\"font-weight: 400;\"><span style=\"font-weight: 400;\">Objetivo: Acercar la diversidad de manifestaciones art\u00edsticas y culturales, locales, regionales, nacionales e internacionales, a la poblaci\u00f3n.<\/span><\/li>\n<\/ul>\n<p>&nbsp;<\/p>\n<p><span style=\"font-weight: 400;\">Principales acciones: Programa de est\u00edmulos y participaci\u00f3n de creadores y artistas, programa de publicaciones La Rana, programas de exposiciones temporales y acervo de museos; programas de cultura para ni\u00f1os, programaciones esc\u00e9nicas y musicales en teatros, Vive la Grandeza, programa Vientos Musicales (desarrollo musical).<\/span><\/p>\n<p>&nbsp;<\/p>\n<ol>\n<li value=\"2\"><b>Fomento a la lectura<\/b><\/li>\n<\/ol>\n<p>&nbsp;<\/p>\n<p><i><span style=\"font-weight: 400;\">Abrir la mente para la vida<\/span><\/i><\/p>\n<ul>\n<li style=\"font-weight: 400;\"><span style=\"font-weight: 400;\">Objetivo: Propiciar procesos y metodolog\u00edas para desarrollar el gusto por la lectura, la escritura y la narraci\u00f3n, as\u00ed como las capacidades reflexivas en los diversos grupos de poblaci\u00f3n.<\/span><\/li>\n<\/ul>\n<p>&nbsp;<\/p>\n<p><span style=\"font-weight: 400;\">Principales acciones: Feria del Libro y la Lectura (antes Biblioteca en tu Plaza), red de lectura, escritura y narraci\u00f3n oral, Mis Vacaciones en la Biblioteca, Biblioteca 365, Circulo de Lectura La Rana, encuentros de lectores, La Rana Viajera, Fondo Guanajuato.<\/span><\/p>\n<p>&nbsp;<\/p>\n<ol>\n<li value=\"3\"><b>Formaci\u00f3n y desarrollo art\u00edstico<\/b><\/li>\n<\/ol>\n<p>&nbsp;<\/p>\n<p><i><span style=\"font-weight: 400;\">Formar para el desarrollo cultural<\/span><\/i><\/p>\n<ul>\n<li style=\"font-weight: 400;\"><span style=\"font-weight: 400;\">Objetivo: Atender al crecimiento de los agentes de creaci\u00f3n, producci\u00f3n y circulaci\u00f3n cultural. Se atiende la formaci\u00f3n y proyecci\u00f3n de dichos agentes, buscando incrementar su potencial por medio de experiencias acad\u00e9micas.<\/span><\/li>\n<li style=\"font-weight: 400;\"><span style=\"font-weight: 400;\">Objetivo: Centro de las Artes de Guanajuato (Salamanca). Trabajo orientado al perfeccionamiento y profesionalizaci\u00f3n de las artes en todas las disciplinas, as\u00ed como de promotores, gestores, productores y t\u00e9cnicos.<\/span><\/li>\n<\/ul>\n<p><span style=\"font-weight: 400;\">Principales acciones: Vientos Musicales (Desarrollo Musical), oferta acad\u00e9mica del Centro de las Artes de Guanajuato, Fondo para las Letras Guanajuatenses, Expresarte Urbano, Identidad y Folclor.<\/span><\/p>\n<p>&nbsp;<\/p>\n<ol>\n<li value=\"4\"><b>Identidad y patrimonio<\/b><\/li>\n<\/ol>\n<p>&nbsp;<\/p>\n<p><i><span style=\"font-weight: 400;\">Preservar para reconocernos<\/span><\/i><\/p>\n<ul>\n<li style=\"font-weight: 400;\"><span style=\"font-weight: 400;\">Objetivo: Dotar de una metodolog\u00eda profesionalizada para el rescate, preservaci\u00f3n y creaci\u00f3n del patrimonio tangible e intangible, en un marco de interacci\u00f3n institucional y de respeto a la diversidad, por medio de la Investigaci\u00f3n, la conservaci\u00f3n de lo tangible e intangible, la generaci\u00f3n de espacios, la circulaci\u00f3n y divulgaci\u00f3n, as\u00ed como el apoyo para la producci\u00f3n.<\/span><\/li>\n<\/ul>\n<p><span style=\"font-weight: 400;\">Principales acciones: Programas de cultura para migrantes, exposiciones itinerantes, zonas arqueol\u00f3gicas, d\u00eda de la lengua materna, fondo documental Ch\u00e1vez Morado.<\/span><\/p>\n<p>&nbsp;<\/p>\n<ol>\n<li value=\"5\"><b>Cultura para el desarrollo<\/b><\/li>\n<\/ol>\n<p>&nbsp;<\/p>\n<p><i><span style=\"font-weight: 400;\">Acompa\u00f1ar para fortalecernos<\/span><\/i><\/p>\n<ul>\n<li style=\"font-weight: 400;\"><span style=\"font-weight: 400;\">Objetivo: Atender la cadena de valor en la organizaci\u00f3n de grupos creativos para desarrollar, producir o reproducir; promover o difundir y comercializar bienes y servicios culturales, art\u00edsticos o patrimoniales.<\/span><\/li>\n<li style=\"font-weight: 400;\"><span style=\"font-weight: 400;\">Objetivo: Conformaci\u00f3n de Industrias culturales y creativas<\/span><\/li>\n<\/ul>\n<p>&nbsp;<\/p>\n<ol>\n<li value=\"6\"><b>Infraestructura art\u00edstica, cultural y arqueol\u00f3gica<\/b><\/li>\n<\/ol>\n<p>&nbsp;<\/p>\n<p><i><span style=\"font-weight: 400;\">Conocer para preservar<\/span><\/i><\/p>\n<ul>\n<li style=\"font-weight: 400;\"><span style=\"font-weight: 400;\">Objetivo: Atender los aspectos de posicionamiento y conservaci\u00f3n de los espacios educativos, de exhibici\u00f3n y esc\u00e9nicos para asegurar la correcta operaci\u00f3n de programas y proyectos institucionales.\u00a0<\/span><\/li>\n<li style=\"font-weight: 400;\"><span style=\"font-weight: 400;\">Objetivo: Consolidar el programa de zonas arqueol\u00f3gicas como un elemento de fortalecimiento de la identidad cultural<\/span><\/li>\n<li style=\"font-weight: 400;\"><span style=\"font-weight: 400;\">Objetivo: Aprovechamiento del patrimonio arqueol\u00f3gico para el impulso al turismo cultural.<\/span><\/li>\n<\/ul>\n<p><span style=\"font-weight: 400;\">Principales acciones: restauraci\u00f3n, intervenci\u00f3n y mantenimiento de espacios IEC, programa de preservaci\u00f3n de patrimonio art\u00edstico e edificado, escuela de especializaci\u00f3n para las artes, Teatro de la Ciudad de Pur\u00edsima, equipamiento casas de la cultura, equipamiento, rehabilitaci\u00f3n y adecuaci\u00f3n de espacios en municipios, preservaci\u00f3n, difusi\u00f3n y consolidaci\u00f3n de zonas arqueol\u00f3gicas.<\/span><\/p>\n<p>&nbsp;<\/p>\n<ol>\n<li value=\"7\"><b>Difusi\u00f3n del quehacer cultural<\/b><\/li>\n<\/ol>\n<p>&nbsp;<\/p>\n<p><i><span style=\"font-weight: 400;\">Comunicar nuestro talento\u00a0<\/span><\/i><\/p>\n<ul>\n<li style=\"font-weight: 400;\"><span style=\"font-weight: 400;\">Objetivo: Promover ante la sociedad el quehacer de los productos art\u00edsticos y culturales\u00a0 de los creadores del estado.<\/span><\/li>\n<li style=\"font-weight: 400;\"><span style=\"font-weight: 400;\">Objetivo: Promover el acervo cultural existente<\/span><\/li>\n<li style=\"font-weight: 400;\"><span style=\"font-weight: 400;\">Objetivo: Propiciar la difusi\u00f3n de una oferta cultural amplia, diversa y propositiva para las comunidades, y potenciar su capacidad de apreciaci\u00f3n de su diversidad\u00a0\u00a0<\/span><\/li>\n<\/ul>\n<p><span style=\"font-weight: 400;\">Principales acciones: programa de comunicaci\u00f3n, difusi\u00f3n, divulgaci\u00f3n del quehacer cultural del estado de Guanajuato<\/span><\/p>\n<p>&nbsp;<\/p>\n<ol>\n<li value=\"8\"><b>Pol\u00edticas, participaci\u00f3n y articulaci\u00f3n<\/b><\/li>\n<\/ol>\n<p>&nbsp;<\/p>\n<p><i><span style=\"font-weight: 400;\">Crecer con visi\u00f3n estrat\u00e9gica<\/span><\/i><\/p>\n<ul>\n<li style=\"font-weight: 400;\"><span style=\"font-weight: 400;\">Objetivo: Propiciar el crecimiento ordenado y de calidad de nuestro Instituto Estatal de Cultura de Guanajuato.<\/span><\/li>\n<\/ul>\n<p>&nbsp;<\/p>\n<p><span style=\"font-weight: 400;\">Principales acciones: armonizaci\u00f3n de marcos normativos, redefinici\u00f3n de la estructura org\u00e1nica, planeaci\u00f3n, seguimiento y evaluaci\u00f3n, mecanismos de participaci\u00f3n ciudadana, vinculaci\u00f3n, coordinaci\u00f3n institucional y transversalidad.<\/span>[\/vc_column_text][vc_column_text el_class=\u00bbbtn5&#8243;]<\/p>\n<h2><span style=\"color: #20399c;\"><strong>Breve Historia<\/strong><\/span><\/h2>\n<p><span style=\"font-weight: 400;\">El Instituto Estatal de la Cultura es el \u00faltimo de los organismos creados para atender la pol\u00edtica cultural del Gobierno del Estado de Guanajuato. Sus antecedentes son la Secretar\u00eda de Educaci\u00f3n y Cultura, creada en los a\u00f1os sesenta y la Secretar\u00eda de Educaci\u00f3n, Cultura y Recreaci\u00f3n (SECYR), establecida durante la segunda mitad de los ochenta.<\/span><\/p>\n<p>&nbsp;<\/p>\n<p><span style=\"font-weight: 400;\">El 8 de diciembre de 1992, con la publicaci\u00f3n en el Peri\u00f3dico Oficial del Gobierno del Estado de la Ley de Fomento a la Cultura para el Estado de Guanajuato (abrogada), fue creado el Instituto Estatal de la Cultura; que se formaliza el 14 de junio de 1994, al transferirse a \u00e9ste los recursos de la Direcci\u00f3n General de Cultura de SECYR, el Consejo Estatal para la Cultura, el Comit\u00e9 Estatal de Apoyo al Festival Cervantino y el Consejo Editorial del Estado de Guanajuato.<\/span><\/p>\n<p>&nbsp;<\/p>\n<p><span style=\"font-weight: 400;\">Actualmente, el Instituto Estatal de la Cultura est\u00e1 conformado por siete direcciones sustantivas: Promoci\u00f3n Cultural, Difusi\u00f3n Art\u00edstica, Formaci\u00f3n e Investigaci\u00f3n, Museos, Editorial, Conservaci\u00f3n del Patrimonio, Vinculaci\u00f3n en Asuntos Arqueol\u00f3gicos, adem\u00e1s de la Direcci\u00f3n General y la direcci\u00f3n de Administraci\u00f3n.<\/span><\/p>\n<p>&nbsp;<\/p>\n<p><span style=\"font-weight: 400;\">La instituci\u00f3n trabaja con distintos programas de alcance estatal, opera directamente una red con siete museos, tres teatros y la Biblioteca Central Estatal y, a trav\u00e9s del Fideicomiso de Administraci\u00f3n de Inversi\u00f3n para la Realizaci\u00f3n de las Actividades de Rescate y Conservaci\u00f3n de Sitios Arqueol\u00f3gicos en el Estado de Guanajuato (FIARCA), es responsable de cinco sitios arqueol\u00f3gicos abiertos al p\u00fablico y uno m\u00e1s bajo estudio.<\/span><\/p>\n<p>&nbsp;<\/p>\n<p><span style=\"font-weight: 400;\">Su sede central se ubica en el Museo Palacio de los Poderes, de la ciudad de Guanajuato.<\/span><\/p>\n<p><b>Contacto \/ Ubicaci\u00f3n<\/b><\/p>\n<p>&nbsp;<\/p>\n<p><b>Direcci\u00f3n general<\/b><\/p>\n<p><span style=\"font-weight: 400;\">Callej\u00f3n de la Condesa 8, Centro<\/span><\/p>\n<p><span style=\"font-weight: 400;\">36000 Guanajuato, Gto.<\/span><\/p>\n<p><span style=\"font-weight: 400;\">Tel. 473 102 2700<\/span>[\/vc_column_text][\/vc_column][\/vc_row][vc_row][vc_column][vc_raw_js]JTNDc2NyaXB0JTIwdHlwZSUzRCUyMnRleHQlMkZqYXZhc2NyaXB0JTIyJTNFJTIwJTBBdmFyJTIwaiUyMCUzRCUyMGpRdWVyeS5ub0NvbmZsaWN0JTI4JTI5JTNCJTBBJTBBaiUyOGRvY3VtZW50JTI5LnJlYWR5JTI4ZnVuY3Rpb24lMjglMjklN0IlMEElMjAlMjAlMjAlMjAlMEElMjAlMjAlMjAlMjBqJTI4JTIyLmJ0bjIlMjIlMjkuY3NzJTI4JTIyZGlzcGxheSUyMiUyQyUyMCUyMm5vbmUlMjIlMjklM0IlMEElMjAlMjAlMjAlMjBqJTI4JTIyLmJ0bjMlMjIlMjkuY3NzJTI4JTIyZGlzcGxheSUyMiUyQyUyMCUyMm5vbmUlMjIlMjklM0IlMEElMjAlMjAlMjAlMjBqJTI4JTIyLmJ0bjQlMjIlMjkuY3NzJTI4JTIyZGlzcGxheSUyMiUyQyUyMCUyMm5vbmUlMjIlMjklM0IlMEElMjAlMjAlMjAlMjBqJTI4JTIyLmJ0bjUlMjIlMjkuY3NzJTI4JTIyZGlzcGxheSUyMiUyQyUyMCUyMm5vbmUlMjIlMjklM0IlMEElMjAlMjAlMjAlMjAlMEElMjAlMjAlMjAlMjBqJTI4JTIwJTIyLmktdW5vJTIyJTIwJTI5LmNsaWNrJTI4ZnVuY3Rpb24lMjglMjklMjAlN0IlMEElMjAlMjAlMjAlMjAlMjAlMjAlMjAlMjBqJTI4JTIyLmJ0bjElMjIlMjkuY3NzJTI4JTIyZGlzcGxheSUyMiUyQyUyMCUyMmJsb2NrJTIyJTI5JTNCJTBBJTIwJTIwJTIwJTIwJTIwJTIwJTIwJTIwaiUyOCUyMi5idG4yJTIyJTI5LmNzcyUyOCUyMmRpc3BsYXklMjIlMkMlMjAlMjJub25lJTIyJTI5JTNCJTBBJTIwJTIwJTIwJTIwJTIwJTIwJTIwJTIwaiUyOCUyMi5idG4zJTIyJTI5LmNzcyUyOCUyMmRpc3BsYXklMjIlMkMlMjAlMjJub25lJTIyJTI5JTNCJTBBJTIwJTIwJTIwJTIwJTIwJTIwJTIwJTIwaiUyOCUyMi5idG40JTIyJTI5LmNzcyUyOCUyMmRpc3BsYXklMjIlMkMlMjAlMjJub25lJTIyJTI5JTNCJTBBJTIwJTIwJTIwJTIwJTIwJTIwJTIwJTIwaiUyOCUyMi5idG41JTIyJTI5LmNzcyUyOCUyMmRpc3BsYXklMjIlMkMlMjAlMjJub25lJTIyJTI5JTNCJTBBJTIwJTdEJTI5JTNCJTBBaiUyOCUyMCUyMi5pLWRvcyUyMiUyMCUyOS5jbGljayUyOGZ1bmN0aW9uJTI4JTI5JTIwJTdCJTBBJTIwJTIwJTIwJTIwJTIwJTIwJTIwJTIwaiUyOCUyMi5idG4xJTIyJTI5LmNzcyUyOCUyMmRpc3BsYXklMjIlMkMlMjAlMjJub25lJTIyJTI5JTNCJTBBJTIwJTIwJTIwJTIwJTIwJTIwJTIwJTIwaiUyOCUyMi5idG4yJTIyJTI5LmNzcyUyOCUyMmRpc3BsYXklMjIlMkMlMjAlMjJibG9jayUyMiUyOSUzQiUwQSUyMCUyMCUyMCUyMCUyMCUyMCUyMCUyMGolMjglMjIuYnRuMyUyMiUyOS5jc3MlMjglMjJkaXNwbGF5JTIyJTJDJTIwJTIybm9uZSUyMiUyOSUzQiUwQSUyMCUyMCUyMCUyMCUyMCUyMCUyMCUyMGolMjglMjIuYnRuNCUyMiUyOS5jc3MlMjglMjJkaXNwbGF5JTIyJTJDJTIwJTIybm9uZSUyMiUyOSUzQiUwQSUyMCUyMCUyMCUyMCUyMCUyMCUyMCUyMGolMjglMjIuYnRuNSUyMiUyOS5jc3MlMjglMjJkaXNwbGF5JTIyJTJDJTIwJTIybm9uZSUyMiUyOSUzQiUwQSUyMCU3RCUyOSUzQiUwQWolMjglMjAlMjIuaS10cmVzJTIyJTIwJTI5LmNsaWNrJTI4ZnVuY3Rpb24lMjglMjklMjAlN0IlMEElMjAlMjAlMjAlMjAlMjAlMjAlMjAlMjBqJTI4JTIyLmJ0bjElMjIlMjkuY3NzJTI4JTIyZGlzcGxheSUyMiUyQyUyMCUyMm5vbmUlMjIlMjklM0IlMEElMjAlMjAlMjAlMjAlMjAlMjAlMjAlMjBqJTI4JTIyLmJ0bjIlMjIlMjkuY3NzJTI4JTIyZGlzcGxheSUyMiUyQyUyMCUyMm5vbmUlMjIlMjklM0IlMEElMjAlMjAlMjAlMjAlMjAlMjAlMjAlMjBqJTI4JTIyLmJ0bjMlMjIlMjkuY3NzJTI4JTIyZGlzcGxheSUyMiUyQyUyMCUyMmJsb2NrJTIyJTI5JTNCJTBBJTIwJTIwJTIwJTIwJTIwJTIwJTIwJTIwaiUyOCUyMi5idG40JTIyJTI5LmNzcyUyOCUyMmRpc3BsYXklMjIlMkMlMjAlMjJub25lJTIyJTI5JTNCJTBBJTIwJTIwJTIwJTIwJTIwJTIwJTIwJTIwaiUyOCUyMi5idG41JTIyJTI5LmNzcyUyOCUyMmRpc3BsYXklMjIlMkMlMjAlMjJub25lJTIyJTI5JTNCJTBBJTIwJTdEJTI5JTNCJTBBaiUyOCUyMCUyMi5pLWN1YXRybyUyMiUyMCUyOS5jbGljayUyOGZ1bmN0aW9uJTI4JTI5JTIwJTdCJTBBJTIwJTIwJTIwJTIwJTIwJTIwJTIwJTIwaiUyOCUyMi5idG4xJTIyJTI5LmNzcyUyOCUyMmRpc3BsYXklMjIlMkMlMjAlMjJub25lJTIyJTI5JTNCJTBBJTIwJTIwJTIwJTIwJTIwJTIwJTIwJTIwaiUyOCUyMi5idG4yJTIyJTI5LmNzcyUyOCUyMmRpc3BsYXklMjIlMkMlMjAlMjJub25lJTIyJTI5JTNCJTBBJTIwJTIwJTIwJTIwJTIwJTIwJTIwJTIwaiUyOCUyMi5idG4zJTIyJTI5LmNzcyUyOCUyMmRpc3BsYXklMjIlMkMlMjAlMjJub25lJTIyJTI5JTNCJTBBJTIwJTIwJTIwJTIwJTIwJTIwJTIwJTIwaiUyOCUyMi5idG40JTIyJTI5LmNzcyUyOCUyMmRpc3BsYXklMjIlMkMlMjAlMjJibG9jayUyMiUyOSUzQiUwQSUyMCUyMCUyMCUyMCUyMCUyMCUyMCUyMGolMjglMjIuYnRuNSUyMiUyOS5jc3MlMjglMjJkaXNwbGF5JTIyJTJDJTIwJTIybm9uZSUyMiUyOSUzQiUwQSUyMCU3RCUyOSUzQiUwQWolMjglMjAlMjIuaS1jaW5jbyUyMiUyMCUyOS5jbGljayUyOGZ1bmN0aW9uJTI4JTI5JTIwJTdCJTBBJTIwJTIwJTIwJTIwJTIwJTIwJTIwJTIwaiUyOCUyMi5idG4xJTIyJTI5LmNzcyUyOCUyMmRpc3BsYXklMjIlMkMlMjAlMjJub25lJTIyJTI5JTNCJTBBJTIwJTIwJTIwJTIwJTIwJTIwJTIwJTIwaiUyOCUyMi5idG4yJTIyJTI5LmNzcyUyOCUyMmRpc3BsYXklMjIlMkMlMjAlMjJub25lJTIyJTI5JTNCJTBBJTIwJTIwJTIwJTIwJTIwJTIwJTIwJTIwaiUyOCUyMi5idG4zJTIyJTI5LmNzcyUyOCUyMmRpc3BsYXklMjIlMkMlMjAlMjJub25lJTIyJTI5JTNCJTBBJTIwJTIwJTIwJTIwJTIwJTIwJTIwJTIwaiUyOCUyMi5idG40JTIyJTI5LmNzcyUyOCUyMmRpc3BsYXklMjIlMkMlMjAlMjJub25lJTIyJTI5JTNCJTBBJTIwJTIwJTIwJTIwJTIwJTIwJTIwJTIwaiUyOCUyMi5idG41JTIyJTI5LmNzcyUyOCUyMmRpc3BsYXklMjIlMkMlMjAlMjJibG9jayUyMiUyOSUzQiUwQSUyMCU3RCUyOSUzQiUwQSUwQSUwQSU3RCUyOSUzQiUwQSUyMCUzQyUyRnNjcmlwdCUzRQ==[\/vc_raw_js][\/vc_column][\/vc_row]<\/p>\n<\/div>","protected":false},"excerpt":{"rendered":"<p>[vc_row][vc_column][vc_images_carousel images=\u00bb3163&#8243; img_size=\u00bbfull\u00bb onclick=\u00bbcustom_link\u00bb autoplay=\u00bbyes\u00bb wrap=\u00bbyes\u00bb][\/vc_column][\/vc_row][vc_row][vc_column width=\u00bb1\/3&#8243;][vc_raw_html css=\u00bb\u00bb]JTNDZGl2JTIwY2xhc3MlM0QlMjJoZWRkJTIyJTNFU0VDUkVUQVIlQzMlOERBJTIwREUlMjBDVUxUVVJBJTNDJTJGZGl2JTNFJTBBJTBBJTNDZGl2JTIwY2xhc3MlM0QlMjJjLW1lbnUtbCUyMGktdW5vJTIyJTNFJTNDZGl2JTNFJTNDJTJGZGl2JTNFUmVnbGFtZW50byUyMEludGVyaW9yJTIwZGUlMjBsYSUyMFNlY3JldGFyJUMzJUFEYSUyMGRlJTIwQ3VsdHVyYSUzQyUyRmRpdiUzRSUwQQ==[\/vc_raw_html][\/vc_column][vc_column width=\u00bb2\/3&#8243;][vc_column_text css=\u00bb\u00bb el_class=\u00bbbtn1&#8243;] Misi\u00f3n: La Secretar\u00eda de Cultura del Estado de Guanajuato tiene como misi\u00f3n impulsar una cultura viva, diversa, colaborativa y [&hellip;]<\/p>\n","protected":false},"author":5,"featured_media":0,"parent":0,"menu_order":0,"comment_status":"closed","ping_status":"closed","template":"","meta":{"footnotes":""},"class_list":["post-3161","page","type-page","status-publish","hentry"],"_links":{"self":[{"href":"https:\/\/cultura.guanajuato.gob.mx\/index.php\/wp-json\/wp\/v2\/pages\/3161","targetHints":{"allow":["GET"]}}],"collection":[{"href":"https:\/\/cultura.guanajuato.gob.mx\/index.php\/wp-json\/wp\/v2\/pages"}],"about":[{"href":"https:\/\/cultura.guanajuato.gob.mx\/index.php\/wp-json\/wp\/v2\/types\/page"}],"author":[{"embeddable":true,"href":"https:\/\/cultura.guanajuato.gob.mx\/index.php\/wp-json\/wp\/v2\/users\/5"}],"replies":[{"embeddable":true,"href":"https:\/\/cultura.guanajuato.gob.mx\/index.php\/wp-json\/wp\/v2\/comments?post=3161"}],"version-history":[{"count":26,"href":"https:\/\/cultura.guanajuato.gob.mx\/index.php\/wp-json\/wp\/v2\/pages\/3161\/revisions"}],"predecessor-version":[{"id":10570,"href":"https:\/\/cultura.guanajuato.gob.mx\/index.php\/wp-json\/wp\/v2\/pages\/3161\/revisions\/10570"}],"wp:attachment":[{"href":"https:\/\/cultura.guanajuato.gob.mx\/index.php\/wp-json\/wp\/v2\/media?parent=3161"}],"curies":[{"name":"wp","href":"https:\/\/api.w.org\/{rel}","templated":true}]}}