{"id":4019,"date":"2020-05-08T19:29:27","date_gmt":"2020-05-08T19:29:27","guid":{"rendered":"http:\/\/cultura.guanajuato.gob.mx\/?page_id=4019"},"modified":"2020-05-21T16:19:05","modified_gmt":"2020-05-21T16:19:05","slug":"estampas-revolucionarias","status":"publish","type":"page","link":"https:\/\/cultura.guanajuato.gob.mx\/index.php\/estampas-revolucionarias\/","title":{"rendered":"Estampas Revolucionarias"},"content":{"rendered":"<div class=\"wpb-content-wrapper\"><p>[vc_row][vc_column][vc_column_text]<strong>Estampas Revolucionarias<\/strong><\/p>\n<p style=\"text-align: justify;\">El Taller de Gr\u00e1fica Popular (TGP), fue fundado en M\u00e9xico en 1937 por un grupo de artistas grabadores, escritores y poetas pertenecientes a la entonces extinta Liga de Artistas y Escritores Revolucionarios (LEAR): Leopoldo M\u00e9ndez,\u00a0Pablo O\u2019Higgins\u00a0y\u00a0Luis Arenal, alentados por\u00a0David Alfaro Siqueiros, fueron los iniciadores de tan trascendente proyecto.<\/p>\n<p style=\"text-align: justify;\">En el Taller de Gr\u00e1fica Popular se retomaron muchas de las ideas expuestas por la LEAR, donde la l\u00ednea de crear arte con tintes pol\u00edticos para continuar con la lucha y el posicionamiento de la nueva ideolog\u00eda del M\u00e9xico Postrevolucionario fue uno de los ejes centrales.<\/p>\n<p style=\"text-align: justify;\">La producci\u00f3n del TGP se caracteriz\u00f3 por la utilizaci\u00f3n de las t\u00e9cnicas de grabado, las cuales, les permit\u00edan elaborar impresiones en tirajes numerosos para ser expuestas en la v\u00eda p\u00fablica, algo novedoso y distinto que extendi\u00f3 el alcance para transmitir mensajes a todo el p\u00fablico, incluso a las personas que no sab\u00edan leer ni escribir.<\/p>\n<p style=\"text-align: justify;\">La influencia del Taller se extendi\u00f3 por m\u00e1s de 80 a\u00f1os e impacto a muchas generaciones de artistas, qui\u00e9nes, preocupados por conformar una mejor sociedad y tener un mejor gobierno, plasmaron en sus obras escenas de h\u00e9roes revolucionarios, de luchadores incansables y de discursos de cr\u00edticas sociales. La secci\u00f3n exhibida a continuaci\u00f3n es un ejemplo del trabajo realizado por el TGP y su impacto en los artistas en los a\u00f1os posteriores a su fundaci\u00f3n.<\/p>\n<p>[\/vc_column_text][vc_raw_html]JTNDaHIlM0U=[\/vc_raw_html][\/vc_column][\/vc_row][vc_row][vc_column][vc_images_carousel images=\u00bb4090,4091,4092,4093,4094,4095,4096,4097,4098,4099,4100,4101,4102,4103,4104&#8243; img_size=\u00bb1150&#215;900&#8243; slides_per_view=\u00bb3&#8243; autoplay=\u00bbyes\u00bb wrap=\u00bbyes\u00bb][\/vc_column][\/vc_row][vc_row][vc_column][vc_raw_html]JTNDaHIlM0U=[\/vc_raw_html][\/vc_column][\/vc_row]<\/p>\n<\/div>","protected":false},"excerpt":{"rendered":"<p>[vc_row][vc_column][vc_column_text]Estampas Revolucionarias El Taller de Gr\u00e1fica Popular (TGP), fue fundado en M\u00e9xico en 1937 por un grupo de artistas grabadores, escritores y poetas pertenecientes a la entonces extinta Liga de [&hellip;]<\/p>\n","protected":false},"author":5,"featured_media":0,"parent":0,"menu_order":0,"comment_status":"closed","ping_status":"closed","template":"","meta":{"footnotes":""},"class_list":["post-4019","page","type-page","status-publish","hentry"],"_links":{"self":[{"href":"https:\/\/cultura.guanajuato.gob.mx\/index.php\/wp-json\/wp\/v2\/pages\/4019","targetHints":{"allow":["GET"]}}],"collection":[{"href":"https:\/\/cultura.guanajuato.gob.mx\/index.php\/wp-json\/wp\/v2\/pages"}],"about":[{"href":"https:\/\/cultura.guanajuato.gob.mx\/index.php\/wp-json\/wp\/v2\/types\/page"}],"author":[{"embeddable":true,"href":"https:\/\/cultura.guanajuato.gob.mx\/index.php\/wp-json\/wp\/v2\/users\/5"}],"replies":[{"embeddable":true,"href":"https:\/\/cultura.guanajuato.gob.mx\/index.php\/wp-json\/wp\/v2\/comments?post=4019"}],"version-history":[{"count":16,"href":"https:\/\/cultura.guanajuato.gob.mx\/index.php\/wp-json\/wp\/v2\/pages\/4019\/revisions"}],"predecessor-version":[{"id":4174,"href":"https:\/\/cultura.guanajuato.gob.mx\/index.php\/wp-json\/wp\/v2\/pages\/4019\/revisions\/4174"}],"wp:attachment":[{"href":"https:\/\/cultura.guanajuato.gob.mx\/index.php\/wp-json\/wp\/v2\/media?parent=4019"}],"curies":[{"name":"wp","href":"https:\/\/api.w.org\/{rel}","templated":true}]}}