{"id":4177,"date":"2020-05-14T20:10:06","date_gmt":"2020-05-14T20:10:06","guid":{"rendered":"http:\/\/cultura.guanajuato.gob.mx\/?page_id=4177"},"modified":"2020-05-15T13:08:24","modified_gmt":"2020-05-15T13:08:24","slug":"simplicidad-de-las-formas","status":"publish","type":"page","link":"https:\/\/cultura.guanajuato.gob.mx\/index.php\/simplicidad-de-las-formas\/","title":{"rendered":"Simplicidad de las Formas"},"content":{"rendered":"<div class=\"wpb-content-wrapper\"><p>[vc_row][vc_column][vc_column_text]<\/p>\n<p style=\"text-align: justify;\"><strong>Simplicidad de las formas<\/strong><\/p>\n<p style=\"text-align: justify;\">La abstracci\u00f3n de las formas fue otro proceso que los artistas del Taller de Gr\u00e1fica Popular y del Sal\u00f3n de la Pl\u00e1stica Mexicana experimentaron en el Siglo XX.<\/p>\n<p style=\"text-align: justify;\">Influenciados por los movimientos abstractos europeos, los artistas en M\u00e9xico comenzaron a generar sus propuestas dentro de esta corriente comenzando un desarrollo creativo que, a trav\u00e9s de la composici\u00f3n, evoc\u00f3 a las formas figurativas desde su concepto m\u00e1s simple dejando la interpretaci\u00f3n completamente al espectador.<\/p>\n<p style=\"text-align: justify;\">A partir de los colores, las formas geom\u00e9tricas y el trazo simple los artistas abstractos encontraron un canal de comunicaci\u00f3n directo para la compresi\u00f3n de las obras, la transmisi\u00f3n de mensajes y emociones, as\u00ed como una forma distinta de expresar y percibir la realidad. Vicente Rojo, Manuel Felgu\u00e9rez y Guillermo Zapfe son algunos de los exponentes m\u00e1s representativos de este movimiento en M\u00e9xico.<\/p>\n<p>[\/vc_column_text][vc_raw_html]JTNDaHIlM0U=[\/vc_raw_html][\/vc_column][\/vc_row][vc_row][vc_column][vc_images_carousel images=\u00bb4183,4184,4185,4186,4187,4188,4189,4190,4191,4192,4193,4194,4195,4196,4197,4198,4199,4200,4202,4203,4204,4205&#8243; img_size=\u00bb1150&#215;900&#8243; slides_per_view=\u00bb3&#8243; autoplay=\u00bbyes\u00bb wrap=\u00bbyes\u00bb][\/vc_column][\/vc_row][vc_row][vc_column][vc_raw_html]JTNDaHIlM0U=[\/vc_raw_html][\/vc_column][\/vc_row]<\/p>\n<\/div>","protected":false},"excerpt":{"rendered":"<p>[vc_row][vc_column][vc_column_text] Simplicidad de las formas La abstracci\u00f3n de las formas fue otro proceso que los artistas del Taller de Gr\u00e1fica Popular y del Sal\u00f3n de la Pl\u00e1stica Mexicana experimentaron en [&hellip;]<\/p>\n","protected":false},"author":5,"featured_media":0,"parent":0,"menu_order":0,"comment_status":"closed","ping_status":"closed","template":"","meta":{"footnotes":""},"class_list":["post-4177","page","type-page","status-publish","hentry"],"_links":{"self":[{"href":"https:\/\/cultura.guanajuato.gob.mx\/index.php\/wp-json\/wp\/v2\/pages\/4177","targetHints":{"allow":["GET"]}}],"collection":[{"href":"https:\/\/cultura.guanajuato.gob.mx\/index.php\/wp-json\/wp\/v2\/pages"}],"about":[{"href":"https:\/\/cultura.guanajuato.gob.mx\/index.php\/wp-json\/wp\/v2\/types\/page"}],"author":[{"embeddable":true,"href":"https:\/\/cultura.guanajuato.gob.mx\/index.php\/wp-json\/wp\/v2\/users\/5"}],"replies":[{"embeddable":true,"href":"https:\/\/cultura.guanajuato.gob.mx\/index.php\/wp-json\/wp\/v2\/comments?post=4177"}],"version-history":[{"count":5,"href":"https:\/\/cultura.guanajuato.gob.mx\/index.php\/wp-json\/wp\/v2\/pages\/4177\/revisions"}],"predecessor-version":[{"id":4221,"href":"https:\/\/cultura.guanajuato.gob.mx\/index.php\/wp-json\/wp\/v2\/pages\/4177\/revisions\/4221"}],"wp:attachment":[{"href":"https:\/\/cultura.guanajuato.gob.mx\/index.php\/wp-json\/wp\/v2\/media?parent=4177"}],"curies":[{"name":"wp","href":"https:\/\/api.w.org\/{rel}","templated":true}]}}