{"id":4399,"date":"2020-07-10T23:37:54","date_gmt":"2020-07-10T23:37:54","guid":{"rendered":"http:\/\/cultura.guanajuato.gob.mx\/?page_id=4399"},"modified":"2020-07-10T23:43:04","modified_gmt":"2020-07-10T23:43:04","slug":"convocatoria-de-cerca-escena-para-llevar-tercera-emision","status":"publish","type":"page","link":"https:\/\/cultura.guanajuato.gob.mx\/index.php\/convocatoriascerradaserror\/convocatoria-de-cerca-escena-para-llevar-tercera-emision\/","title":{"rendered":"Convocatoria De Cerca Escena para Llevar Tercera Emisi\u00f3n"},"content":{"rendered":"<p><a href=\"https:\/\/cultura.guanajuato.gob.mx\/index.php\/convocatorias-3\/convocatoria-de-cerca-escena-para-llevar-tercera-emision\/slide_convocatoria_tercera-emision\/\" rel=\"attachment wp-att-4401\"><img loading=\"lazy\" decoding=\"async\" class=\"size-full wp-image-4401 aligncenter\" src=\"https:\/\/cultura.guanajuato.gob.mx\/wp-content\/uploads\/2020\/07\/Slide_convocatoria_tercera-emision.png\" alt=\"Slide_convocatoria_tercera-emision\" width=\"780\" height=\"380\" srcset=\"https:\/\/cultura.guanajuato.gob.mx\/wp-content\/uploads\/2020\/07\/Slide_convocatoria_tercera-emision.png 780w, https:\/\/cultura.guanajuato.gob.mx\/wp-content\/uploads\/2020\/07\/Slide_convocatoria_tercera-emision-300x146.png 300w, https:\/\/cultura.guanajuato.gob.mx\/wp-content\/uploads\/2020\/07\/Slide_convocatoria_tercera-emision-768x374.png 768w\" sizes=\"auto, (max-width: 780px) 100vw, 780px\" \/><\/a><\/p>\n<p>El Gobierno del Estado de Guanajuato, a trav\u00e9s del Instituto Estatal de la Cultura, con el prop\u00f3sito de mantener activo el sector art\u00edstico y al mismo tiempo atender a la ni\u00f1ez y su derecho a la cultura y al esparcimiento para favorecer su pleno desarrollo<\/p>\n<p><strong>CONVOCA A<\/strong><br \/>\nCreadores y artistas profesionales mayores de edad, residentes en el estado de Guanajuato, con trayectoria acreditable, a participar en el programa De Cerca: Escena para Llevar. Tercera Emisi\u00f3n. Los materiales ser\u00e1n parte de la programaci\u00f3n en plataformas virtuales del Instituto Estatal de la Cultura, a partir de agosto de 2020.<\/p>\n<p><a href=\"https:\/\/www.dropbox.com\/s\/f459bfljt36cei9\/Convocatoria_%20De%20cerca_3emisi%C3%B3n_compressed.pdf?dl=0\" target=\"_blank\">Descarga la convocatoria en PDF<\/a><\/p>\n<p>Los artistas y creadores que deseen participar deber\u00e1n enviar dos materiales audiovisuales terminados, originales, de tem\u00e1tica libre e in\u00e9ditos, que integren manifestaciones art\u00edsticas con contenidos dirigidos a ni\u00f1as, ni\u00f1os y adolescentes, enmarcados en las siguientes disciplinas:<\/p>\n<p>Danza<br \/>\n\u25cf Core\u00f3grafos<br \/>\n\u25cf Ejecutantes<\/p>\n<p>M\u00fasica<br \/>\n\u25cf Compositores<br \/>\n\u25cf Cantantes<br \/>\n\u25cf Ejecutantes<\/p>\n<p>Teatro<br \/>\n\u25cf Directores esc\u00e9nicos<br \/>\n\u25cf Dramaturgos<br \/>\n\u25cf Titiriteros<br \/>\n\u25cf Hacedores de teatro de calle y comunitario<br \/>\n\u25cf Actores y actrices<\/p>\n<p>Artes Circenses<br \/>\n\u25cf Malabaristas<br \/>\n\u25cf Clowns<br \/>\n\u25cf Equilibristas<\/p>\n<p>Para efectos de esta convocatoria se entiende por \u201cContenidos dirigidos a ni\u00f1as, ni\u00f1os y adolescentes\u201d, aquellos que, a trav\u00e9s de los lenguajes art\u00edsticos, generan y promuevan el disfrute y la creatividad, pensados para las diversas infancias y adolescencias. En la disciplina m\u00fasica se admiten propuestas de conciertos did\u00e1cticos y piezas infantiles.<\/p>\n<p><strong>MONTOS ECON\u00d3MICOS<\/strong><br \/>\nLos creadores seleccionados recibir\u00e1n un est\u00edmulo econ\u00f3mico de 11 mil 600 pesos, impuestos incluidos, a cambio de la difusi\u00f3n de dos videos con la duraci\u00f3n establecida en los requisitos de participaci\u00f3n.<\/p>\n<p>Para el pago de los honorarios se firmar\u00e1 un contrato y se deber\u00e1 entregar comprobante fiscal, por lo que las personas seleccionadas deber\u00e1n estar registradas ante el SAT en la actividad econ\u00f3mica correspondiente al servicio prestado a esta instituci\u00f3n y estar al corriente en sus obligaciones fiscales.<\/p>\n<p><strong>REQUISITOS DE PARTICIPACI\u00d3N<\/strong><br \/>\n1. Presentar dos materiales audiovisuales con una duraci\u00f3n m\u00ednima de 10 minutos y m\u00e1xima de 15 minutos cada uno, grabados en formato horizontal.<\/p>\n<p>2. Ser guanajuatense o contar con residencia comprobable de dos a\u00f1os en el estado de Guanajuato.<\/p>\n<p>3. Acreditar una trayectoria art\u00edstica de al menos tres a\u00f1os (programas de mano, notas y rese\u00f1as en peri\u00f3dicos o medios digitales, carteles, menciones en concursos y \/o convocatorias, contratos). Es importante integrar los documentos de manera cronol\u00f3gica, se\u00f1alar la fecha en que se realiz\u00f3 el evento e indicar el lugar donde aparece su nombre. Favor de omitir constancias acad\u00e9micas.<\/p>\n<p>4. Cumplir con el proceso de inscripci\u00f3n conforme a las fechas y procedimientos establecidos en las presentes bases de participaci\u00f3n, a trav\u00e9s del formulario publicado en: <a href=\"https:\/\/bit.ly\/for20dcr3\" target=\"_blank\">https:\/\/bit.ly\/for20dcr3<\/a><\/p>\n<p><strong>DOCUMENTACI\u00d3N Y ANEXOS<\/strong><br \/>\nTodos los archivos deber\u00e1n ser enviados en formato PDF<\/p>\n<p>a. Datos de Contacto<br \/>\nNombre<br \/>\nDirecci\u00f3n<br \/>\nCorreo electr\u00f3nico<br \/>\nFacebook<br \/>\nTwitter<br \/>\nInstagram<br \/>\nCelular<\/p>\n<p>b. Identificaci\u00f3n oficial vigente, con fotograf\u00eda (en caso de ser la credencial INE, enviar ambos lados)<\/p>\n<p>c. En caso de no ser guanajuatense, enviar carta de residencia, emitida a trav\u00e9s de la oficina de tu municipio, documento que compruebe su residencia en el estado de Guanajuato por los \u00faltimos dos a\u00f1os.<br \/>\nd. Constancia de Situaci\u00f3n Fiscal, con fecha reciente, con domicilio fiscal en el estado de Guanajuato, archivo completo. (Se obtiene en la p\u00e1gina del SAT), NO Acuse de movimientos de actualizaci\u00f3n de Situaci\u00f3n Fiscal, NO reporte de opini\u00f3n. Con actividad econ\u00f3mica correspondiente al servicio prestado a esta instituci\u00f3n (por ejemplo: personas f\u00edsicas con actividad empresarial y profesional, artistas y t\u00e9cnicos independientes. NO r\u00e9gimen de sueldos y salarios)<\/p>\n<p>e. CURP actualizada. Generar a trav\u00e9s de: <a href=\"https:\/\/www.gob.mx\/curp\/\" target=\"_blank\">https:\/\/www.gob.mx\/curp\/<\/a><\/p>\n<p>f. Estado de cuenta reciente con CLABE interbancaria, legible y sin datos sensibles<\/p>\n<p>g. Curriculum Vitae, m\u00e1ximo 3 cuartillas<\/p>\n<p>h. Documentos que acrediten la trayectoria, (en un solo archivo)<\/p>\n<p>i. Carta firmada en la cual el artista autoriza por tiempo indeterminado al Instituto Estatal de la Cultura de Guanajuato, el uso de su imagen y del material videograbado para su emisi\u00f3n \u00edntegra, con fines de difusi\u00f3n cultural, a trav\u00e9s de sus redes sociales (Facebook y YouTube); as\u00ed como para su retransmisi\u00f3n, sin fines de lucro, a trav\u00e9s de emisoras pertenecientes a la Red de Radiodifusoras y Televisoras Educativas y Culturales de M\u00e9xico.<\/p>\n<p>j. Carta firmada en la cual el participante declare la autor\u00eda de la propuesta presentada, o en su caso, carta de cesi\u00f3n de derechos de reproducci\u00f3n del titular de los derechos. (Incluyendo im\u00e1genes y m\u00fasica de fondo).<\/p>\n<p>k. Carta firmada en la cual el artista declara que los contenidos de los materiales audiovisuales enviados a la Convocatoria De Cerca: Escena para llevar. Tercera emisi\u00f3n, son originales e in\u00e9ditos.<\/p>\n<p>l. Ficha t\u00e9cnica de la producci\u00f3n que contenga la siguiente informaci\u00f3n: (se llenar\u00e1 en el formulario)<br \/>\n\u2022 T\u00edtulo<br \/>\n\u2022 Autor<br \/>\n\u2022 Disciplina<br \/>\n\u2022 P\u00fablico al que va dirigido<br \/>\n\u2022 Sinopsis pormenorizada (m\u00e1ximo media cuartilla)<\/p>\n<p>m. Material audiovisual con las especificaciones antes mencionadas.<\/p>\n<p><strong>PERIODO Y RESULTADOS<\/strong><br \/>\nEsta convocatoria estar\u00e1 abierta desde su publicaci\u00f3n hasta las 11:00 a.m. del <strong>jueves 23 de julio de 2020<\/strong>.<\/p>\n<p>Los resultados ser\u00e1n publicados el <strong>4 de agosto de 2020<\/strong> a trav\u00e9s de la p\u00e1gina cultura.guanajuato.gob.mx y en las redes sociales del Instituto Estatal de la Cultura de Guanajuato.<\/p>\n<p>En el caso de los proyectos no ser seleccionados, toda la documentaci\u00f3n enviada ser\u00e1 borrada de las bases de datos l\u00f3gicas sin responsabilidad para la convocante.<\/p>\n<p><strong>RESTRICCIONES Y MOTIVOS DE DESCALIFICACI\u00d3N<\/strong><br \/>\nNo podr\u00e1n participar quienes resultaron seleccionados en la Convocatoria de Cerca. Escena para Llevar. Segunda emisi\u00f3n. Tanto quienes realizaron el registro de los materiales, como cualquier miembro del grupo.<\/p>\n<p>Ser\u00e1n descalificadas las propuestas:<br \/>\nCon materiales da\u00f1ados, inaudibles, que no puedan reproducirse, no cumplan con los est\u00e1ndares m\u00ednimos de calidad requerida o cuya duraci\u00f3n no se ajuste a los l\u00edmites de esta convocatoria.<\/p>\n<p>Los links de los archivos de los videos de la nube Google Drive que no cuenten con los permisos necesarios para la descarga y edici\u00f3n (Se debe habilitar opci\u00f3n \u201cCualquier usuario con el enlace\u201d).<\/p>\n<p>Que no cuenten con la documentaci\u00f3n completa solicitada en el apartado Documentaci\u00f3n y Anexos o cuya Constancia de Situaci\u00f3n Fiscal no corresponda con el servicio prestado a esta instituci\u00f3n.<\/p>\n<p>Que no incluyan los cr\u00e9ditos al Instituto Estatal de la Cultura o el saludo modelo propuesto en el punto 7 del apartado sobre caracter\u00edsticas de los materiales.<\/p>\n<p>No se recibir\u00e1n postulaciones despu\u00e9s de la fecha de cierre de esta convocatoria y no se considerar\u00e1 como entregado ning\u00fan env\u00edo por WeTransfer, Dropbox, One Drive o sistemas similares. Una vez enviados los links de los materiales audiovisuales, no podr\u00e1n ser modificados.<\/p>\n<p><strong>EXTENSI\u00d3N Y CARACTER\u00cdSTICAS DE LOS MATERIALES<\/strong><br \/>\n1. La grabaci\u00f3n se puede hacer con c\u00e1mara de video, fotogr\u00e1fica o cualquier dispositivo electr\u00f3nico. Es imprescindible que se grabe en forma horizontal y con una resoluci\u00f3n m\u00ednima de HD (1280 x 720 pixeles). Las grabaciones en 4k no son recomendables por lo voluminoso de su tama\u00f1o de archivo.<\/p>\n<p>2. Si su dispositivo tiene la opci\u00f3n de elegir los cuadros por segundo, se recomienda grabar en 24 o 30 para uso general y 60 \u00fanicamente para acciones con mucho movimiento (danza, por ejemplo). A m\u00e1s cuadros por segundo se gana claridad, pero se incrementa el peso del archivo. As\u00ed mismo es recomendable fijar la c\u00e1mara sobre un tripi\u00e9 u otra forma de soporte improvisado con elementos a la mano (mesa, libros, servilleteros, soportes de celular, etc.).<\/p>\n<p>3. Para la grabaci\u00f3n se pueden hacer pausas de acuerdo a la naturaleza de la presentaci\u00f3n, pero el producto final a presentar por cada propuesta debe ser unitario. Por ejemplo, en una actuaci\u00f3n musical se puede grabar cada canci\u00f3n de manera individual, en una presentaci\u00f3n esc\u00e9nica es posible hacer una pausa en cambio de escena o fragmento, etc\u00e9tera.<\/p>\n<p>4. Los archivos con sus propuestas deben estar en MP4 o MOV, formatos usuales en los tel\u00e9fonos m\u00f3viles y c\u00e1maras de uso m\u00e1s extendido.<\/p>\n<p>5. El Instituto Estatal de la Cultura enmarcar\u00e1 sus propuestas en sus barras de programaci\u00f3n, por lo que el archivo o archivos de video se deber\u00e1n enviar para edici\u00f3n y publicaci\u00f3n por servicios de almacenamiento en la nube Google Drive (desde una cuenta de Gmail), es indispensable habilitar el acceso al archivo para toda persona que tenga el enlace. Los archivos que soliciten autorizaci\u00f3n para acceder ser\u00e1n inmediatamente descartados.<\/p>\n<p>6. Para la grabaci\u00f3n buscar un entorno lo m\u00e1s tranquilo posible, sin ruidos ambientales ni personas platicando cerca o aparatos electr\u00f3nicos encendidos. As\u00ed mismo tener una iluminaci\u00f3n clara y uniforme, sin contrastes extremos de luz o de sombra. Evitar contraluces usuales como ventanas o tomas exteriores con el sujeto bajo la sombra contra un fondo a pleno sol.<\/p>\n<p>7. Los materiales generados espec\u00edficamente para el segmento De cerca. Escena para llevar, deben considerar una duraci\u00f3n m\u00ednima de 10 minutos y m\u00e1xima de 15 minutos, cada uno e iniciar con una introducci\u00f3n modelo como la siguiente:<\/p>\n<p>Saludo, presentaci\u00f3n de la persona o agrupaci\u00f3n, ciudad de procedencia, a\u00f1os que llevan desarrollando la actividad, en qu\u00e9 consiste la propuesta que ofrecer\u00e1n y se\u00f1alar que su participaci\u00f3n responde a la invitaci\u00f3n del Instituto Estatal de la Cultura de Guanajuato para formar parte del proyecto \u201cDe cerca. Escena para llevar\u201d.<\/p>\n<p>8. Cualquier caso no previsto en la presente convocatoria ser\u00e1 revisado por el comit\u00e9 organizador. Para dudas y seguimiento de propuestas, el contacto ser\u00e1 exclusivamente por correo electr\u00f3nico en la direcci\u00f3n <a href=\"mailto:industriascreativasgto@guanajuato.gob.mx\" target=\"_blank\">industriascreativasgto@guanajuato.gob.mx<\/a><\/p>\n<p><strong>AVISO DE PRIVACIDAD<\/strong><br \/>\nSus datos personales quedan resguardados y protegidos en t\u00e9rminos de Ley. Puede consultar el aviso de privacidad en <a href=\"https:\/\/bit.ly\/iecprivacidad\" target=\"_blank\">https:\/\/bit.ly\/iecprivacidad<\/a><\/p>\n","protected":false},"excerpt":{"rendered":"<p>El Gobierno del Estado de Guanajuato, a trav\u00e9s del Instituto Estatal de la Cultura, con el prop\u00f3sito de mantener activo el sector art\u00edstico y al mismo tiempo atender a la [&hellip;]<\/p>\n","protected":false},"author":5,"featured_media":4400,"parent":3068,"menu_order":0,"comment_status":"closed","ping_status":"closed","template":"","meta":{"footnotes":""},"class_list":["post-4399","page","type-page","status-publish","hentry"],"_links":{"self":[{"href":"https:\/\/cultura.guanajuato.gob.mx\/index.php\/wp-json\/wp\/v2\/pages\/4399","targetHints":{"allow":["GET"]}}],"collection":[{"href":"https:\/\/cultura.guanajuato.gob.mx\/index.php\/wp-json\/wp\/v2\/pages"}],"about":[{"href":"https:\/\/cultura.guanajuato.gob.mx\/index.php\/wp-json\/wp\/v2\/types\/page"}],"author":[{"embeddable":true,"href":"https:\/\/cultura.guanajuato.gob.mx\/index.php\/wp-json\/wp\/v2\/users\/5"}],"replies":[{"embeddable":true,"href":"https:\/\/cultura.guanajuato.gob.mx\/index.php\/wp-json\/wp\/v2\/comments?post=4399"}],"version-history":[{"count":2,"href":"https:\/\/cultura.guanajuato.gob.mx\/index.php\/wp-json\/wp\/v2\/pages\/4399\/revisions"}],"predecessor-version":[{"id":4403,"href":"https:\/\/cultura.guanajuato.gob.mx\/index.php\/wp-json\/wp\/v2\/pages\/4399\/revisions\/4403"}],"up":[{"embeddable":true,"href":"https:\/\/cultura.guanajuato.gob.mx\/index.php\/wp-json\/wp\/v2\/pages\/3068"}],"wp:featuredmedia":[{"embeddable":true,"href":"https:\/\/cultura.guanajuato.gob.mx\/index.php\/wp-json\/wp\/v2\/media\/4400"}],"wp:attachment":[{"href":"https:\/\/cultura.guanajuato.gob.mx\/index.php\/wp-json\/wp\/v2\/media?parent=4399"}],"curies":[{"name":"wp","href":"https:\/\/api.w.org\/{rel}","templated":true}]}}