{"id":6900,"date":"2022-02-04T18:52:47","date_gmt":"2022-02-04T18:52:47","guid":{"rendered":"https:\/\/cultura.guanajuato.gob.mx\/?page_id=6900"},"modified":"2022-02-04T19:43:32","modified_gmt":"2022-02-04T19:43:32","slug":"la-fiesta-de-la-primavera-en-china","status":"publish","type":"page","link":"https:\/\/cultura.guanajuato.gob.mx\/index.php\/la-fiesta-de-la-primavera-en-china\/","title":{"rendered":"La Fiesta de la Primavera en China"},"content":{"rendered":"<div class=\"wpb-content-wrapper\"><p>[vc_row][vc_column][vc_column_text]<\/p>\n<h4 style=\"text-align: center;\">China en Guanajuato. Rumbo al Cervantino 50<\/h4>\n<h1 style=\"text-align: center;\">La Fiesta de la Primavera en China<\/h1>\n<p>[\/vc_column_text][\/vc_column][\/vc_row][vc_row][vc_column][vc_images_carousel images=\u00bb6894,6829,6830,6831,6832,6833,6834,6835,6836,6837,6838,6839,6840,6841,6842,6843,6844,6845,6846,6847,6848,6849,6850,6851,6852,6853,6854,6855,6856,6857,6858,6859,6860,6861,6862,6863,6864,6865,6866,6867,6868,6869,6870,6871,6872,6873,6874,6875,6876,6877,6878,6879,6880,6881,6882,6883,6884,6885,6886,6887,6888,6889,6890,6891,6892,6893&#8243; img_size=\u00bblarge\u00bb css_animation=\u00bbfadeIn\u00bb title=\u00bbGaler\u00eda de im\u00e1genes\u00bb][\/vc_column][vc_column][vc_column_text]<\/p>\n<h3 style=\"text-align: center;\"><strong>Prefacio<\/strong><\/h3>\n<p>La Fiesta de Primavera es el a\u00f1o nuevo del calendario lunar y tradicional de China, que naci\u00f3 de las actividades rituales de la \u00e9poca antigua y celebradas al comienzo de un nuevo a\u00f1o, y tambi\u00e9n constituye la fiesta tradicional m\u00e1s importante y solemne para los chinos. Las celebraciones de la Fiesta se extienden desde unos d\u00edas antes del nuevo a\u00f1o hasta la Fiesta de los Faroles, que tiene lugar el 15\u00b0 d\u00eda del primer mes del calendario lunar, y tiene una duraci\u00f3n de cerca de un mes. Hay ciertas diferencias en las costumbres de la Fiesta de Primavera en cada lugar de China debido a las diferencias culturales entre las diversas zonas<br \/>\n.<br \/>\nLa Fiesta de Primavera es una fiesta que consiste en despedirse de lo viejo y recibir lo nuevo, y rezar por fortuna para el pr\u00f3ximo a\u00f1o. En el momento entre el invierno y la primavera y entre los cambios ocurridos de la naturaleza, todos los chinos festejan con distintas formas y actividades, tales como pegar los papeles recortados en las ventanas, presentar las danzas de drag\u00f3n y le\u00f3n, comprar flores. colgar faroles. escribir d\u00edsticos de la fiesta, prender petardos y fuegos artificiales, disfrutar el festival de faroles, resolver los acertijos en los faroles, jugar con los zancos, visitar la feria del templo y muchas otras. Se realizan para despedirse de lo viejo y recibir lo nuevo y para rezar por una buena cosecha y la fortuna en el a\u00f1o que viene. La Fiesta de Primavera encarna los mejores deseos del pueblo.<\/p>\n<p>La Fiesta de Primavera significa una fiesta para rezar por la armon\u00eda y la feliz reuni\u00f3n de la familia. La reuni\u00f3n familiar constituye uno de los temas principales de los chinos en la celebraci\u00f3n de esta fiesta. La gente vuelve a su lugar natal para gozar del amor familiar con distintas actividades, tales como preparar junto con la familia ravioles o sopa de bolas dulces y compartir la comida de reuni\u00f3n, visitar los animados mercados de la fiesta, regalar sobres rojos con dinero, organizar bodas, hacer turismo, ir al cine, ver la gala tradicional de la fiesta por televisi\u00f3n, etc. Durante la fiesta tambi\u00e9n disfrutan la alegr\u00eda junto con sus amigos, vecinos y desconocidos. Estas tradiciones demuestran el concepto de la fiesta resumido en la armon\u00eda, la reuni\u00f3n y el disfrute en com\u00fan.<\/p>\n<p>En los \u00faltimos a\u00f1os, los extranjeros que viven en China participan cada vez m\u00e1s en la celebraci\u00f3n de esta Fiesta y, al mismo tiempo, realizan, cada vez m\u00e1s celebraciones variadas fuera de China y los chinos de ultramar y los habitantes locales comparten juntos la alegr\u00eda que trae la Fiesta de Primavera. Esta Fiesta se ha convertido poco a poco en una esperanza com\u00fan para rezar por la felicidad, la paz y la tranquilidad.<\/p>\n<p>En la ocasi\u00f3n de la Fiesta de Primavera y a trav\u00e9s de esta exposici\u00f3n, expresamos a todos los pueblos del mundo nuestras sinceras felicitaciones y saludos, deseando que todo el mundo tenga felicidad, paz y tranquilidad en el nuevo a\u00f1o, y esperando que m\u00e1s gente pueda disfrutar el amor, la armon\u00eda, la felicidad y la esperanza mediante las actividades de la fiesta que realizar\u00e1n con diversidad y alegr\u00eda.<\/p>\n<p>Exposici\u00f3n virtual ofrecida en colaboraci\u00f3n con la Embajada de China en M\u00e9xico y el Centro Cultural de China, en el marco de los 50 a\u00f1os de relaciones diplom\u00e1ticas entre China y M\u00e9xico.[\/vc_column_text][\/vc_column][\/vc_row]<\/p>\n<\/div>","protected":false},"excerpt":{"rendered":"<p>[vc_row][vc_column][vc_column_text] China en Guanajuato. Rumbo al Cervantino 50 La Fiesta de la Primavera en China [\/vc_column_text][\/vc_column][\/vc_row][vc_row][vc_column][vc_images_carousel images=\u00bb6894,6829,6830,6831,6832,6833,6834,6835,6836,6837,6838,6839,6840,6841,6842,6843,6844,6845,6846,6847,6848,6849,6850,6851,6852,6853,6854,6855,6856,6857,6858,6859,6860,6861,6862,6863,6864,6865,6866,6867,6868,6869,6870,6871,6872,6873,6874,6875,6876,6877,6878,6879,6880,6881,6882,6883,6884,6885,6886,6887,6888,6889,6890,6891,6892,6893&#8243; img_size=\u00bblarge\u00bb css_animation=\u00bbfadeIn\u00bb title=\u00bbGaler\u00eda de im\u00e1genes\u00bb][\/vc_column][vc_column][vc_column_text] Prefacio La Fiesta de Primavera es el a\u00f1o [&hellip;]<\/p>\n","protected":false},"author":5,"featured_media":0,"parent":0,"menu_order":0,"comment_status":"closed","ping_status":"closed","template":"","meta":{"footnotes":""},"class_list":["post-6900","page","type-page","status-publish","hentry"],"_links":{"self":[{"href":"https:\/\/cultura.guanajuato.gob.mx\/index.php\/wp-json\/wp\/v2\/pages\/6900","targetHints":{"allow":["GET"]}}],"collection":[{"href":"https:\/\/cultura.guanajuato.gob.mx\/index.php\/wp-json\/wp\/v2\/pages"}],"about":[{"href":"https:\/\/cultura.guanajuato.gob.mx\/index.php\/wp-json\/wp\/v2\/types\/page"}],"author":[{"embeddable":true,"href":"https:\/\/cultura.guanajuato.gob.mx\/index.php\/wp-json\/wp\/v2\/users\/5"}],"replies":[{"embeddable":true,"href":"https:\/\/cultura.guanajuato.gob.mx\/index.php\/wp-json\/wp\/v2\/comments?post=6900"}],"version-history":[{"count":5,"href":"https:\/\/cultura.guanajuato.gob.mx\/index.php\/wp-json\/wp\/v2\/pages\/6900\/revisions"}],"predecessor-version":[{"id":6905,"href":"https:\/\/cultura.guanajuato.gob.mx\/index.php\/wp-json\/wp\/v2\/pages\/6900\/revisions\/6905"}],"wp:attachment":[{"href":"https:\/\/cultura.guanajuato.gob.mx\/index.php\/wp-json\/wp\/v2\/media?parent=6900"}],"curies":[{"name":"wp","href":"https:\/\/api.w.org\/{rel}","templated":true}]}}