{"id":6906,"date":"2022-02-04T20:12:42","date_gmt":"2022-02-04T20:12:42","guid":{"rendered":"https:\/\/cultura.guanajuato.gob.mx\/?page_id=6906"},"modified":"2022-02-04T20:12:51","modified_gmt":"2022-02-04T20:12:51","slug":"palacios-y-jardines-imperiales-china","status":"publish","type":"page","link":"https:\/\/cultura.guanajuato.gob.mx\/index.php\/palacios-y-jardines-imperiales-china\/","title":{"rendered":"Palacios y jardines imperiales China"},"content":{"rendered":"<div class=\"wpb-content-wrapper\"><p>[vc_row][vc_column][vc_column_text]<\/p>\n<h4 style=\"text-align: center;\">China en Guanajuato. Rumbo al Cervantino 50<\/h4>\n<h1 style=\"text-align: center;\">Palacios y jardines imperiales de la \u00e9poca antigua en China<\/h1>\n<p>[\/vc_column_text][\/vc_column][\/vc_row][vc_row][vc_column][vc_images_carousel images=\u00bb6908,6909,6910,6911,6912,6913,6914,6915,6916,6917,6918,6919,6920,6921,6922,6923,6924,6925,6926,6927,6928,6929,6930,6931,6932,6933,6934,6935,6936,6937,6938,6939,6940,6941,6942,6943,6944,6945,6946,6947,6948,6949,6950,6951,6952,6953,6954,6955,6956,6957,6958,6959,6960,6961,6962,6963,6964,6965,6966,6967,6968,6969,6970,6971,6972,6973,6974,6975,6976,6977,6978,6979,6980,6981,6982&#8243; img_size=\u00bblarge\u00bb css_animation=\u00bbfadeIn\u00bb][\/vc_column][\/vc_row][vc_row][vc_column][vc_column_text]<\/p>\n<h3 style=\"text-align: center;\">Introducci\u00f3n<\/h3>\n<p>Los palacios y jardines imperiales de la \u00e9poca antigua de China son los modelos de la combinaci\u00f3n entre la tecnolog\u00eda arquitect\u00f3nica y la jardiner\u00eda antiguas de China. Siendo el s\u00edmbolo del poder imperial de la antig\u00fcedad, su estilo y estructura ordenada, imponente presencia y encanto celestial representan la c\u00faspide de las t\u00e9cnicas de la construcci\u00f3n y los logros art\u00edsticos destacados de la China antigua, en los cuales se incorpora la estampa de la cultura tradicional china y el principio filos\u00f3fico de la uni\u00f3n entre el humano y la naturaleza.<\/p>\n<p>En la actualidad, los complejos arquitect\u00f3nicos de los palacios y jardines imperiales antiguos de China, que se han conservado perfectos, abarcan el Palacio Imperial de Beijing, el Palacio Imperial de Shenyang, el Templo del Cielo, el Palacio de Verano y la Villa Monta\u00f1osa de Veraneo de Chengde en la provincia de Hebei, entre otros.<\/p>\n<p>Los palacios imperiales de las dinast\u00edas Ming y Qing (los Palacios Imperiales de Beijing y Shenyang) integran la excelencia de las construcciones palaciegas de las distintas dinast\u00edas, y poseen su estricta distribuci\u00f3n espacial e imponentes formas art\u00edsticas. El complejo arquitect\u00f3nico del Templo de Cielo es una joya de la arquitectura religiosa y ritual.<\/p>\n<p>El Palacio de Verano y la Villa Monta\u00f1osa de Veraneo de Chengde utilizan el concepto paisaj\u00edstico de agua y monta\u00f1as para representar fielmente la generosa belleza de los jardines imperiales, por lo que se les ha denominado las obras primas de los jardines de la antigua China, y se les ha incluido en la Lista del Patrimonio Mundial de la UNESCO.<\/p>\n<p>Adem\u00e1s, en Beijing se encuentran el Monte de Panorama, el Parque Beihai, el Parque Yuanmingyuan y la Colina Perfumada, jardines imperiales de la antig\u00fcedad que cuentan con sus caracter\u00edsticas distintivas, elegantes estructuras y gran ingenio creativo.<\/p>\n<p>Esta exposici\u00f3n muestra las caracter\u00edsticas de los palacios y jardines imperiales como la distribuci\u00f3n, estructura individual, detalles decorativos, colores de las edificaciones y paisajes de los jardines, utilizando el lente de la c\u00e1mara para capturar la belleza de las cuatro estaciones y del concepto creativo, para que el espectador se encuentre con la cultura tradicional china y palpe la belleza de los palacios y jardines imperiales de la antigua China.<\/p>\n<p><em>Exposici\u00f3n virtual presentada en colaboraci\u00f3n con la Embajada de la Rep\u00fablica Popular China en M\u00e9xico y el Centro Cultural de China, en el marco de los 50 a\u00f1os de relaciones diplom\u00e1ticas entre China y M\u00e9xico.<\/em>[\/vc_column_text][\/vc_column][\/vc_row]<\/p>\n<\/div>","protected":false},"excerpt":{"rendered":"<p>[vc_row][vc_column][vc_column_text] China en Guanajuato. Rumbo al Cervantino 50 Palacios y jardines imperiales de la \u00e9poca antigua en China [\/vc_column_text][\/vc_column][\/vc_row][vc_row][vc_column][vc_images_carousel images=\u00bb6908,6909,6910,6911,6912,6913,6914,6915,6916,6917,6918,6919,6920,6921,6922,6923,6924,6925,6926,6927,6928,6929,6930,6931,6932,6933,6934,6935,6936,6937,6938,6939,6940,6941,6942,6943,6944,6945,6946,6947,6948,6949,6950,6951,6952,6953,6954,6955,6956,6957,6958,6959,6960,6961,6962,6963,6964,6965,6966,6967,6968,6969,6970,6971,6972,6973,6974,6975,6976,6977,6978,6979,6980,6981,6982&#8243; img_size=\u00bblarge\u00bb css_animation=\u00bbfadeIn\u00bb][\/vc_column][\/vc_row][vc_row][vc_column][vc_column_text] Introducci\u00f3n Los palacios y jardines imperiales de la [&hellip;]<\/p>\n","protected":false},"author":5,"featured_media":0,"parent":0,"menu_order":0,"comment_status":"closed","ping_status":"closed","template":"","meta":{"footnotes":""},"class_list":["post-6906","page","type-page","status-publish","hentry"],"_links":{"self":[{"href":"https:\/\/cultura.guanajuato.gob.mx\/index.php\/wp-json\/wp\/v2\/pages\/6906","targetHints":{"allow":["GET"]}}],"collection":[{"href":"https:\/\/cultura.guanajuato.gob.mx\/index.php\/wp-json\/wp\/v2\/pages"}],"about":[{"href":"https:\/\/cultura.guanajuato.gob.mx\/index.php\/wp-json\/wp\/v2\/types\/page"}],"author":[{"embeddable":true,"href":"https:\/\/cultura.guanajuato.gob.mx\/index.php\/wp-json\/wp\/v2\/users\/5"}],"replies":[{"embeddable":true,"href":"https:\/\/cultura.guanajuato.gob.mx\/index.php\/wp-json\/wp\/v2\/comments?post=6906"}],"version-history":[{"count":2,"href":"https:\/\/cultura.guanajuato.gob.mx\/index.php\/wp-json\/wp\/v2\/pages\/6906\/revisions"}],"predecessor-version":[{"id":6983,"href":"https:\/\/cultura.guanajuato.gob.mx\/index.php\/wp-json\/wp\/v2\/pages\/6906\/revisions\/6983"}],"wp:attachment":[{"href":"https:\/\/cultura.guanajuato.gob.mx\/index.php\/wp-json\/wp\/v2\/media?parent=6906"}],"curies":[{"name":"wp","href":"https:\/\/api.w.org\/{rel}","templated":true}]}}