{"id":894,"date":"2017-01-28T17:22:48","date_gmt":"2017-01-28T17:22:48","guid":{"rendered":"http:\/\/cultura.guanajuato.gob.mx\/?page_id=894"},"modified":"2019-03-11T19:01:50","modified_gmt":"2019-03-11T19:01:50","slug":"zonas-arqueologicas2","status":"publish","type":"page","link":"https:\/\/cultura.guanajuato.gob.mx\/index.php\/zonas-arqueologicas2\/","title":{"rendered":"Zonas Arqueol\u00f3gicas 2"},"content":{"rendered":"<div class=\"wpb-content-wrapper\"><p>[vc_row][vc_column width=\u00bb1\/4&#8243;][vc_single_image image=\u00bb1142&#8243; img_size=\u00bblarge\u00bb add_caption=\u00bbyes\u00bb][\/vc_column][vc_column width=\u00bb1\/2&#8243;][vc_column_text]<\/p>\n<h3>Guanajuato tambi\u00e9n pose\u00e9 su arqueolog\u00eda patrimonial, y contamos con 5 sitios abiertos al p\u00fablico.<\/h3>\n<p>En el a\u00f1o 2001, con la firma del marco de colaboraci\u00f3n entre el Instituto Nacional de Antropolog\u00eda e Historia (INAH) y el Gobierno del Estado de Guanajuato, a trav\u00e9s del Instituto Estatal de la Cultura, instrumento al que se adhirieron voluntariamente los ayuntamientos de P\u00e9njamo, Abasolo, San Miguel de Allende y Ocampo, se fortaleci\u00f3 la coordinaci\u00f3n entre los tres \u00f3rdenes de gobierno para apoyar la investigaci\u00f3n, la conservaci\u00f3n, la difusi\u00f3n y la preservaci\u00f3n del patrimonio arqueol\u00f3gico en el estado de Guanajuato.<\/p>\n<p>En el a\u00f1o de 2008 a propuesta del Gobierno Estatal, inicia un modelo de gesti\u00f3n \u00fanico en el pa\u00eds, mediante el cual, los ingresos por el pago de servicios, se integran al patrimonio del fideicomiso de administraci\u00f3n de los sitios abiertos a p\u00fablico, logrando una sustentabilidad del 50%, cantidad que se destina tanto a la operaci\u00f3n como a la investigaci\u00f3n y los trabajos de los sitios que a\u00fan est\u00e1n en investigaci\u00f3n y no han abierto a p\u00fablico. El \u00e9xito de este modelo sin duda ha sido la colaboraci\u00f3n entre las instituciones: Gobierno Estatal, INAH y los municipios.<\/p>\n<p>Actualmente son varios los estudios que se llevan a cabo en las extensiones del estado de Guanajuato, entre los que destacan, por su magnitud y su dise\u00f1o integral, los proyectos de investigaci\u00f3n y conservaci\u00f3n en los sitios arqueol\u00f3gicos de<\/p>\n<ul>\n<li>Plazuelas, en el municipio de P\u00e9njamo<\/li>\n<li>Peralta, en Abasolo<\/li>\n<li>Ca\u00f1ada de la Virgen, en San Miguel de Allende<\/li>\n<li>El C\u00f3poro, en Ocampo<\/li>\n<li>Arroyo Seco, en Victoria<\/li>\n<\/ul>\n<blockquote><p>Los resultados parciales de estas investigaciones confirman el planteamiento de que los grupos que habitaron lo que hoy conocemos como Guanajuato, sobre todo antes del 900 de nuestra era.<\/p><\/blockquote>\n<h3>RECOMENDACIONES<\/h3>\n<p>Siempre que usted quiera visitar alguna zona arqueol\u00f3gica, le recomendamos llevar ropa y calzado c\u00f3modo, gorra o sombrero, lentes para sol, bloqueador solar, as\u00ed como una botella con agua.<\/p>\n<p>Ca\u00f1ada de la Virgen, El C\u00f3poro y Arroyo Seco: 9:30 a 18:00 horas. (ultimo recorrido a las 16:00 horas).<br \/>\nPlazuelas y Peralta: 10:00 a 17:00 horas.<\/p>\n<p><span style=\"color: #00a4db;\">Para todas las zonas abierta a p\u00fablico, el horario es de martes a domingo de\u00a09:30 a 18:00 horas en Ca\u00f1ada de la Virgen, El C\u00f3poro y Arroyo Seco:\u00a0 (ultimo recorrido a las 16:00 horas).\u00a010:00 a 17:00 horas en Plazuelas y Peralta y el costo es de $39.00 pesos adultos y $12.00 menores de 12 a\u00f1os. \u00a1Visitanos!<\/span>[\/vc_column_text][\/vc_column][vc_column width=\u00bb1\/4&#8243;][vc_wp_custommenu nav_menu=\u00bb2&#8243;][vc_wp_custommenu][\/vc_column][\/vc_row][vc_row][vc_column width=\u00bb1\/6&#8243;][\/vc_column][vc_column width=\u00bb1\/6&#8243;][vc_single_image image=\u00bb2848&#8243; img_size=\u00bbmedium\u00bb onclick=\u00bbcustom_link\u00bb link=\u00bbhttps:\/\/cultura.guanajuato.gob.mx\/index.php\/arroyo-seco\/\u00bb][vc_column_text]<\/p>\n<h3>Arroyo Seco<\/h3>\n<p>La zona arqueol\u00f3gica Arroyo Seco est\u00e1 integrada por una planicie y dos peque\u00f1as elevaciones naturales de relevante valor paisaj\u00edstico, donde se ubican los conjuntos pict\u00f3ricos que confieren a este sitio su valor patrimonial y que lo distinguen como una de las concentraciones de arte rupestre m\u00e1s importantes del pa\u00eds.\u00a0 <a href=\"https:\/\/cultura.guanajuato.gob.mx\/index.php\/arroyo-seco\/\">Leer m\u00e1s<\/a>[\/vc_column_text][\/vc_column][vc_column width=\u00bb1\/6&#8243;][vc_single_image image=\u00bb1175&#8243; img_size=\u00bbmedium\u00bb add_caption=\u00bbyes\u00bb onclick=\u00bbcustom_link\u00bb link=\u00bbhttps:\/\/cultura.guanajuato.gob.mx\/index.php\/coporo\/\u00bb][vc_column_text]<\/p>\n<h3>C\u00f3poro<\/h3>\n<p>Este importante asentamiento prehisp\u00e1nico, habitado entre 500 y 900 d.C., se encuentra sobre las estribaciones al poniente de la sierra de Santa B\u00e1rbara y pr\u00f3ximo a la comunidad de San Jos\u00e9 del Torre\u00f3n. <a href=\"https:\/\/cultura.guanajuato.gob.mx\/index.php\/coporo\/\">Leer m\u00e1s<\/a>[\/vc_column_text][\/vc_column][vc_column width=\u00bb1\/6&#8243;][vc_single_image image=\u00bb1176&#8243; img_size=\u00bbmedium\u00bb add_caption=\u00bbyes\u00bb onclick=\u00bbcustom_link\u00bb link=\u00bbhttps:\/\/cultura.guanajuato.gob.mx\/index.php\/canada-de-la-virgen\/\u00bb][vc_column_text]<\/p>\n<h3>Ca\u00f1ada de la Virgen<\/h3>\n<p>La zona arqueol\u00f3gica Ca\u00f1ada de la Virgen, ubicada en el municipio de San Miguel de Allende, es un asentamiento prehisp\u00e1nico enclavado en la frontera septentrional de Mesoam\u00e9rica, cuyos principales monumentos se utilizaron para realizar observaciones del cielo. <a href=\"https:\/\/cultura.guanajuato.gob.mx\/index.php\/canada-de-la-virgen\/\">Leer m\u00e1s<\/a>[\/vc_column_text][\/vc_column][vc_column width=\u00bb1\/6&#8243;][vc_single_image image=\u00bb1142&#8243; img_size=\u00bbmedium\u00bb add_caption=\u00bbyes\u00bb onclick=\u00bbcustom_link\u00bb link=\u00bbhttps:\/\/cultura.guanajuato.gob.mx\/index.php\/plazuelas\/\u00bb][vc_column_text]<\/p>\n<h3>Plazuelas.<\/h3>\n<p>En las estribaciones sure\u00f1as de la sierra de P\u00e9njamo, al suroeste de la sierra de Guanajuato, se hallan los vestigios de una de las ciudades m\u00e1s complejas de esta regi\u00f3n. <a href=\"https:\/\/cultura.guanajuato.gob.mx\/index.php\/plazuelas\/\">Leer m\u00e1s<\/a>[\/vc_column_text][\/vc_column][vc_column width=\u00bb1\/6&#8243;][vc_single_image image=\u00bb1174&#8243; img_size=\u00bbmedium\u00bb add_caption=\u00bbyes\u00bb onclick=\u00bbcustom_link\u00bb link=\u00bbhttps:\/\/cultura.guanajuato.gob.mx\/index.php\/peralta\/\u00bb][vc_column_text]<\/p>\n<h3>Peralta<\/h3>\n<p>Peralta es uno de los sitios arqueol\u00f3gicos m\u00e1s grandes del estado de Guanajuato. Habitado entre los a\u00f1os 300 y 900 d.C., su monumentalidad constructiva lo ubica como uno de los seis m\u00e1s grandes asentamientos de la tradici\u00f3n El Baj\u00edo y uno de los mayores centros c\u00edvicos ceremoniales de esta porci\u00f3n de occidente mexicano.\u00a0<a href=\"https:\/\/cultura.guanajuato.gob.mx\/index.php\/peralta\/\">Leer m\u00e1s<\/a>[\/vc_column_text][\/vc_column][\/vc_row][vc_row][vc_column width=\u00bb1\/4&#8243;][vc_wp_custommenu title=\u00bbM\u00e1s Cultura\u2026\u00bb nav_menu=\u00bb4&#8243;][\/vc_column][vc_column width=\u00bb1\/4&#8243;][\/vc_column][vc_column width=\u00bb1\/4&#8243;][\/vc_column][\/vc_row]<\/p>\n<\/div>","protected":false},"excerpt":{"rendered":"<p>[vc_row][vc_column width=\u00bb1\/4&#8243;][vc_single_image image=\u00bb1142&#8243; img_size=\u00bblarge\u00bb add_caption=\u00bbyes\u00bb][\/vc_column][vc_column width=\u00bb1\/2&#8243;][vc_column_text] Guanajuato tambi\u00e9n pose\u00e9 su arqueolog\u00eda patrimonial, y contamos con 5 sitios abiertos al p\u00fablico. En el a\u00f1o 2001, con la firma del marco de [&hellip;]<\/p>\n","protected":false},"author":5,"featured_media":0,"parent":0,"menu_order":0,"comment_status":"closed","ping_status":"closed","template":"","meta":{"footnotes":""},"class_list":["post-894","page","type-page","status-publish","hentry"],"_links":{"self":[{"href":"https:\/\/cultura.guanajuato.gob.mx\/index.php\/wp-json\/wp\/v2\/pages\/894","targetHints":{"allow":["GET"]}}],"collection":[{"href":"https:\/\/cultura.guanajuato.gob.mx\/index.php\/wp-json\/wp\/v2\/pages"}],"about":[{"href":"https:\/\/cultura.guanajuato.gob.mx\/index.php\/wp-json\/wp\/v2\/types\/page"}],"author":[{"embeddable":true,"href":"https:\/\/cultura.guanajuato.gob.mx\/index.php\/wp-json\/wp\/v2\/users\/5"}],"replies":[{"embeddable":true,"href":"https:\/\/cultura.guanajuato.gob.mx\/index.php\/wp-json\/wp\/v2\/comments?post=894"}],"version-history":[{"count":41,"href":"https:\/\/cultura.guanajuato.gob.mx\/index.php\/wp-json\/wp\/v2\/pages\/894\/revisions"}],"predecessor-version":[{"id":3175,"href":"https:\/\/cultura.guanajuato.gob.mx\/index.php\/wp-json\/wp\/v2\/pages\/894\/revisions\/3175"}],"wp:attachment":[{"href":"https:\/\/cultura.guanajuato.gob.mx\/index.php\/wp-json\/wp\/v2\/media?parent=894"}],"curies":[{"name":"wp","href":"https:\/\/api.w.org\/{rel}","templated":true}]}}