{"id":975,"date":"2017-01-30T15:57:09","date_gmt":"2017-01-30T15:57:09","guid":{"rendered":"http:\/\/cultura.guanajuato.gob.mx\/?page_id=975"},"modified":"2023-10-07T17:50:17","modified_gmt":"2023-10-07T17:50:17","slug":"bibliotecas-centrales","status":"publish","type":"page","link":"https:\/\/cultura.guanajuato.gob.mx\/index.php\/bibliotecas-centrales\/","title":{"rendered":"Biblioteca Central Estatal Wigberto Jim\u00e9nez Moreno"},"content":{"rendered":"<div class=\"wpb-content-wrapper\"><p>[vc_row][vc_column width=\u00bb1\/4&#8243;][vc_single_image image=\u00bb1183&#8243; img_size=\u00bbmedium\u00bb add_caption=\u00bbyes\u00bb][\/vc_column][vc_column width=\u00bb1\/2&#8243;][vc_column_text]<\/p>\n<h3 class=\"p1\"><span class=\"s1\">Biblioteca Central Estatal Wigberto Jim\u00e9nez Moreno,\u00a0<\/span>Espacio de vanguardia en el Estado.<\/h3>\n<p class=\"p1\"><span class=\"s1\">La Biblioteca Central Estatal de Guanajuato \u201cWigberto Jim\u00e9nez Moreno\u201d es un proyecto arquitect\u00f3nico desarrollado por el Instituto Estatal de la Cultura para integrar la cultura del libro con las tecnolog\u00edas de informaci\u00f3n y comunicaci\u00f3n. Es uno de los espacios de vanguardia arquitect\u00f3nica, cultural y tecnol\u00f3gica m\u00e1s importante del pa\u00eds. <\/span><\/p>\n<p class=\"p1\"><span class=\"s1\">La Biblioteca se engalana ante las miradas de los visitantes del F\u00f3rum Cultural que perciben la armon\u00eda<span class=\"Apple-converted-space\">\u00a0 <\/span>que generan los<span class=\"Apple-converted-space\">\u00a0 <\/span>claros materiales finamente<span class=\"Apple-converted-space\">\u00a0 <\/span>seleccionados por el Arquitecto Chien Chung Pei.<\/span><\/p>\n<p class=\"p1\"><span class=\"s1\">Didi Pei, como es mejor conocido, es una<span class=\"Apple-converted-space\">\u00a0 <\/span>personalidad de la arquitectural Mundial por trabajar en proyectos como<span class=\"Apple-converted-space\">\u00a0 <\/span>el<span class=\"Apple-converted-space\">\u00a0 <\/span>de la remodelaci\u00f3n del Museo de Louvre y la construcci\u00f3n del Banco de China por mencionar algunos.<\/span><\/p>\n<p class=\"p1\"><span class=\"s1\">Al hablar de la Biblioteca Central Estatal es inevitable mencionar al Sr. Wigberto Jim\u00e9nez Moreno, Leon\u00e9s de nacimiento, hombre apasionado y fiel amante de la lectura. Fue uno de los m\u00e1s grandes investigadores del pa\u00eds. <\/span><\/p>\n<p class=\"p1\"><span class=\"s1\">La Biblioteca ostenta su nombre y resguarda su<span class=\"Apple-converted-space\">\u00a0 <\/span>acervo como si protegiera un tesoro, el cual cuenta con<span class=\"Apple-converted-space\">\u00a0 <\/span>m\u00e1s de 40 000<span class=\"Apple-converted-space\">\u00a0 <\/span>t\u00edtulos<span class=\"Apple-converted-space\">\u00a0 <\/span>entre los que destacan material especializado en Antropolog\u00eda, Historia de M\u00e9xico y Etnolog\u00eda, as\u00ed como<span class=\"Apple-converted-space\">\u00a0 <\/span>algunos c\u00f3dices y libros antiguos en varios<span class=\"Apple-converted-space\">\u00a0 <\/span>idiomas. Es una de las colecciones m\u00e1s importantes de M\u00e9xico.<\/span><\/p>\n<p class=\"p1\"><span class=\"s1\">Este magno recinto posee un conjunto de espacios en los cuales se ofrecen<span class=\"Apple-converted-space\">\u00a0 <\/span>varios servicios y eventos culturales y acad\u00e9micos dirigidos a los usuarios de todas las edades y cuentan con el acervo y la tecnolog\u00eda para<span class=\"Apple-converted-space\">\u00a0 <\/span>satisfacer<span class=\"Apple-converted-space\">\u00a0 <\/span>a usuarios que oscilan desde la temprana edad<span class=\"Apple-converted-space\">\u00a0 <\/span>hasta los adultos en plenitud.<\/span><\/p>\n<p><span style=\"color: #3366ff;\"><strong>Informaci\u00f3n pr\u00e1ctica<\/strong><\/span><br \/>\n<strong>Horario de servicio:<\/strong> Lunes a s\u00e1bado, de 10:00 a 18:00 h<br \/>\nCerrada domingos, d\u00edas festivos, Semana Santa y los siguientes periodos vacacionales en 2023:<br \/>\n24 al 29 de julio, 2023<br \/>\n21 de diciembre de 2023 a 6 de enero de 2024<\/p>\n<p><span style=\"color: #ff6600;\"><strong>AVISO IMPORTANTE:<\/strong><\/span><br \/>\n<strong>Todos nuestros servicios en l\u00ednea est\u00e1n suspendidos de manera temporal<\/strong> por mantenimiento de su plataforma tecnol\u00f3gica. Si requieres consultar acervos de Biblioteca Digital, dir\u00edgete al personal de servicios bibliotecarios en nuestra sede o comun\u00edcate en d\u00edas y horas h\u00e1biles al tel. 477 152 4200 ext.1105 o al correo a prestamosbceg@guanajuato.gob.mx<\/p>\n<p><strong>El m\u00f3dulo de chat no brinda respuestas en tiempo real. <\/strong>Para comunicaci\u00f3n m\u00e1s r\u00e1pida, te sugerimos la v\u00eda telef\u00f3nica en d\u00edas y horas h\u00e1biles.<\/p>\n<h4 class=\"p1\"><span class=\"s1\" style=\"color: #00a4dc;\">Sala General<\/span><\/h4>\n<p class=\"p1\"><span class=\"s1\">Ofrece sus servicios a todo tipo de p\u00fablico porque posee toda clase de informaci\u00f3n. Esta sala adem\u00e1s, brinda al usuario una gran variedad de servicios como el pr\u00e9stamo a domicilio, el uso de sillones de audio, cuatro salas de lectura informal y nueve salas de trabajo grupal para las actividades en equipo.<\/span><\/p>\n<h4 class=\"p1\"><span style=\"color: #00a4dc;\">Sala Consulta<\/span><\/h4>\n<p class=\"p1\"><span class=\"s1\">Primera referencia para el usuario que accede a la Biblioteca. Cuenta con un nutrido acervo de diccionarios especializados, atlas y enciclopedias de todas las \u00e1reas del conocimiento.<\/span><\/p>\n<h4 class=\"p1\"><span style=\"color: #00a4dc;\">Sala Internet<\/span><\/h4>\n<p class=\"p1\"><span class=\"s1\">Es un espacio dividido en 2 \u00e1reas claramente diferenciadas; una sala destinada a cursos de capacitaci\u00f3n con 20 computadoras, y otra para uso corriente de los usuarios con 30 m\u00e1quinas. Se ofrece a su vez toda clase de asesor\u00eda en el manejo de los equipos y orientaci\u00f3n a los usuarios en cualquier problema que se presente.<\/span><\/p>\n<h4 class=\"p1\"><span class=\"s1\" style=\"color: #00a4dc;\">Infantil<\/span><\/h4>\n<p class=\"p1\"><span class=\"s1\">Sala Infantil Es el \u00e1rea de la Biblioteca destinada especialmente para los futuros lectores. En esta Sala existe una gran cantidad de material para ni\u00f1os como libros de cuentos y leyendas, material de ciencia, etc. En esta zona se encuentra tambi\u00e9n una bebeteca (para peque\u00f1os de 0 a 2 a\u00f1os 11 meses) un peque\u00f1o pero gran espacio para todos los padres que deseen estimular el proceso lector de su beb\u00e9; cuentan tambi\u00e9n con una Sala de C\u00f3mputo Infantil con 21 m\u00e1quinas y sanitarios para ni\u00f1os menores de 6 a\u00f1os. Por otra parte, en la sala infantil se llevan a cabo m\u00faltiples actividades como c\u00edrculos de lectura, cuenta cuentos, el apoyo a los peque\u00f1os usuarios y desarrollo de habilidades informativas.<\/span><\/p>\n<h4 class=\"p1\"><span style=\"color: #00a4dc;\">Sala Audiovisual<\/span><\/h4>\n<p class=\"p1\"><span class=\"s1\">Una opci\u00f3n m\u00e1s para el aprendizaje es proporcionado por esta sala, en la que se puede disponer de 14 pantallas de plasma para ver pel\u00edculas, cortometrajes y documentales, as\u00ed como cursos de varios idiomas. Las proyecciones se pueden hacer de manera individual en los monitores o bien, se puede acceder a un sal\u00f3n de proyecciones con capacidad para 33 personas. Contamos con un amplio acervo en material Multimedia y audiolibros.<\/span><\/p>\n<h4 class=\"p1\"><span style=\"color: #00a4dc;\">Sala Braille<\/span><\/h4>\n<p class=\"p1\"><span class=\"s1\">Como su nombre lo indica, en esta sala se da atenci\u00f3n a ciegos y d\u00e9biles visuales. Para ello se cuenta con una gran cantidad de material como bastones, regletas, \u00e1bacos, cajas aritm\u00e9ticas, grabadoras, punzones, mapas en relieve, m\u00e1quinas de escribir, calculadores parlantes, 6 computadoras parlantes, 2 scanners y 3 impresoras para braille, as\u00ed como un amplio acervo de libros y cd\u2019s.<\/span><\/p>\n<p>[\/vc_column_text][\/vc_column][vc_column width=\u00bb1\/4&#8243;][vc_wp_custommenu nav_menu=\u00bb2&#8243;][\/vc_column][\/vc_row][vc_row][vc_column width=\u00bb1\/4&#8243;][vc_wp_custommenu nav_menu=\u00bb4&#8243; title=\u00bbM\u00e1s Cultura\u2026\u00bb el_class=\u00bbwp_normatividad\u00bb][\/vc_column][vc_column width=\u00bb1\/4&#8243;][vc_wp_custommenu nav_menu=\u00bb5&#8243; title=\u00bbLugares de inter\u00e9s\u00bb][\/vc_column][vc_column width=\u00bb1\/4&#8243;][\/vc_column][vc_column width=\u00bb1\/4&#8243;][\/vc_column][\/vc_row]<\/p>\n<\/div>","protected":false},"excerpt":{"rendered":"<p>[vc_row][vc_column width=\u00bb1\/4&#8243;][vc_single_image image=\u00bb1183&#8243; img_size=\u00bbmedium\u00bb add_caption=\u00bbyes\u00bb][\/vc_column][vc_column width=\u00bb1\/2&#8243;][vc_column_text] Biblioteca Central Estatal Wigberto Jim\u00e9nez Moreno,\u00a0Espacio de vanguardia en el Estado. La Biblioteca Central Estatal de Guanajuato \u201cWigberto Jim\u00e9nez Moreno\u201d es un proyecto arquitect\u00f3nico [&hellip;]<\/p>\n","protected":false},"author":5,"featured_media":992,"parent":0,"menu_order":0,"comment_status":"closed","ping_status":"closed","template":"","meta":{"footnotes":""},"class_list":["post-975","page","type-page","status-publish","hentry"],"_links":{"self":[{"href":"https:\/\/cultura.guanajuato.gob.mx\/index.php\/wp-json\/wp\/v2\/pages\/975","targetHints":{"allow":["GET"]}}],"collection":[{"href":"https:\/\/cultura.guanajuato.gob.mx\/index.php\/wp-json\/wp\/v2\/pages"}],"about":[{"href":"https:\/\/cultura.guanajuato.gob.mx\/index.php\/wp-json\/wp\/v2\/types\/page"}],"author":[{"embeddable":true,"href":"https:\/\/cultura.guanajuato.gob.mx\/index.php\/wp-json\/wp\/v2\/users\/5"}],"replies":[{"embeddable":true,"href":"https:\/\/cultura.guanajuato.gob.mx\/index.php\/wp-json\/wp\/v2\/comments?post=975"}],"version-history":[{"count":13,"href":"https:\/\/cultura.guanajuato.gob.mx\/index.php\/wp-json\/wp\/v2\/pages\/975\/revisions"}],"predecessor-version":[{"id":8394,"href":"https:\/\/cultura.guanajuato.gob.mx\/index.php\/wp-json\/wp\/v2\/pages\/975\/revisions\/8394"}],"wp:featuredmedia":[{"embeddable":true,"href":"https:\/\/cultura.guanajuato.gob.mx\/index.php\/wp-json\/wp\/v2\/media\/992"}],"wp:attachment":[{"href":"https:\/\/cultura.guanajuato.gob.mx\/index.php\/wp-json\/wp\/v2\/media?parent=975"}],"curies":[{"name":"wp","href":"https:\/\/api.w.org\/{rel}","templated":true}]}}