{"id":978,"date":"2017-01-30T15:52:18","date_gmt":"2017-01-30T15:52:18","guid":{"rendered":"http:\/\/cultura.guanajuato.gob.mx\/?page_id=978"},"modified":"2018-10-22T18:28:12","modified_gmt":"2018-10-22T18:28:12","slug":"museo-casa-diego-rivera","status":"publish","type":"page","link":"https:\/\/cultura.guanajuato.gob.mx\/index.php\/museos-del-estado\/museo-casa-diego-rivera\/","title":{"rendered":"Museo Casa Diego Rivera"},"content":{"rendered":"<div class=\"wpb-content-wrapper\"><p>[vc_row][vc_column width=\u00bb1\/4&#8243;][vc_single_image image=\u00bb1232&#8243; img_size=\u00bbmedium\u00bb add_caption=\u00bbyes\u00bb][vc_gmaps link=\u00bb#E-8_JTNDaWZyYW1lJTIwc3JjJTNEJTIyaHR0cHMlM0ElMkYlMkZ3d3cuZ29vZ2xlLmNvbSUyRm1hcHMlMkZlbWJlZCUzRnBiJTNEJTIxMW0xOCUyMTFtMTIlMjExbTMlMjExZDM3MjQuMzYxNjA2MjIyMTUxJTIxMmQtMTAxLjI1NzM5MTc4NDk2ODE0JTIxM2QyMS4wMTgyMTI0ODYwMDQxOCUyMTJtMyUyMTFmMCUyMTJmMCUyMTNmMCUyMTNtMiUyMTFpMTAyNCUyMTJpNzY4JTIxNGYxMy4xJTIxM20zJTIxMW0yJTIxMXMweDg0MmI3NDA4ZjUwYzEyZjUlMjUzQTB4YjBiMDFiYjE5YzE1ODJmYiUyMTJzTXVzZW8lMkJDYXNhJTJCRGllZ28lMkJSaXZlcmElMjE1ZTAlMjEzbTIlMjExc2VzJTIxMnNteCUyMTR2MTU0MDIzMjg1NDI4NiUyMiUyMHdpZHRoJTNEJTIyNjAwJTIyJTIwaGVpZ2h0JTNEJTIyNDUwJTIyJTIwZnJhbWVib3JkZXIlM0QlMjIwJTIyJTIwc3R5bGUlM0QlMjJib3JkZXIlM0EwJTIyJTIwYWxsb3dmdWxsc2NyZWVuJTNFJTNDJTJGaWZyYW1lJTNF\u00bb][\/vc_column][vc_column width=\u00bb1\/2&#8243;][vc_column_text]<\/p>\n<p class=\"p1\" style=\"text-align: justify;\"><b><\/b><span class=\"s1\">Abierto como museo en el a\u00f1o de 1975 se ubica en la que fuera la casa natal del famoso pintor mexicano Diego Rivera. Su acervo en exhibici\u00f3n forma parte de la importante colecci\u00f3n del Ing. Marte R. G\u00f3mez incluyendo desde obras realizadas durante su infancia como \u201cCabeza cl\u00e1sica\u201d, hasta sus \u00faltimas obras realizadas un a\u00f1o antes de su muerte en 1956, como \u201cPaloma de la paz\u201d y \u201cMadame Libet\u201d.<\/span><\/p>\n<p class=\"p1\" style=\"text-align: justify;\"><span class=\"s1\">Adicionalmente, su acervo cuenta con la colecci\u00f3n de \u201cMini estampa\u201d, constituida por obra de artistas reconocidos, como el Maestro Jos\u00e9 Luis Cuevas entre otros.<\/span><\/p>\n<h3 class=\"p1\" style=\"text-align: justify;\"><span class=\"s1\"><b>Colecci\u00f3n Permanente<\/b><\/span><\/h3>\n<p class=\"p1\" style=\"text-align: justify;\"><span class=\"s1\" style=\"color: #00a4dc;\"><b>Sala planta baja<\/b><\/span><\/p>\n<p class=\"p1\" style=\"text-align: justify;\"><span class=\"s1\">Contiene espacios que fueron acondicionados para recrear las habitaciones y la decoraci\u00f3n de la \u00e9poca, albergando muebles del siglo XIX y de principios del XX.<\/span><\/p>\n<p class=\"p1\" style=\"text-align: justify;\"><span class=\"s1\" style=\"color: #00a4dc;\"><b>Sala desnudos y dibujos<\/b><\/span><\/p>\n<p class=\"p1\" style=\"text-align: justify;\"><span class=\"s1\">Aqu\u00ed es posible ver un autorretrato, desnudos de Frida Kahlo y de Dolores Olmedo.<\/span><\/p>\n<p class=\"p1\" style=\"text-align: justify;\"><span class=\"s1\" style=\"color: #00a4dc;\"><b>Sala, litograf\u00edas y retratos<\/b><\/span><\/p>\n<p class=\"p1\" style=\"text-align: justify;\"><span class=\"s1\">En esta sala destacan las obras \u201cLa Maestra rural\u201d, \u201cZapata\u201d y el cuadro \u201cNi\u00f1o en rojo\u201d, que es el retrato del ni\u00f1o Rodolfo G\u00f3mez, hijo del coleccionista Marte R. G\u00f3mez.<\/span><\/p>\n<p class=\"p1\" style=\"text-align: justify;\"><span class=\"s1\" style=\"color: #00a4dc;\"><b>Sala Paricut\u00edn<\/b><\/span><\/p>\n<p class=\"p1\" style=\"text-align: justify;\"><span class=\"s1\">Expone de manera permanente una serie de acuarelas y tintas que Diego Rivera realiz\u00f3 durante la erupci\u00f3n del volc\u00e1n Paricut\u00edn.<\/span><\/p>\n<p class=\"p1\" style=\"text-align: justify;\"><span class=\"s1\" style=\"color: #00a4dc;\"><b>Sala bocetos<\/b><\/span><\/p>\n<p class=\"p1\" style=\"text-align: justify;\"><span class=\"s1\">En esta sala se pueden apreciar dibujos preliminares para el mural \u201cHistoria del teatro\u201d, realizado en el Teatro de los Insurgentes de la ciudad de M\u00e9xico.<\/span><\/p>\n<p class=\"p1\" style=\"text-align: justify;\"><span class=\"s1\" style=\"color: #00a4dc;\"><b>Sala dibujos<\/b><\/span><\/p>\n<p class=\"p1\" style=\"text-align: justify;\"><span class=\"s1\">Exhibe una colecci\u00f3n de dibujos a l\u00e1piz y tintas de diversos temas y \u00e9pocas.<\/span><\/p>\n<p class=\"p1\" style=\"text-align: justify;\"><span class=\"s1\" style=\"color: #00a4dc;\"><b>Sala de la postguerra<\/b><\/span><\/p>\n<p class=\"p1\" style=\"text-align: justify;\"><span class=\"s1\">Exhibe obra de las contiendas en los libros de las convenciones agrarias.<\/span><\/p>\n<p class=\"p1\" style=\"text-align: justify;\"><span class=\"s1\" style=\"color: #00a4dc;\"><b>Sala foto mural<\/b><\/span><\/p>\n<p class=\"p1\" style=\"text-align: justify;\"><span class=\"s1\">Muestra una ampliaci\u00f3n fotogr\u00e1fica del Mural realizado por Diego llamado \u201cSue\u00f1o de una tarde dominical en la Alameda\u201d. Contiene adem\u00e1s fotograf\u00edas de Diego y Frida y una reproducci\u00f3n del texto \u201cRetrato de Diego\u201d, escrito por Frida Kahlo.<\/span><\/p>\n<p class=\"p1\" style=\"text-align: justify;\"><span class=\"s1\">En este espacio tambi\u00e9n se ofrecen conferencias y actividades de cine club.<\/span><\/p>\n<p class=\"p1\" style=\"text-align: justify;\"><span class=\"s1\" style=\"color: #00a4dc;\"><b>Salas temporales<\/b><\/span><\/p>\n<p class=\"p1\" style=\"text-align: justify;\"><span class=\"s1\">Destinadas a la exhibici\u00f3n temporal de obras de destacados artistas mexicanos y extranjeros.<\/span><\/p>\n<p class=\"p1\" style=\"text-align: justify;\"><span class=\"s1\"><b>Principales Actividades<\/b><\/span><\/p>\n<p class=\"p1\" style=\"text-align: justify;\"><span class=\"s1\"><b>Exposiciones<\/b><\/span><\/p>\n<p class=\"p1\" style=\"text-align: justify;\"><span class=\"s1\"><b>Ciclos de Cine<\/b><\/span><\/p>\n<p class=\"p1\" style=\"text-align: justify;\"><span class=\"s1\"><b>Cine Club-Video<\/b><\/span><\/p>\n<p class=\"p1\" style=\"text-align: justify;\"><span class=\"s1\">Ciclos dise\u00f1ados por g\u00e9neros, pa\u00edses, directores, actores. Funciones martes y mi\u00e9rcoles en el auditorio del Museo.<\/span><\/p>\n<p class=\"p1\" style=\"text-align: justify;\"><span class=\"s1\" style=\"color: #00a4dc;\"><b>Conferencias<\/b><\/span><\/p>\n<p class=\"p1\" style=\"text-align: justify;\"><span class=\"s1\">Peri\u00f3dicamente se presentan personajes en apoyo a otros programas y actividades.<\/span><\/p>\n<p class=\"p1\" style=\"text-align: justify;\"><span class=\"s1\" style=\"color: #00a4dc;\"><b>Charla con los Artistas<\/b><\/span><\/p>\n<p class=\"p1\" style=\"text-align: justify;\"><span class=\"s1\">Programa en el que se presentan, regularmente, los artistas que exponen su obra, sus ideas, m\u00e9todos y la m\u00edstica de su trabajo.<\/span><\/p>\n<p class=\"p1\" style=\"text-align: justify;\"><span class=\"s1\" style=\"color: #00a4dc;\"><b>Extensi\u00f3n<\/b><\/span><\/p>\n<p class=\"p1\" style=\"text-align: justify;\"><span class=\"s1\">Regularmente se establecen relaciones de intercambio y\/o de apoyo con instituciones similares y con algunas otras de diversa \u00edndole. Se intenta satisfacer requerimientos y optimizar los recursos.<\/span><\/p>\n<h3 class=\"p1\" style=\"text-align: justify;\"><span class=\"s1\">Direcci\u00f3n:<\/span><\/h3>\n<p class=\"p1\" style=\"text-align: justify;\"><span class=\"s1\">Positos No. 47, Guanajuato, Gto.<\/span><\/p>\n<p class=\"p1\" style=\"text-align: justify;\"><span class=\"s1\">Tel. y Fax. 01 (473) 73 2 11 97<\/span><\/p>\n<p class=\"p1\" style=\"text-align: justify;\"><span class=\"s1\">HORARIOS: Martes a S\u00e1bado: 10:00 a 19:00 hrs.<\/span><\/p>\n<p class=\"p1\" style=\"text-align: justify;\"><span class=\"s1\">Domingos:10:00 a 15:00 hrs.<\/span><\/p>\n<p class=\"p1\" style=\"text-align: justify;\">ENTRADA: $ 25.00 General \u2013 $10.00 Estudiante con credencial<\/p>\n<p>[\/vc_column_text][\/vc_column][vc_column width=\u00bb1\/4&#8243;][vc_wp_custommenu nav_menu=\u00bb2&#8243;][\/vc_column][\/vc_row][vc_row][vc_column width=\u00bb1\/4&#8243;][vc_wp_custommenu title=\u00bbOtros sitios de cultura\u00bb nav_menu=\u00bb4&#8243;][\/vc_column][vc_column width=\u00bb1\/4&#8243;][vc_wp_custommenu title=\u00bbLugares de inter\u00e9s\u00bb nav_menu=\u00bb5&#8243;][\/vc_column][vc_column width=\u00bb1\/4&#8243;][\/vc_column][vc_column width=\u00bb1\/4&#8243;][\/vc_column][\/vc_row]<\/p>\n<\/div>","protected":false},"excerpt":{"rendered":"<p>[vc_row][vc_column width=\u00bb1\/4&#8243;][vc_single_image image=\u00bb1232&#8243; img_size=\u00bbmedium\u00bb add_caption=\u00bbyes\u00bb][vc_gmaps link=\u00bb#E-8_JTNDaWZyYW1lJTIwc3JjJTNEJTIyaHR0cHMlM0ElMkYlMkZ3d3cuZ29vZ2xlLmNvbSUyRm1hcHMlMkZlbWJlZCUzRnBiJTNEJTIxMW0xOCUyMTFtMTIlMjExbTMlMjExZDM3MjQuMzYxNjA2MjIyMTUxJTIxMmQtMTAxLjI1NzM5MTc4NDk2ODE0JTIxM2QyMS4wMTgyMTI0ODYwMDQxOCUyMTJtMyUyMTFmMCUyMTJmMCUyMTNmMCUyMTNtMiUyMTFpMTAyNCUyMTJpNzY4JTIxNGYxMy4xJTIxM20zJTIxMW0yJTIxMXMweDg0MmI3NDA4ZjUwYzEyZjUlMjUzQTB4YjBiMDFiYjE5YzE1ODJmYiUyMTJzTXVzZW8lMkJDYXNhJTJCRGllZ28lMkJSaXZlcmElMjE1ZTAlMjEzbTIlMjExc2VzJTIxMnNteCUyMTR2MTU0MDIzMjg1NDI4NiUyMiUyMHdpZHRoJTNEJTIyNjAwJTIyJTIwaGVpZ2h0JTNEJTIyNDUwJTIyJTIwZnJhbWVib3JkZXIlM0QlMjIwJTIyJTIwc3R5bGUlM0QlMjJib3JkZXIlM0EwJTIyJTIwYWxsb3dmdWxsc2NyZWVuJTNFJTNDJTJGaWZyYW1lJTNF\u00bb][\/vc_column][vc_column width=\u00bb1\/2&#8243;][vc_column_text] Abierto como museo en el a\u00f1o de 1975 se ubica en la que fuera la casa natal del famoso pintor mexicano Diego Rivera. [&hellip;]<\/p>\n","protected":false},"author":5,"featured_media":0,"parent":9,"menu_order":0,"comment_status":"closed","ping_status":"closed","template":"","meta":{"footnotes":""},"class_list":["post-978","page","type-page","status-publish","hentry"],"_links":{"self":[{"href":"https:\/\/cultura.guanajuato.gob.mx\/index.php\/wp-json\/wp\/v2\/pages\/978","targetHints":{"allow":["GET"]}}],"collection":[{"href":"https:\/\/cultura.guanajuato.gob.mx\/index.php\/wp-json\/wp\/v2\/pages"}],"about":[{"href":"https:\/\/cultura.guanajuato.gob.mx\/index.php\/wp-json\/wp\/v2\/types\/page"}],"author":[{"embeddable":true,"href":"https:\/\/cultura.guanajuato.gob.mx\/index.php\/wp-json\/wp\/v2\/users\/5"}],"replies":[{"embeddable":true,"href":"https:\/\/cultura.guanajuato.gob.mx\/index.php\/wp-json\/wp\/v2\/comments?post=978"}],"version-history":[{"count":8,"href":"https:\/\/cultura.guanajuato.gob.mx\/index.php\/wp-json\/wp\/v2\/pages\/978\/revisions"}],"predecessor-version":[{"id":2906,"href":"https:\/\/cultura.guanajuato.gob.mx\/index.php\/wp-json\/wp\/v2\/pages\/978\/revisions\/2906"}],"up":[{"embeddable":true,"href":"https:\/\/cultura.guanajuato.gob.mx\/index.php\/wp-json\/wp\/v2\/pages\/9"}],"wp:attachment":[{"href":"https:\/\/cultura.guanajuato.gob.mx\/index.php\/wp-json\/wp\/v2\/media?parent=978"}],"curies":[{"name":"wp","href":"https:\/\/api.w.org\/{rel}","templated":true}]}}