{"id":980,"date":"2017-01-30T15:52:52","date_gmt":"2017-01-30T15:52:52","guid":{"rendered":"http:\/\/cultura.guanajuato.gob.mx\/?page_id=980"},"modified":"2018-10-22T18:29:38","modified_gmt":"2018-10-22T18:29:38","slug":"museo-casa-de-arte-olga-costa-jose-chavez-morado","status":"publish","type":"page","link":"https:\/\/cultura.guanajuato.gob.mx\/index.php\/museos-del-estado\/museo-casa-de-arte-olga-costa-jose-chavez-morado\/","title":{"rendered":"Museo Casa de Arte Olga Costa-Jos\u00e9 Ch\u00e1vez Morado"},"content":{"rendered":"<div class=\"wpb-content-wrapper\"><p>[vc_row][vc_column width=\u00bb1\/4&#8243;][vc_single_image image=\u00bb1126&#8243; img_size=\u00bbmedium\u00bb add_caption=\u00bbyes\u00bb][vc_gmaps link=\u00bb#E-8_JTNDaWZyYW1lJTIwc3JjJTNEJTIyaHR0cHMlM0ElMkYlMkZ3d3cuZ29vZ2xlLmNvbSUyRm1hcHMlMkZlbWJlZCUzRnBiJTNEJTIxMW0xOCUyMTFtMTIlMjExbTMlMjExZDM3MjQuNTU0MTA1ODI1NjYxJTIxMmQtMTAxLjI0MzIyNDc4NDk2ODI2JTIxM2QyMS4wMTA1MDM2ODYwMDgyMjQlMjEybTMlMjExZjAlMjEyZjAlMjEzZjAlMjEzbTIlMjExaTEwMjQlMjEyaTc2OCUyMTRmMTMuMSUyMTNtMyUyMTFtMiUyMTFzMHg4NDJiNzNmY2EyODA2NjkxJTI1M0EweDNiMTdjM2IxNDcwM2NjNjclMjEyc011c2VvJTJCQ2FzYSUyQk9sZ2ElMkJDb3N0YSUyQi0lMkJKb3MlMjVDMyUyNUE5JTJCQ2glMjVDMyUyNUExdmV6JTJCTW9yYWRvJTIxNWUwJTIxM20yJTIxMXNlcyUyMTJzbXglMjE0djE1NDAyMzI5NTIwOTklMjIlMjB3aWR0aCUzRCUyMjYwMCUyMiUyMGhlaWdodCUzRCUyMjQ1MCUyMiUyMGZyYW1lYm9yZGVyJTNEJTIyMCUyMiUyMHN0eWxlJTNEJTIyYm9yZGVyJTNBMCUyMiUyMGFsbG93ZnVsbHNjcmVlbiUzRSUzQyUyRmlmcmFtZSUzRQ==\u00bb][\/vc_column][vc_column width=\u00bb1\/2&#8243;][vc_column_text]Ubicado en una antigua noria que posteriormente fuera adaptada como casa habitaci\u00f3n de los Maestros Jos\u00e9 Ch\u00e1vez Morado y Olga Costa. Exhibe importantes colecciones adquiridas por el Maestro pertenecientes a los siglos XVI y XVII y XVIII, entre las que pueden admirarse piezas de cer\u00e1mica, bordados, muebles, tapices y objetos de vidrio, as\u00ed como obra pict\u00f3rica de ambos artistas.<\/p>\n<h3><strong>Colecci\u00f3n Permanente<\/strong><\/h3>\n<p><span style=\"color: #00a4dc;\"><strong>Sala permanente<\/strong><\/span><\/p>\n<p>Ubicada en el espacio que sirviera como vivienda a los Maestros exhibe de manera permanente objetos antiguos, tapices, vidrier\u00eda, cer\u00e1mica popular y por supuesto las magn\u00edficas obras pict\u00f3ricas de este sobresaliente matrimonio, que han dejado en su obra y colecci\u00f3n un importante patrimonio para la ciudad de Guanajuato.<\/p>\n<p><span style=\"color: #00a4dc;\"><strong>Sala temporal<\/strong><\/span><\/p>\n<p>De construcci\u00f3n reciente, esta sala ofrece un espl\u00e9ndido espacio para el montaje de exposiciones temporales con importantes acervos programados a lo largo de a\u00f1o.<\/p>\n<p><span style=\"color: #00a4dc;\"><strong>Sala o estancia del Museo<\/strong><\/span><\/p>\n<p>Espacio que sirviera como estancia donde Jos\u00e9 Ch\u00e1vez Morado y Olga Costa, depart\u00edan con sus amigos; actualmente se imparten conferencias, conciertos y actividades de cine club.<\/p>\n<p><span style=\"color: #00a4dc;\"><strong>Jard\u00edn de la Casa<\/strong><\/span><\/p>\n<p>Jard\u00edn dom\u00e9stico que formaba parte important\u00edsima de la casa de los maestros, donde reposan las cenizas de este maravilloso matrimonio en dos enormes macetas que simbolizan la uni\u00f3n de su amor.<\/p>\n<p>&nbsp;<\/p>\n<h3><strong>Direcci\u00f3n:<\/strong><\/h3>\n<p>Pastita No. 158, Torre del Arco, Guanajuato, Gto.<br \/>\nTel. y Fax. 01(473) 7 31 09 77<\/p>\n<p>HORARIOS: Jueves a S\u00e1bado: 9:30 a 17:00 hrs.<br \/>\nDomingos: 9:30 a 16:00 hrs.<\/p>\n<p>ENTRADA: $ 25.00 General \u2013 $10.00 Estudiante con credencial[\/vc_column_text][\/vc_column][vc_column width=\u00bb1\/4&#8243;][vc_wp_custommenu nav_menu=\u00bb2&#8243;][\/vc_column][\/vc_row][vc_row][vc_column width=\u00bb1\/4&#8243;][vc_wp_custommenu title=\u00bbOtros espacios de cultura\u00bb nav_menu=\u00bb4&#8243;][\/vc_column][vc_column width=\u00bb1\/4&#8243;][vc_wp_custommenu title=\u00bbLugares de inter\u00e9s\u00bb nav_menu=\u00bb5&#8243;][\/vc_column][vc_column width=\u00bb1\/4&#8243;][vc_wp_custommenu nav_menu=\u00bb2&#8243;][\/vc_column][vc_column width=\u00bb1\/4&#8243;][\/vc_column][\/vc_row]<\/p>\n<\/div>","protected":false},"excerpt":{"rendered":"<p>[vc_row][vc_column width=\u00bb1\/4&#8243;][vc_single_image image=\u00bb1126&#8243; img_size=\u00bbmedium\u00bb add_caption=\u00bbyes\u00bb][vc_gmaps link=\u00bb#E-8_JTNDaWZyYW1lJTIwc3JjJTNEJTIyaHR0cHMlM0ElMkYlMkZ3d3cuZ29vZ2xlLmNvbSUyRm1hcHMlMkZlbWJlZCUzRnBiJTNEJTIxMW0xOCUyMTFtMTIlMjExbTMlMjExZDM3MjQuNTU0MTA1ODI1NjYxJTIxMmQtMTAxLjI0MzIyNDc4NDk2ODI2JTIxM2QyMS4wMTA1MDM2ODYwMDgyMjQlMjEybTMlMjExZjAlMjEyZjAlMjEzZjAlMjEzbTIlMjExaTEwMjQlMjEyaTc2OCUyMTRmMTMuMSUyMTNtMyUyMTFtMiUyMTFzMHg4NDJiNzNmY2EyODA2NjkxJTI1M0EweDNiMTdjM2IxNDcwM2NjNjclMjEyc011c2VvJTJCQ2FzYSUyQk9sZ2ElMkJDb3N0YSUyQi0lMkJKb3MlMjVDMyUyNUE5JTJCQ2glMjVDMyUyNUExdmV6JTJCTW9yYWRvJTIxNWUwJTIxM20yJTIxMXNlcyUyMTJzbXglMjE0djE1NDAyMzI5NTIwOTklMjIlMjB3aWR0aCUzRCUyMjYwMCUyMiUyMGhlaWdodCUzRCUyMjQ1MCUyMiUyMGZyYW1lYm9yZGVyJTNEJTIyMCUyMiUyMHN0eWxlJTNEJTIyYm9yZGVyJTNBMCUyMiUyMGFsbG93ZnVsbHNjcmVlbiUzRSUzQyUyRmlmcmFtZSUzRQ==\u00bb][\/vc_column][vc_column width=\u00bb1\/2&#8243;][vc_column_text]Ubicado en una antigua noria que posteriormente fuera adaptada como casa habitaci\u00f3n de los Maestros Jos\u00e9 Ch\u00e1vez Morado y Olga Costa. Exhibe importantes colecciones [&hellip;]<\/p>\n","protected":false},"author":5,"featured_media":0,"parent":9,"menu_order":0,"comment_status":"closed","ping_status":"closed","template":"","meta":{"footnotes":""},"class_list":["post-980","page","type-page","status-publish","hentry"],"_links":{"self":[{"href":"https:\/\/cultura.guanajuato.gob.mx\/index.php\/wp-json\/wp\/v2\/pages\/980","targetHints":{"allow":["GET"]}}],"collection":[{"href":"https:\/\/cultura.guanajuato.gob.mx\/index.php\/wp-json\/wp\/v2\/pages"}],"about":[{"href":"https:\/\/cultura.guanajuato.gob.mx\/index.php\/wp-json\/wp\/v2\/types\/page"}],"author":[{"embeddable":true,"href":"https:\/\/cultura.guanajuato.gob.mx\/index.php\/wp-json\/wp\/v2\/users\/5"}],"replies":[{"embeddable":true,"href":"https:\/\/cultura.guanajuato.gob.mx\/index.php\/wp-json\/wp\/v2\/comments?post=980"}],"version-history":[{"count":13,"href":"https:\/\/cultura.guanajuato.gob.mx\/index.php\/wp-json\/wp\/v2\/pages\/980\/revisions"}],"predecessor-version":[{"id":2908,"href":"https:\/\/cultura.guanajuato.gob.mx\/index.php\/wp-json\/wp\/v2\/pages\/980\/revisions\/2908"}],"up":[{"embeddable":true,"href":"https:\/\/cultura.guanajuato.gob.mx\/index.php\/wp-json\/wp\/v2\/pages\/9"}],"wp:attachment":[{"href":"https:\/\/cultura.guanajuato.gob.mx\/index.php\/wp-json\/wp\/v2\/media?parent=980"}],"curies":[{"name":"wp","href":"https:\/\/api.w.org\/{rel}","templated":true}]}}