{"id":9888,"date":"2025-06-27T18:28:48","date_gmt":"2025-06-27T18:28:48","guid":{"rendered":"https:\/\/cultura.guanajuato.gob.mx\/?page_id=9888"},"modified":"2026-03-10T22:18:54","modified_gmt":"2026-03-10T22:18:54","slug":"agendaexposicionesleon","status":"publish","type":"page","link":"https:\/\/cultura.guanajuato.gob.mx\/index.php\/agendaexposicionesleon\/","title":{"rendered":"Agenda Exposiciones Leon"},"content":{"rendered":"<div class=\"wpb-content-wrapper\"><p>[vc_row][vc_column][vc_column_text]&nbsp;<\/p>\n<p style=\"text-align: center;\"><a href=\"https:\/\/cultura.guanajuato.gob.mx\/index.php\/agendadeeventos\/\" rel=\"attachment wp-att-9919\"><img loading=\"lazy\" decoding=\"async\" class=\"alignnone size-full wp-image-9919\" src=\"https:\/\/cultura.guanajuato.gob.mx\/wp-content\/uploads\/2025\/06\/LogoCulturaGto.jpg\" alt=\"\" width=\"350\" height=\"136\" srcset=\"https:\/\/cultura.guanajuato.gob.mx\/wp-content\/uploads\/2025\/06\/LogoCulturaGto.jpg 350w, https:\/\/cultura.guanajuato.gob.mx\/wp-content\/uploads\/2025\/06\/LogoCulturaGto-300x117.jpg 300w\" sizes=\"auto, (max-width: 350px) 100vw, 350px\" \/><\/a><\/p>\n<p>&nbsp;[\/vc_column_text][\/vc_column][\/vc_row][vc_row][vc_column][vc_separator border_width=\u00bb3&#8243; css=\u00bb\u00bb][vc_single_image image=\u00bb12352&#8243; img_size=\u00bbfull\u00bb css=\u00bb\u00bb][\/vc_column][\/vc_row][vc_row content_placement=\u00bbmiddle\u00bb][vc_column width=\u00bb1\/2&#8243;][vc_single_image image=\u00bb12330&#8243; img_size=\u00bbfull\u00bb css=\u00bb\u00bb][\/vc_column][vc_column width=\u00bb1\/2&#8243;][vc_column_text css=\u00bb\u00bb]<\/p>\n<h3 style=\"text-align: center;\"><b>Sala de Cultura Regional <\/b><\/h3>\n<p style=\"text-align: center;\"><span style=\"font-weight: 400;\">La museograf\u00eda de la Sala de Cultura Regional de Guanajuato fue dise\u00f1ada por dos de los muse\u00f3grafos m\u00e1s relevantes de M\u00e9xico: Jorge Agostoni Colombo y Jos\u00e9 Enrique Ort\u00edz Lanz; mientras que en el campo del desarrollo de contenidos se tuvo la participaci\u00f3n de notables instituciones especializadas en tanto en el arte como en la historia de la regi\u00f3n, entre las que se encuentran la Escuela de Miner\u00eda de la Universidad de Guanajuato y la Delegaci\u00f3n INAH Guanajuato, as\u00ed como de connotadas especialistas como la maestra Miriam Kaiser y la doctora Guadalupe Jim\u00e9nez Codinach, entre otros.<\/span><\/p>\n<p style=\"text-align: center;\"><span style=\"font-weight: 400;\">\u00a0<\/span><span style=\"font-weight: 400;\">Esta sala permanente abarca el desarrollo cultural de Guanajuato desde la \u00e9poca precl\u00e1sica con la cultura de Chup\u00edcuaro (<\/span><i><span style=\"font-weight: 400;\">circa<\/span><\/i><span style=\"font-weight: 400;\"> 700 a. C.) hasta el siglo XIX.<\/span><\/p>\n<p style=\"text-align: center;\"><span style=\"font-weight: 400;\">M-V 10:00 &#8211; 17:00\u00a0 S,D 11:00 &#8211; 18:00<br \/>\n<\/span><span style=\"font-weight: 400;\">Costo $45.00 general y $25.00 preferente<\/span><\/p>\n<p>[\/vc_column_text][\/vc_column][\/vc_row][vc_row content_placement=\u00bbmiddle\u00bb][vc_column width=\u00bb1\/2&#8243;][vc_column_text css=\u00bb\u00bb]<\/p>\n<h3 style=\"text-align: center;\"><b>Canon Griego. Una visi\u00f3n del mundo cl\u00e1sico<br \/>\nSenex vitae\/Lo antiguo vive<\/b><\/h3>\n<p style=\"text-align: center;\"><span style=\"font-weight: 400;\">Una parte sustancial del acervo del MAHG es el corpus escult\u00f3rico conocido como El Canon Griego, el cual fue donado por Roberto Plasencia Salda\u00f1a (1940-2017) y Grupo Flexi en 2012. Dicho conjunto est\u00e1 integrado por 32 esculturas que son reproducciones autorizadas de importantes obras griegas y romanas que tienen un objetivo did\u00e1ctico para permitir tanto a estudiantes de artes pl\u00e1sticas como al p\u00fablico en general acercarse a los principios est\u00e9ticos occidentales.<\/span><\/p>\n<p style=\"text-align: center;\"><span style=\"font-weight: 400;\">En la H\u00e9lade, que m\u00e1s que un espacio geogr\u00e1fico se refiere a una unidad cultural, se acu\u00f1aron conceptos como <\/span><i><span style=\"font-weight: 400;\">polys<\/span><\/i><span style=\"font-weight: 400;\"> (ciudades-estado), democracia (el poder del pueblo), filosof\u00eda, por citar algunos. Por su parte, la noci\u00f3n de arte estaba ligada al t\u00e9rmino <\/span><i><span style=\"font-weight: 400;\">tekn\u00e9 <\/span><\/i><span style=\"font-weight: 400;\">(t\u00e9cnica), que hac\u00eda alusi\u00f3n a t\u00e9cnica, a \u00ablo bien hecho\u00bb, a \u00abhecho con las manos\u00bb; una definici\u00f3n bastante amplia que incluye sendos oficios.<\/span><\/p>\n<p style=\"text-align: center;\"><span style=\"font-weight: 400;\">En el caso de las manifestaciones art\u00edsticas, \u00e9stas marcaron una pauta para Occidente. En el campo de la arquitectura surgieron los tres \u00f3rdenes arquitect\u00f3nicos: j\u00f3nico, d\u00f3rico y corintio. La pintura se plasm\u00f3 lo mismo en cer\u00e1mica que en los muros, donde se representaron temas mitol\u00f3gicos y de la vida cotidiana. El teatro con sus g\u00e9neros tragedia, comedia y s\u00e1tira, tuvo una gran importancia al igual que la tradici\u00f3n oral a la vez que en la literatura; donde se mostraban sus preocupaciones ontol\u00f3gicas, una caracter\u00edstica del Mundo Cl\u00e1sico.<\/span><\/p>\n<p style=\"text-align: center;\"><span style=\"font-weight: 400;\">En lo que respecta a la escultura griega, su perfecci\u00f3n estableci\u00f3 el canon o prototipo de la escultura Occidental. En esta expresi\u00f3n los art\u00edfices esculpieron sus ideales de belleza y perfecci\u00f3n con respecto al cuerpo humano, ya sea en barro, m\u00e1rmol o bronce, cada pieza es un testimonio de la libertad del artista, en una b\u00fasqueda de armon\u00eda, naturalismo, movimiento, as\u00ed como del equilibrio, a la vez que las formas lisas y redondeadas. Adem\u00e1s, ha tenido una mayor pervivencia debido a que se conocen copias romanas.<\/span><\/p>\n<p style=\"text-align: center;\"><span style=\"font-weight: 400;\">De este modo, la nueva lectura del Canon favorece un acercamiento a la cultura de la Grecia y Roma de la Antig\u00fcedad Cl\u00e1sica, que sentaron las bases del mundo Occidental, a trav\u00e9s de la construcci\u00f3n de paradigmas que subsisten en la actualidad, o bien, que propiciaron la generaci\u00f3n de conocimiento a lo largo de la historia. La nueva lectura busca una nueva interpretaci\u00f3n, que conjunte lo art\u00edstico con lo mitol\u00f3gico, las letras y la filosof\u00eda, como un acercamiento al pensamiento heleno.<\/span><\/p>\n<p style=\"text-align: center;\"><span style=\"font-weight: 400;\">M-V 10:00 &#8211; 17:00\u00a0 S,D 11:00 &#8211; 18:00<br \/>\n<\/span><span style=\"font-weight: 400;\">MAHG Sala de Esculturas<br \/>\n<\/span><span style=\"font-weight: 400;\">Costo $45.00 general y $25.00 preferente<\/span><\/p>\n<p>[\/vc_column_text][\/vc_column][vc_column width=\u00bb1\/2&#8243;][vc_single_image image=\u00bb12330&#8243; img_size=\u00bbfull\u00bb css=\u00bb\u00bb][\/vc_column][\/vc_row][vc_row][vc_column][vc_column_text css=\u00bb\u00bb]<\/p>\n<h3 style=\"text-align: center;\"><strong>Museo de Arte e Historia de Guanajuato<\/strong><\/h3>\n<p style=\"text-align: center;\">Prolongaci\u00f3n Calzada de los H\u00e9roes No. 308, Colonia La Martinica, Le\u00f3n, Gto.<br \/>\nHorario: viernes de 10:00 a 17:00 horas; s\u00e1bados y domingos de 11:00 a 18:00 horas.<\/p>\n<p style=\"text-align: center;\">Costo de exposiciones temporales de martes a s\u00e1bado $45 y $25<br \/>\nDomingos entrada libre[\/vc_column_text][\/vc_column][\/vc_row]<\/p>\n<\/div>","protected":false},"excerpt":{"rendered":"<p>[vc_row][vc_column][vc_column_text]&nbsp; &nbsp;[\/vc_column_text][\/vc_column][\/vc_row][vc_row][vc_column][vc_separator border_width=\u00bb3&#8243; css=\u00bb\u00bb][vc_single_image image=\u00bb12352&#8243; img_size=\u00bbfull\u00bb css=\u00bb\u00bb][\/vc_column][\/vc_row][vc_row content_placement=\u00bbmiddle\u00bb][vc_column width=\u00bb1\/2&#8243;][vc_single_image image=\u00bb12330&#8243; img_size=\u00bbfull\u00bb css=\u00bb\u00bb][\/vc_column][vc_column width=\u00bb1\/2&#8243;][vc_column_text css=\u00bb\u00bb] Sala de Cultura Regional La museograf\u00eda de la Sala de Cultura Regional de Guanajuato fue dise\u00f1ada [&hellip;]<\/p>\n","protected":false},"author":5,"featured_media":0,"parent":0,"menu_order":0,"comment_status":"closed","ping_status":"closed","template":"","meta":{"footnotes":""},"class_list":["post-9888","page","type-page","status-publish","hentry"],"_links":{"self":[{"href":"https:\/\/cultura.guanajuato.gob.mx\/index.php\/wp-json\/wp\/v2\/pages\/9888","targetHints":{"allow":["GET"]}}],"collection":[{"href":"https:\/\/cultura.guanajuato.gob.mx\/index.php\/wp-json\/wp\/v2\/pages"}],"about":[{"href":"https:\/\/cultura.guanajuato.gob.mx\/index.php\/wp-json\/wp\/v2\/types\/page"}],"author":[{"embeddable":true,"href":"https:\/\/cultura.guanajuato.gob.mx\/index.php\/wp-json\/wp\/v2\/users\/5"}],"replies":[{"embeddable":true,"href":"https:\/\/cultura.guanajuato.gob.mx\/index.php\/wp-json\/wp\/v2\/comments?post=9888"}],"version-history":[{"count":26,"href":"https:\/\/cultura.guanajuato.gob.mx\/index.php\/wp-json\/wp\/v2\/pages\/9888\/revisions"}],"predecessor-version":[{"id":12380,"href":"https:\/\/cultura.guanajuato.gob.mx\/index.php\/wp-json\/wp\/v2\/pages\/9888\/revisions\/12380"}],"wp:attachment":[{"href":"https:\/\/cultura.guanajuato.gob.mx\/index.php\/wp-json\/wp\/v2\/media?parent=9888"}],"curies":[{"name":"wp","href":"https:\/\/api.w.org\/{rel}","templated":true}]}}